{"id":240308,"date":"2023-10-11T11:40:12","date_gmt":"2023-10-11T09:40:12","guid":{"rendered":"https:\/\/www.gmc-moto.ch\/moto-voge-300gy-rally\/"},"modified":"2023-10-13T10:30:48","modified_gmt":"2023-10-13T08:30:48","slug":"moto-voge-300gy-rally","status":"publish","type":"product","link":"https:\/\/www.gmc-moto.ch\/pt-pt\/produto\/moto-voge-300gy-rally\/","title":{"rendered":"Moto Voge 300GY Rally"},"content":{"rendered":"","protected":false},"excerpt":{"rendered":"<p>A VOGE apresenta o 300 Rally, o monocil\u00edndrico com coragem e car\u00e1cter, leve, pr\u00e1tico e muito f\u00e1cil de manusear.<\/p>\n","protected":false},"featured_media":240184,"template":"","meta":{"_acf_changed":false},"product_brand":[],"product_cat":[10029,9800,9798],"product_tag":[],"class_list":{"0":"post-240308","1":"product","2":"type-product","3":"status-publish","4":"has-post-thumbnail","6":"product_cat-motos-voge-pt","7":"product_cat-essais-moto-geneve","8":"product_cat-motos","10":"first","11":"instock","12":"sold-individually","13":"shipping-taxable","14":"purchasable","15":"product-type-simple"},"acf":[],"yoast_head":"<!-- This site is optimized with the Yoast SEO plugin v27.3 - https:\/\/yoast.com\/product\/yoast-seo-wordpress\/ -->\n<title>Moto Voge 300GY Rally - Gen\u00e8ve Moto Center<\/title>\n<meta name=\"description\" content=\"A VOGE apresenta o 300 Rally, o monocil\u00edndrico com coragem e car\u00e1cter, leve, pr\u00e1tico e muito f\u00e1cil de manusear! Venha experimentar...\" \/>\n<meta name=\"robots\" content=\"index, follow, max-snippet:-1, max-image-preview:large, max-video-preview:-1\" \/>\n<link rel=\"canonical\" href=\"https:\/\/www.gmc-moto.ch\/pt-pt\/produto\/moto-voge-300gy-rally\/\" \/>\n<meta property=\"og:locale\" content=\"pt_PT\" \/>\n<meta property=\"og:type\" content=\"article\" \/>\n<meta property=\"og:title\" content=\"Moto Voge 300GY Rally - Gen\u00e8ve Moto Center\" \/>\n<meta property=\"og:description\" content=\"A VOGE apresenta o 300 Rally, o monocil\u00edndrico com coragem e car\u00e1cter, leve, pr\u00e1tico e muito f\u00e1cil de manusear! Venha experimentar...\" \/>\n<meta property=\"og:url\" content=\"https:\/\/www.gmc-moto.ch\/pt-pt\/produto\/moto-voge-300gy-rally\/\" \/>\n<meta property=\"og:site_name\" content=\"Gen\u00e8ve Moto Center\" \/>\n<meta property=\"article:publisher\" content=\"https:\/\/www.facebook.com\/suzukigeneve\/\" \/>\n<meta property=\"article:modified_time\" content=\"2023-10-13T08:30:48+00:00\" \/>\n<meta property=\"og:image\" content=\"https:\/\/www.gmc-moto.ch\/wp-content\/uploads\/2023\/10\/moto-voge-300gy-2.png\" \/>\n\t<meta property=\"og:image:width\" content=\"748\" \/>\n\t<meta property=\"og:image:height\" content=\"500\" \/>\n\t<meta property=\"og:image:type\" content=\"image\/png\" \/>\n<meta name=\"twitter:card\" content=\"summary_large_image\" \/>\n<script type=\"application\/ld+json\" class=\"yoast-schema-graph\">{\"@context\":\"https:\\\/\\\/schema.org\",\"@graph\":[{\"@type\":[\"WebPage\",\"ItemPage\"],\"@id\":\"https:\\\/\\\/www.gmc-moto.ch\\\/pt-pt\\\/produto\\\/moto-voge-300gy-rally\\\/\",\"url\":\"https:\\\/\\\/www.gmc-moto.ch\\\/pt-pt\\\/produto\\\/moto-voge-300gy-rally\\\/\",\"name\":\"Moto Voge 300GY Rally - Gen\u00e8ve Moto Center\",\"isPartOf\":{\"@id\":\"https:\\\/\\\/www.gmc-moto.ch\\\/pt-pt\\\/#website\"},\"primaryImageOfPage\":{\"@id\":\"https:\\\/\\\/www.gmc-moto.ch\\\/pt-pt\\\/produto\\\/moto-voge-300gy-rally\\\/#primaryimage\"},\"image\":{\"@id\":\"https:\\\/\\\/www.gmc-moto.ch\\\/pt-pt\\\/produto\\\/moto-voge-300gy-rally\\\/#primaryimage\"},\"thumbnailUrl\":\"https:\\\/\\\/www.gmc-moto.ch\\\/wp-content\\\/uploads\\\/2023\\\/10\\\/moto-voge-300gy-2.png\",\"datePublished\":\"2023-10-11T09:40:12+00:00\",\"dateModified\":\"2023-10-13T08:30:48+00:00\",\"description\":\"A VOGE apresenta o 300 Rally, o monocil\u00edndrico com coragem e car\u00e1cter, leve, pr\u00e1tico e muito f\u00e1cil de manusear! Venha experimentar...\",\"breadcrumb\":{\"@id\":\"https:\\\/\\\/www.gmc-moto.ch\\\/pt-pt\\\/produto\\\/moto-voge-300gy-rally\\\/#breadcrumb\"},\"inLanguage\":\"pt-PT\",\"potentialAction\":[{\"@type\":\"ReadAction\",\"target\":[\"https:\\\/\\\/www.gmc-moto.ch\\\/pt-pt\\\/produto\\\/moto-voge-300gy-rally\\\/\"]}]},{\"@type\":\"ImageObject\",\"inLanguage\":\"pt-PT\",\"@id\":\"https:\\\/\\\/www.gmc-moto.ch\\\/pt-pt\\\/produto\\\/moto-voge-300gy-rally\\\/#primaryimage\",\"url\":\"https:\\\/\\\/www.gmc-moto.ch\\\/wp-content\\\/uploads\\\/2023\\\/10\\\/moto-voge-300gy-2.png\",\"contentUrl\":\"https:\\\/\\\/www.gmc-moto.ch\\\/wp-content\\\/uploads\\\/2023\\\/10\\\/moto-voge-300gy-2.png\",\"width\":748,\"height\":500,\"caption\":\"Moto Voge 300GY - Gen\u00e8ve Moto Center\"},{\"@type\":\"BreadcrumbList\",\"@id\":\"https:\\\/\\\/www.gmc-moto.ch\\\/pt-pt\\\/produto\\\/moto-voge-300gy-rally\\\/#breadcrumb\",\"itemListElement\":[{\"@type\":\"ListItem\",\"position\":1,\"name\":\"Home\",\"item\":\"https:\\\/\\\/www.gmc-moto.ch\\\/pt-pt\\\/\"},{\"@type\":\"ListItem\",\"position\":2,\"name\":\"Produtos\",\"item\":\"https:\\\/\\\/www.gmc-moto.ch\\\/pt-pt\\\/shop\\\/\"},{\"@type\":\"ListItem\",\"position\":3,\"name\":\"Moto Voge 300GY Rally\"}]},{\"@type\":\"WebSite\",\"@id\":\"https:\\\/\\\/www.gmc-moto.ch\\\/pt-pt\\\/#website\",\"url\":\"https:\\\/\\\/www.gmc-moto.ch\\\/pt-pt\\\/\",\"name\":\"Gen\u00e8ve Moto Center\",\"description\":\"Motos et Scooters neufs - Le plus grand showroom de suisse romande - Venez essayer nos mod\u00e8les - Atelier Motos Scooters - Centre Karcher\",\"publisher\":{\"@id\":\"https:\\\/\\\/www.gmc-moto.ch\\\/pt-pt\\\/#organization\"},\"alternateName\":\"GMC-Moto\",\"potentialAction\":[{\"@type\":\"SearchAction\",\"target\":{\"@type\":\"EntryPoint\",\"urlTemplate\":\"https:\\\/\\\/www.gmc-moto.ch\\\/pt-pt\\\/?s={search_term_string}\"},\"query-input\":{\"@type\":\"PropertyValueSpecification\",\"valueRequired\":true,\"valueName\":\"search_term_string\"}}],\"inLanguage\":\"pt-PT\"},{\"@type\":\"Organization\",\"@id\":\"https:\\\/\\\/www.gmc-moto.ch\\\/pt-pt\\\/#organization\",\"name\":\"Gen\u00e8ve Moto Center SA\",\"alternateName\":\"GMC\",\"url\":\"https:\\\/\\\/www.gmc-moto.ch\\\/pt-pt\\\/\",\"logo\":{\"@type\":\"ImageObject\",\"inLanguage\":\"pt-PT\",\"@id\":\"https:\\\/\\\/www.gmc-moto.ch\\\/pt-pt\\\/#\\\/schema\\\/logo\\\/image\\\/\",\"url\":\"https:\\\/\\\/www.gmc-moto.ch\\\/wp-content\\\/uploads\\\/2020\\\/08\\\/logo-emboss-s.png\",\"contentUrl\":\"https:\\\/\\\/www.gmc-moto.ch\\\/wp-content\\\/uploads\\\/2020\\\/08\\\/logo-emboss-s.png\",\"width\":80,\"height\":80,\"caption\":\"Gen\u00e8ve Moto Center SA\"},\"image\":{\"@id\":\"https:\\\/\\\/www.gmc-moto.ch\\\/pt-pt\\\/#\\\/schema\\\/logo\\\/image\\\/\"},\"sameAs\":[\"https:\\\/\\\/www.facebook.com\\\/suzukigeneve\\\/\",\"https:\\\/\\\/www.instagram.com\\\/genevemotocenter\\\/\"]}]}<\/script>\n<!-- \/ Yoast SEO plugin. -->","yoast_head_json":{"title":"Moto Voge 300GY Rally - Gen\u00e8ve Moto Center","description":"A VOGE apresenta o 300 Rally, o monocil\u00edndrico com coragem e car\u00e1cter, leve, pr\u00e1tico e muito f\u00e1cil de manusear! Venha experimentar...","robots":{"index":"index","follow":"follow","max-snippet":"max-snippet:-1","max-image-preview":"max-image-preview:large","max-video-preview":"max-video-preview:-1"},"canonical":"https:\/\/www.gmc-moto.ch\/pt-pt\/produto\/moto-voge-300gy-rally\/","og_locale":"pt_PT","og_type":"article","og_title":"Moto Voge 300GY Rally - Gen\u00e8ve Moto Center","og_description":"A VOGE apresenta o 300 Rally, o monocil\u00edndrico com coragem e car\u00e1cter, leve, pr\u00e1tico e muito f\u00e1cil de manusear! Venha experimentar...","og_url":"https:\/\/www.gmc-moto.ch\/pt-pt\/produto\/moto-voge-300gy-rally\/","og_site_name":"Gen\u00e8ve Moto Center","article_publisher":"https:\/\/www.facebook.com\/suzukigeneve\/","article_modified_time":"2023-10-13T08:30:48+00:00","og_image":[{"width":748,"height":500,"url":"https:\/\/www.gmc-moto.ch\/wp-content\/uploads\/2023\/10\/moto-voge-300gy-2.png","type":"image\/png"}],"twitter_card":"summary_large_image","schema":{"@context":"https:\/\/schema.org","@graph":[{"@type":["WebPage","ItemPage"],"@id":"https:\/\/www.gmc-moto.ch\/pt-pt\/produto\/moto-voge-300gy-rally\/","url":"https:\/\/www.gmc-moto.ch\/pt-pt\/produto\/moto-voge-300gy-rally\/","name":"Moto Voge 300GY Rally - Gen\u00e8ve Moto Center","isPartOf":{"@id":"https:\/\/www.gmc-moto.ch\/pt-pt\/#website"},"primaryImageOfPage":{"@id":"https:\/\/www.gmc-moto.ch\/pt-pt\/produto\/moto-voge-300gy-rally\/#primaryimage"},"image":{"@id":"https:\/\/www.gmc-moto.ch\/pt-pt\/produto\/moto-voge-300gy-rally\/#primaryimage"},"thumbnailUrl":"https:\/\/www.gmc-moto.ch\/wp-content\/uploads\/2023\/10\/moto-voge-300gy-2.png","datePublished":"2023-10-11T09:40:12+00:00","dateModified":"2023-10-13T08:30:48+00:00","description":"A VOGE apresenta o 300 Rally, o monocil\u00edndrico com coragem e car\u00e1cter, leve, pr\u00e1tico e muito f\u00e1cil de manusear! Venha experimentar...","breadcrumb":{"@id":"https:\/\/www.gmc-moto.ch\/pt-pt\/produto\/moto-voge-300gy-rally\/#breadcrumb"},"inLanguage":"pt-PT","potentialAction":[{"@type":"ReadAction","target":["https:\/\/www.gmc-moto.ch\/pt-pt\/produto\/moto-voge-300gy-rally\/"]}]},{"@type":"ImageObject","inLanguage":"pt-PT","@id":"https:\/\/www.gmc-moto.ch\/pt-pt\/produto\/moto-voge-300gy-rally\/#primaryimage","url":"https:\/\/www.gmc-moto.ch\/wp-content\/uploads\/2023\/10\/moto-voge-300gy-2.png","contentUrl":"https:\/\/www.gmc-moto.ch\/wp-content\/uploads\/2023\/10\/moto-voge-300gy-2.png","width":748,"height":500,"caption":"Moto Voge 300GY - Gen\u00e8ve Moto Center"},{"@type":"BreadcrumbList","@id":"https:\/\/www.gmc-moto.ch\/pt-pt\/produto\/moto-voge-300gy-rally\/#breadcrumb","itemListElement":[{"@type":"ListItem","position":1,"name":"Home","item":"https:\/\/www.gmc-moto.ch\/pt-pt\/"},{"@type":"ListItem","position":2,"name":"Produtos","item":"https:\/\/www.gmc-moto.ch\/pt-pt\/shop\/"},{"@type":"ListItem","position":3,"name":"Moto Voge 300GY Rally"}]},{"@type":"WebSite","@id":"https:\/\/www.gmc-moto.ch\/pt-pt\/#website","url":"https:\/\/www.gmc-moto.ch\/pt-pt\/","name":"Gen\u00e8ve Moto Center","description":"Motos et Scooters neufs - Le plus grand showroom de suisse romande - Venez essayer nos mod\u00e8les - Atelier Motos Scooters - Centre Karcher","publisher":{"@id":"https:\/\/www.gmc-moto.ch\/pt-pt\/#organization"},"alternateName":"GMC-Moto","potentialAction":[{"@type":"SearchAction","target":{"@type":"EntryPoint","urlTemplate":"https:\/\/www.gmc-moto.ch\/pt-pt\/?s={search_term_string}"},"query-input":{"@type":"PropertyValueSpecification","valueRequired":true,"valueName":"search_term_string"}}],"inLanguage":"pt-PT"},{"@type":"Organization","@id":"https:\/\/www.gmc-moto.ch\/pt-pt\/#organization","name":"Gen\u00e8ve Moto Center SA","alternateName":"GMC","url":"https:\/\/www.gmc-moto.ch\/pt-pt\/","logo":{"@type":"ImageObject","inLanguage":"pt-PT","@id":"https:\/\/www.gmc-moto.ch\/pt-pt\/#\/schema\/logo\/image\/","url":"https:\/\/www.gmc-moto.ch\/wp-content\/uploads\/2020\/08\/logo-emboss-s.png","contentUrl":"https:\/\/www.gmc-moto.ch\/wp-content\/uploads\/2020\/08\/logo-emboss-s.png","width":80,"height":80,"caption":"Gen\u00e8ve Moto Center SA"},"image":{"@id":"https:\/\/www.gmc-moto.ch\/pt-pt\/#\/schema\/logo\/image\/"},"sameAs":["https:\/\/www.facebook.com\/suzukigeneve\/","https:\/\/www.instagram.com\/genevemotocenter\/"]}]}},"_links":{"self":[{"href":"https:\/\/www.gmc-moto.ch\/pt-pt\/wp-json\/wp\/v2\/product\/240308","targetHints":{"allow":["GET"]}}],"collection":[{"href":"https:\/\/www.gmc-moto.ch\/pt-pt\/wp-json\/wp\/v2\/product"}],"about":[{"href":"https:\/\/www.gmc-moto.ch\/pt-pt\/wp-json\/wp\/v2\/types\/product"}],"wp:featuredmedia":[{"embeddable":true,"href":"https:\/\/www.gmc-moto.ch\/pt-pt\/wp-json\/wp\/v2\/media\/240184"}],"wp:attachment":[{"href":"https:\/\/www.gmc-moto.ch\/pt-pt\/wp-json\/wp\/v2\/media?parent=240308"}],"wp:term":[{"taxonomy":"product_brand","embeddable":true,"href":"https:\/\/www.gmc-moto.ch\/pt-pt\/wp-json\/wp\/v2\/product_brand?post=240308"},{"taxonomy":"product_cat","embeddable":true,"href":"https:\/\/www.gmc-moto.ch\/pt-pt\/wp-json\/wp\/v2\/product_cat?post=240308"},{"taxonomy":"product_tag","embeddable":true,"href":"https:\/\/www.gmc-moto.ch\/pt-pt\/wp-json\/wp\/v2\/product_tag?post=240308"}],"curies":[{"name":"wp","href":"https:\/\/api.w.org\/{rel}","templated":true}]}}