{"id":239264,"date":"2022-01-13T12:43:51","date_gmt":"2022-01-13T11:43:51","guid":{"rendered":"https:\/\/www.gmc-moto.ch\/suzuki-gsxs-1000-nardo-sport-gray\/"},"modified":"2023-05-08T14:02:48","modified_gmt":"2023-05-08T12:02:48","slug":"suzuki-gsxs-1000-nardo-sport-gray","status":"publish","type":"product","link":"https:\/\/www.gmc-moto.ch\/pt-pt\/produto\/suzuki-gsxs-1000-nardo-sport-gray\/","title":{"rendered":"Suzuki GSXS 1000 Nardo Sport Grey"},"content":{"rendered":"","protected":false},"excerpt":{"rendered":"<p>R\u00e9plica do Campe\u00e3o Mundial de Endurance. Este novo modelo confirma o seu estatuto de streetfighter e tamb\u00e9m a sua raz\u00e3o de ser: oferecer o prazer das sensa\u00e7\u00f5es desportivas a cada sa\u00edda gra\u00e7as a uma performance radical, uma condu\u00e7\u00e3o intuitiva e segura, um conforto otimizado e um visual agressivo. <\/p>\n<ul>\n<li>Indicador Lighttech<\/li>\n<li>Tampa do assento<\/li>\n<li>Suporte de placa curta<\/li>\n<li>Kit de design<\/li>\n<li>Tela<\/li>\n<p> < li>Escape<\/li>\n<\/ul>\n","protected":false},"featured_media":239273,"template":"","meta":{"_acf_changed":false},"product_brand":[],"product_cat":[9798,9799,9937],"product_tag":[],"class_list":{"0":"post-239264","1":"product","2":"type-product","3":"status-publish","4":"has-post-thumbnail","6":"product_cat-motos","7":"product_cat-suzuki-moto","8":"product_cat-nos-realisations","10":"first","11":"instock","12":"sold-individually","13":"shipping-taxable","14":"purchasable","15":"product-type-simple"},"acf":[],"yoast_head":"<!-- This site is optimized with the Yoast SEO plugin v27.4 - https:\/\/yoast.com\/product\/yoast-seo-wordpress\/ -->\n<title>Suzuki GSXS 1000 Nardo Sport Gray - Gen\u00e8ve Moto Center<\/title>\n<meta name=\"description\" content=\"Novo modelo confirma o seu estatuto de streetfighter, com o objetivo de oferecer o prazer das sensa\u00e7\u00f5es desportivas a cada sa\u00edda... Venha experimentar!\" \/>\n<meta name=\"robots\" content=\"index, follow, max-snippet:-1, max-image-preview:large, max-video-preview:-1\" \/>\n<link rel=\"canonical\" href=\"https:\/\/www.gmc-moto.ch\/pt-pt\/produto\/suzuki-gsxs-1000-nardo-sport-gray\/\" \/>\n<meta property=\"og:locale\" content=\"pt_PT\" \/>\n<meta property=\"og:type\" content=\"article\" \/>\n<meta property=\"og:title\" content=\"Suzuki GSXS 1000 Nardo Sport Gray - Gen\u00e8ve Moto Center\" \/>\n<meta property=\"og:description\" content=\"Novo modelo confirma o seu estatuto de streetfighter, com o objetivo de oferecer o prazer das sensa\u00e7\u00f5es desportivas a cada sa\u00edda... Venha experimentar!\" \/>\n<meta property=\"og:url\" content=\"https:\/\/www.gmc-moto.ch\/pt-pt\/produto\/suzuki-gsxs-1000-nardo-sport-gray\/\" \/>\n<meta property=\"og:site_name\" content=\"Gen\u00e8ve Moto Center\" \/>\n<meta property=\"article:publisher\" content=\"https:\/\/www.facebook.com\/suzukigeneve\/\" \/>\n<meta property=\"article:modified_time\" content=\"2023-05-08T12:02:48+00:00\" \/>\n<meta property=\"og:image\" content=\"https:\/\/www.gmc-moto.ch\/wp-content\/uploads\/2023\/04\/suzuki-gsxs-1000-nardo-sport-gray.png\" \/>\n\t<meta property=\"og:image:width\" content=\"750\" \/>\n\t<meta property=\"og:image:height\" content=\"500\" \/>\n\t<meta property=\"og:image:type\" content=\"image\/png\" \/>\n<meta name=\"twitter:card\" content=\"summary_large_image\" \/>\n<script type=\"application\/ld+json\" class=\"yoast-schema-graph\">{\"@context\":\"https:\\\/\\\/schema.org\",\"@graph\":[{\"@type\":[\"WebPage\",\"ItemPage\"],\"@id\":\"https:\\\/\\\/www.gmc-moto.ch\\\/pt-pt\\\/produto\\\/suzuki-gsxs-1000-nardo-sport-gray\\\/\",\"url\":\"https:\\\/\\\/www.gmc-moto.ch\\\/pt-pt\\\/produto\\\/suzuki-gsxs-1000-nardo-sport-gray\\\/\",\"name\":\"Suzuki GSXS 1000 Nardo Sport Gray - Gen\u00e8ve Moto Center\",\"isPartOf\":{\"@id\":\"https:\\\/\\\/www.gmc-moto.ch\\\/pt-pt\\\/#website\"},\"primaryImageOfPage\":{\"@id\":\"https:\\\/\\\/www.gmc-moto.ch\\\/pt-pt\\\/produto\\\/suzuki-gsxs-1000-nardo-sport-gray\\\/#primaryimage\"},\"image\":{\"@id\":\"https:\\\/\\\/www.gmc-moto.ch\\\/pt-pt\\\/produto\\\/suzuki-gsxs-1000-nardo-sport-gray\\\/#primaryimage\"},\"thumbnailUrl\":\"https:\\\/\\\/www.gmc-moto.ch\\\/wp-content\\\/uploads\\\/2023\\\/04\\\/suzuki-gsxs-1000-nardo-sport-gray.png\",\"datePublished\":\"2022-01-13T11:43:51+00:00\",\"dateModified\":\"2023-05-08T12:02:48+00:00\",\"description\":\"Novo modelo confirma o seu estatuto de streetfighter, com o objetivo de oferecer o prazer das sensa\u00e7\u00f5es desportivas a cada sa\u00edda... Venha experimentar!\",\"breadcrumb\":{\"@id\":\"https:\\\/\\\/www.gmc-moto.ch\\\/pt-pt\\\/produto\\\/suzuki-gsxs-1000-nardo-sport-gray\\\/#breadcrumb\"},\"inLanguage\":\"pt-PT\",\"potentialAction\":[{\"@type\":\"ReadAction\",\"target\":[\"https:\\\/\\\/www.gmc-moto.ch\\\/pt-pt\\\/produto\\\/suzuki-gsxs-1000-nardo-sport-gray\\\/\"]}]},{\"@type\":\"ImageObject\",\"inLanguage\":\"pt-PT\",\"@id\":\"https:\\\/\\\/www.gmc-moto.ch\\\/pt-pt\\\/produto\\\/suzuki-gsxs-1000-nardo-sport-gray\\\/#primaryimage\",\"url\":\"https:\\\/\\\/www.gmc-moto.ch\\\/wp-content\\\/uploads\\\/2023\\\/04\\\/suzuki-gsxs-1000-nardo-sport-gray.png\",\"contentUrl\":\"https:\\\/\\\/www.gmc-moto.ch\\\/wp-content\\\/uploads\\\/2023\\\/04\\\/suzuki-gsxs-1000-nardo-sport-gray.png\",\"width\":750,\"height\":500},{\"@type\":\"BreadcrumbList\",\"@id\":\"https:\\\/\\\/www.gmc-moto.ch\\\/pt-pt\\\/produto\\\/suzuki-gsxs-1000-nardo-sport-gray\\\/#breadcrumb\",\"itemListElement\":[{\"@type\":\"ListItem\",\"position\":1,\"name\":\"Home\",\"item\":\"https:\\\/\\\/www.gmc-moto.ch\\\/pt-pt\\\/\"},{\"@type\":\"ListItem\",\"position\":2,\"name\":\"Produtos\",\"item\":\"https:\\\/\\\/www.gmc-moto.ch\\\/pt-pt\\\/shop\\\/\"},{\"@type\":\"ListItem\",\"position\":3,\"name\":\"Suzuki GSXS 1000 Nardo Sport Grey\"}]},{\"@type\":\"WebSite\",\"@id\":\"https:\\\/\\\/www.gmc-moto.ch\\\/pt-pt\\\/#website\",\"url\":\"https:\\\/\\\/www.gmc-moto.ch\\\/pt-pt\\\/\",\"name\":\"Gen\u00e8ve Moto Center\",\"description\":\"Motos et Scooters neufs - Le plus grand showroom de suisse romande - Venez essayer nos mod\u00e8les - Atelier Motos Scooters - Centre Karcher\",\"publisher\":{\"@id\":\"https:\\\/\\\/www.gmc-moto.ch\\\/pt-pt\\\/#organization\"},\"alternateName\":\"GMC-Moto\",\"potentialAction\":[{\"@type\":\"SearchAction\",\"target\":{\"@type\":\"EntryPoint\",\"urlTemplate\":\"https:\\\/\\\/www.gmc-moto.ch\\\/pt-pt\\\/?s={search_term_string}\"},\"query-input\":{\"@type\":\"PropertyValueSpecification\",\"valueRequired\":true,\"valueName\":\"search_term_string\"}}],\"inLanguage\":\"pt-PT\"},{\"@type\":\"Organization\",\"@id\":\"https:\\\/\\\/www.gmc-moto.ch\\\/pt-pt\\\/#organization\",\"name\":\"Gen\u00e8ve Moto Center SA\",\"alternateName\":\"GMC\",\"url\":\"https:\\\/\\\/www.gmc-moto.ch\\\/pt-pt\\\/\",\"logo\":{\"@type\":\"ImageObject\",\"inLanguage\":\"pt-PT\",\"@id\":\"https:\\\/\\\/www.gmc-moto.ch\\\/pt-pt\\\/#\\\/schema\\\/logo\\\/image\\\/\",\"url\":\"https:\\\/\\\/www.gmc-moto.ch\\\/wp-content\\\/uploads\\\/2020\\\/08\\\/logo-emboss-s.png\",\"contentUrl\":\"https:\\\/\\\/www.gmc-moto.ch\\\/wp-content\\\/uploads\\\/2020\\\/08\\\/logo-emboss-s.png\",\"width\":80,\"height\":80,\"caption\":\"Gen\u00e8ve Moto Center SA\"},\"image\":{\"@id\":\"https:\\\/\\\/www.gmc-moto.ch\\\/pt-pt\\\/#\\\/schema\\\/logo\\\/image\\\/\"},\"sameAs\":[\"https:\\\/\\\/www.facebook.com\\\/suzukigeneve\\\/\",\"https:\\\/\\\/www.instagram.com\\\/genevemotocenter\\\/\"]}]}<\/script>\n<!-- \/ Yoast SEO plugin. -->","yoast_head_json":{"title":"Suzuki GSXS 1000 Nardo Sport Gray - Gen\u00e8ve Moto Center","description":"Novo modelo confirma o seu estatuto de streetfighter, com o objetivo de oferecer o prazer das sensa\u00e7\u00f5es desportivas a cada sa\u00edda... Venha experimentar!","robots":{"index":"index","follow":"follow","max-snippet":"max-snippet:-1","max-image-preview":"max-image-preview:large","max-video-preview":"max-video-preview:-1"},"canonical":"https:\/\/www.gmc-moto.ch\/pt-pt\/produto\/suzuki-gsxs-1000-nardo-sport-gray\/","og_locale":"pt_PT","og_type":"article","og_title":"Suzuki GSXS 1000 Nardo Sport Gray - Gen\u00e8ve Moto Center","og_description":"Novo modelo confirma o seu estatuto de streetfighter, com o objetivo de oferecer o prazer das sensa\u00e7\u00f5es desportivas a cada sa\u00edda... Venha experimentar!","og_url":"https:\/\/www.gmc-moto.ch\/pt-pt\/produto\/suzuki-gsxs-1000-nardo-sport-gray\/","og_site_name":"Gen\u00e8ve Moto Center","article_publisher":"https:\/\/www.facebook.com\/suzukigeneve\/","article_modified_time":"2023-05-08T12:02:48+00:00","og_image":[{"width":750,"height":500,"url":"https:\/\/www.gmc-moto.ch\/wp-content\/uploads\/2023\/04\/suzuki-gsxs-1000-nardo-sport-gray.png","type":"image\/png"}],"twitter_card":"summary_large_image","schema":{"@context":"https:\/\/schema.org","@graph":[{"@type":["WebPage","ItemPage"],"@id":"https:\/\/www.gmc-moto.ch\/pt-pt\/produto\/suzuki-gsxs-1000-nardo-sport-gray\/","url":"https:\/\/www.gmc-moto.ch\/pt-pt\/produto\/suzuki-gsxs-1000-nardo-sport-gray\/","name":"Suzuki GSXS 1000 Nardo Sport Gray - Gen\u00e8ve Moto Center","isPartOf":{"@id":"https:\/\/www.gmc-moto.ch\/pt-pt\/#website"},"primaryImageOfPage":{"@id":"https:\/\/www.gmc-moto.ch\/pt-pt\/produto\/suzuki-gsxs-1000-nardo-sport-gray\/#primaryimage"},"image":{"@id":"https:\/\/www.gmc-moto.ch\/pt-pt\/produto\/suzuki-gsxs-1000-nardo-sport-gray\/#primaryimage"},"thumbnailUrl":"https:\/\/www.gmc-moto.ch\/wp-content\/uploads\/2023\/04\/suzuki-gsxs-1000-nardo-sport-gray.png","datePublished":"2022-01-13T11:43:51+00:00","dateModified":"2023-05-08T12:02:48+00:00","description":"Novo modelo confirma o seu estatuto de streetfighter, com o objetivo de oferecer o prazer das sensa\u00e7\u00f5es desportivas a cada sa\u00edda... Venha experimentar!","breadcrumb":{"@id":"https:\/\/www.gmc-moto.ch\/pt-pt\/produto\/suzuki-gsxs-1000-nardo-sport-gray\/#breadcrumb"},"inLanguage":"pt-PT","potentialAction":[{"@type":"ReadAction","target":["https:\/\/www.gmc-moto.ch\/pt-pt\/produto\/suzuki-gsxs-1000-nardo-sport-gray\/"]}]},{"@type":"ImageObject","inLanguage":"pt-PT","@id":"https:\/\/www.gmc-moto.ch\/pt-pt\/produto\/suzuki-gsxs-1000-nardo-sport-gray\/#primaryimage","url":"https:\/\/www.gmc-moto.ch\/wp-content\/uploads\/2023\/04\/suzuki-gsxs-1000-nardo-sport-gray.png","contentUrl":"https:\/\/www.gmc-moto.ch\/wp-content\/uploads\/2023\/04\/suzuki-gsxs-1000-nardo-sport-gray.png","width":750,"height":500},{"@type":"BreadcrumbList","@id":"https:\/\/www.gmc-moto.ch\/pt-pt\/produto\/suzuki-gsxs-1000-nardo-sport-gray\/#breadcrumb","itemListElement":[{"@type":"ListItem","position":1,"name":"Home","item":"https:\/\/www.gmc-moto.ch\/pt-pt\/"},{"@type":"ListItem","position":2,"name":"Produtos","item":"https:\/\/www.gmc-moto.ch\/pt-pt\/shop\/"},{"@type":"ListItem","position":3,"name":"Suzuki GSXS 1000 Nardo Sport Grey"}]},{"@type":"WebSite","@id":"https:\/\/www.gmc-moto.ch\/pt-pt\/#website","url":"https:\/\/www.gmc-moto.ch\/pt-pt\/","name":"Gen\u00e8ve Moto Center","description":"Motos et Scooters neufs - Le plus grand showroom de suisse romande - Venez essayer nos mod\u00e8les - Atelier Motos Scooters - Centre Karcher","publisher":{"@id":"https:\/\/www.gmc-moto.ch\/pt-pt\/#organization"},"alternateName":"GMC-Moto","potentialAction":[{"@type":"SearchAction","target":{"@type":"EntryPoint","urlTemplate":"https:\/\/www.gmc-moto.ch\/pt-pt\/?s={search_term_string}"},"query-input":{"@type":"PropertyValueSpecification","valueRequired":true,"valueName":"search_term_string"}}],"inLanguage":"pt-PT"},{"@type":"Organization","@id":"https:\/\/www.gmc-moto.ch\/pt-pt\/#organization","name":"Gen\u00e8ve Moto Center SA","alternateName":"GMC","url":"https:\/\/www.gmc-moto.ch\/pt-pt\/","logo":{"@type":"ImageObject","inLanguage":"pt-PT","@id":"https:\/\/www.gmc-moto.ch\/pt-pt\/#\/schema\/logo\/image\/","url":"https:\/\/www.gmc-moto.ch\/wp-content\/uploads\/2020\/08\/logo-emboss-s.png","contentUrl":"https:\/\/www.gmc-moto.ch\/wp-content\/uploads\/2020\/08\/logo-emboss-s.png","width":80,"height":80,"caption":"Gen\u00e8ve Moto Center SA"},"image":{"@id":"https:\/\/www.gmc-moto.ch\/pt-pt\/#\/schema\/logo\/image\/"},"sameAs":["https:\/\/www.facebook.com\/suzukigeneve\/","https:\/\/www.instagram.com\/genevemotocenter\/"]}]}},"_links":{"self":[{"href":"https:\/\/www.gmc-moto.ch\/pt-pt\/wp-json\/wp\/v2\/product\/239264","targetHints":{"allow":["GET"]}}],"collection":[{"href":"https:\/\/www.gmc-moto.ch\/pt-pt\/wp-json\/wp\/v2\/product"}],"about":[{"href":"https:\/\/www.gmc-moto.ch\/pt-pt\/wp-json\/wp\/v2\/types\/product"}],"wp:featuredmedia":[{"embeddable":true,"href":"https:\/\/www.gmc-moto.ch\/pt-pt\/wp-json\/wp\/v2\/media\/239273"}],"wp:attachment":[{"href":"https:\/\/www.gmc-moto.ch\/pt-pt\/wp-json\/wp\/v2\/media?parent=239264"}],"wp:term":[{"taxonomy":"product_brand","embeddable":true,"href":"https:\/\/www.gmc-moto.ch\/pt-pt\/wp-json\/wp\/v2\/product_brand?post=239264"},{"taxonomy":"product_cat","embeddable":true,"href":"https:\/\/www.gmc-moto.ch\/pt-pt\/wp-json\/wp\/v2\/product_cat?post=239264"},{"taxonomy":"product_tag","embeddable":true,"href":"https:\/\/www.gmc-moto.ch\/pt-pt\/wp-json\/wp\/v2\/product_tag?post=239264"}],"curies":[{"name":"wp","href":"https:\/\/api.w.org\/{rel}","templated":true}]}}