{"id":239168,"date":"2021-11-15T11:55:04","date_gmt":"2021-11-15T10:55:04","guid":{"rendered":"https:\/\/www.gmc-moto.ch\/suzuki-gsx-s950-gp\/"},"modified":"2023-05-08T14:02:20","modified_gmt":"2023-05-08T12:02:20","slug":"suzuki-gsx-s950-gp","status":"publish","type":"product","link":"https:\/\/www.gmc-moto.ch\/pt-pt\/produto\/suzuki-gsx-s950-gp\/","title":{"rendered":"Suzuki GSX S950 GP"},"content":{"rendered":"","protected":false},"excerpt":{"rendered":"<p>Exclusivamente no Genebra Moto Center &#8211; Euro5. Inclu\u00eddo no pre\u00e7o de venda, kit gr\u00e1fico de r\u00e9plica Moto GP, mini indicadores LED, suporte de placa curta, carenagem de assento \u00fanico, espelho de extremidade da barra Rizoma (homologado), tela de mini veloc\u00edmetro, rolo de prote\u00e7\u00e3o.<\/p>\n","protected":false},"featured_media":239175,"template":"","meta":{"_acf_changed":false},"product_brand":[],"product_cat":[9798,9799,9937],"product_tag":[],"class_list":{"0":"post-239168","1":"product","2":"type-product","3":"status-publish","4":"has-post-thumbnail","6":"product_cat-motos","7":"product_cat-suzuki-moto","8":"product_cat-nos-realisations","10":"first","11":"instock","12":"sold-individually","13":"shipping-taxable","14":"purchasable","15":"product-type-simple"},"acf":[],"yoast_head":"<!-- This site is optimized with the Yoast SEO plugin v27.4 - https:\/\/yoast.com\/product\/yoast-seo-wordpress\/ -->\n<title>Moto Suzuki GSX S950 2021 - Gen\u00e8ve Moto Center<\/title>\n<meta name=\"description\" content=\"70 ve\u00edculos dispon\u00edveis este ano para toda a Su\u00ed\u00e7a!!! Encomende com anteced\u00eancia para estar entre os sortudos! Venha experimentar...\" \/>\n<meta name=\"robots\" content=\"index, follow, max-snippet:-1, max-image-preview:large, max-video-preview:-1\" \/>\n<link rel=\"canonical\" href=\"https:\/\/www.gmc-moto.ch\/pt-pt\/produto\/suzuki-gsx-s950-gp\/\" \/>\n<meta property=\"og:locale\" content=\"pt_PT\" \/>\n<meta property=\"og:type\" content=\"article\" \/>\n<meta property=\"og:title\" content=\"Moto Suzuki GSX S950 2021 - Gen\u00e8ve Moto Center\" \/>\n<meta property=\"og:description\" content=\"70 ve\u00edculos dispon\u00edveis este ano para toda a Su\u00ed\u00e7a!!! Encomende com anteced\u00eancia para estar entre os sortudos! Venha experimentar...\" \/>\n<meta property=\"og:url\" content=\"https:\/\/www.gmc-moto.ch\/pt-pt\/produto\/suzuki-gsx-s950-gp\/\" \/>\n<meta property=\"og:site_name\" content=\"Gen\u00e8ve Moto Center\" \/>\n<meta property=\"article:publisher\" content=\"https:\/\/www.facebook.com\/suzukigeneve\/\" \/>\n<meta property=\"article:modified_time\" content=\"2023-05-08T12:02:20+00:00\" \/>\n<meta property=\"og:image\" content=\"https:\/\/www.gmc-moto.ch\/wp-content\/uploads\/2023\/04\/suzuki-gsx-s950-gp.png\" \/>\n\t<meta property=\"og:image:width\" content=\"750\" \/>\n\t<meta property=\"og:image:height\" content=\"500\" \/>\n\t<meta property=\"og:image:type\" content=\"image\/png\" \/>\n<meta name=\"twitter:card\" content=\"summary_large_image\" \/>\n<script type=\"application\/ld+json\" class=\"yoast-schema-graph\">{\"@context\":\"https:\\\/\\\/schema.org\",\"@graph\":[{\"@type\":[\"WebPage\",\"ItemPage\"],\"@id\":\"https:\\\/\\\/www.gmc-moto.ch\\\/pt-pt\\\/produto\\\/suzuki-gsx-s950-gp\\\/\",\"url\":\"https:\\\/\\\/www.gmc-moto.ch\\\/pt-pt\\\/produto\\\/suzuki-gsx-s950-gp\\\/\",\"name\":\"Moto Suzuki GSX S950 2021 - Gen\u00e8ve Moto Center\",\"isPartOf\":{\"@id\":\"https:\\\/\\\/www.gmc-moto.ch\\\/pt-pt\\\/#website\"},\"primaryImageOfPage\":{\"@id\":\"https:\\\/\\\/www.gmc-moto.ch\\\/pt-pt\\\/produto\\\/suzuki-gsx-s950-gp\\\/#primaryimage\"},\"image\":{\"@id\":\"https:\\\/\\\/www.gmc-moto.ch\\\/pt-pt\\\/produto\\\/suzuki-gsx-s950-gp\\\/#primaryimage\"},\"thumbnailUrl\":\"https:\\\/\\\/www.gmc-moto.ch\\\/wp-content\\\/uploads\\\/2023\\\/04\\\/suzuki-gsx-s950-gp.png\",\"datePublished\":\"2021-11-15T10:55:04+00:00\",\"dateModified\":\"2023-05-08T12:02:20+00:00\",\"description\":\"70 ve\u00edculos dispon\u00edveis este ano para toda a Su\u00ed\u00e7a!!! Encomende com anteced\u00eancia para estar entre os sortudos! Venha experimentar...\",\"breadcrumb\":{\"@id\":\"https:\\\/\\\/www.gmc-moto.ch\\\/pt-pt\\\/produto\\\/suzuki-gsx-s950-gp\\\/#breadcrumb\"},\"inLanguage\":\"pt-PT\",\"potentialAction\":[{\"@type\":\"ReadAction\",\"target\":[\"https:\\\/\\\/www.gmc-moto.ch\\\/pt-pt\\\/produto\\\/suzuki-gsx-s950-gp\\\/\"]}]},{\"@type\":\"ImageObject\",\"inLanguage\":\"pt-PT\",\"@id\":\"https:\\\/\\\/www.gmc-moto.ch\\\/pt-pt\\\/produto\\\/suzuki-gsx-s950-gp\\\/#primaryimage\",\"url\":\"https:\\\/\\\/www.gmc-moto.ch\\\/wp-content\\\/uploads\\\/2023\\\/04\\\/suzuki-gsx-s950-gp.png\",\"contentUrl\":\"https:\\\/\\\/www.gmc-moto.ch\\\/wp-content\\\/uploads\\\/2023\\\/04\\\/suzuki-gsx-s950-gp.png\",\"width\":750,\"height\":500},{\"@type\":\"BreadcrumbList\",\"@id\":\"https:\\\/\\\/www.gmc-moto.ch\\\/pt-pt\\\/produto\\\/suzuki-gsx-s950-gp\\\/#breadcrumb\",\"itemListElement\":[{\"@type\":\"ListItem\",\"position\":1,\"name\":\"Home\",\"item\":\"https:\\\/\\\/www.gmc-moto.ch\\\/pt-pt\\\/\"},{\"@type\":\"ListItem\",\"position\":2,\"name\":\"Produtos\",\"item\":\"https:\\\/\\\/www.gmc-moto.ch\\\/pt-pt\\\/shop\\\/\"},{\"@type\":\"ListItem\",\"position\":3,\"name\":\"Suzuki GSX S950 GP\"}]},{\"@type\":\"WebSite\",\"@id\":\"https:\\\/\\\/www.gmc-moto.ch\\\/pt-pt\\\/#website\",\"url\":\"https:\\\/\\\/www.gmc-moto.ch\\\/pt-pt\\\/\",\"name\":\"Gen\u00e8ve Moto Center\",\"description\":\"Motos et Scooters neufs - Le plus grand showroom de suisse romande - Venez essayer nos mod\u00e8les - Atelier Motos Scooters - Centre Karcher\",\"publisher\":{\"@id\":\"https:\\\/\\\/www.gmc-moto.ch\\\/pt-pt\\\/#organization\"},\"alternateName\":\"GMC-Moto\",\"potentialAction\":[{\"@type\":\"SearchAction\",\"target\":{\"@type\":\"EntryPoint\",\"urlTemplate\":\"https:\\\/\\\/www.gmc-moto.ch\\\/pt-pt\\\/?s={search_term_string}\"},\"query-input\":{\"@type\":\"PropertyValueSpecification\",\"valueRequired\":true,\"valueName\":\"search_term_string\"}}],\"inLanguage\":\"pt-PT\"},{\"@type\":\"Organization\",\"@id\":\"https:\\\/\\\/www.gmc-moto.ch\\\/pt-pt\\\/#organization\",\"name\":\"Gen\u00e8ve Moto Center SA\",\"alternateName\":\"GMC\",\"url\":\"https:\\\/\\\/www.gmc-moto.ch\\\/pt-pt\\\/\",\"logo\":{\"@type\":\"ImageObject\",\"inLanguage\":\"pt-PT\",\"@id\":\"https:\\\/\\\/www.gmc-moto.ch\\\/pt-pt\\\/#\\\/schema\\\/logo\\\/image\\\/\",\"url\":\"https:\\\/\\\/www.gmc-moto.ch\\\/wp-content\\\/uploads\\\/2020\\\/08\\\/logo-emboss-s.png\",\"contentUrl\":\"https:\\\/\\\/www.gmc-moto.ch\\\/wp-content\\\/uploads\\\/2020\\\/08\\\/logo-emboss-s.png\",\"width\":80,\"height\":80,\"caption\":\"Gen\u00e8ve Moto Center SA\"},\"image\":{\"@id\":\"https:\\\/\\\/www.gmc-moto.ch\\\/pt-pt\\\/#\\\/schema\\\/logo\\\/image\\\/\"},\"sameAs\":[\"https:\\\/\\\/www.facebook.com\\\/suzukigeneve\\\/\",\"https:\\\/\\\/www.instagram.com\\\/genevemotocenter\\\/\"]}]}<\/script>\n<!-- \/ Yoast SEO plugin. -->","yoast_head_json":{"title":"Moto Suzuki GSX S950 2021 - Gen\u00e8ve Moto Center","description":"70 ve\u00edculos dispon\u00edveis este ano para toda a Su\u00ed\u00e7a!!! Encomende com anteced\u00eancia para estar entre os sortudos! Venha experimentar...","robots":{"index":"index","follow":"follow","max-snippet":"max-snippet:-1","max-image-preview":"max-image-preview:large","max-video-preview":"max-video-preview:-1"},"canonical":"https:\/\/www.gmc-moto.ch\/pt-pt\/produto\/suzuki-gsx-s950-gp\/","og_locale":"pt_PT","og_type":"article","og_title":"Moto Suzuki GSX S950 2021 - Gen\u00e8ve Moto Center","og_description":"70 ve\u00edculos dispon\u00edveis este ano para toda a Su\u00ed\u00e7a!!! Encomende com anteced\u00eancia para estar entre os sortudos! Venha experimentar...","og_url":"https:\/\/www.gmc-moto.ch\/pt-pt\/produto\/suzuki-gsx-s950-gp\/","og_site_name":"Gen\u00e8ve Moto Center","article_publisher":"https:\/\/www.facebook.com\/suzukigeneve\/","article_modified_time":"2023-05-08T12:02:20+00:00","og_image":[{"width":750,"height":500,"url":"https:\/\/www.gmc-moto.ch\/wp-content\/uploads\/2023\/04\/suzuki-gsx-s950-gp.png","type":"image\/png"}],"twitter_card":"summary_large_image","schema":{"@context":"https:\/\/schema.org","@graph":[{"@type":["WebPage","ItemPage"],"@id":"https:\/\/www.gmc-moto.ch\/pt-pt\/produto\/suzuki-gsx-s950-gp\/","url":"https:\/\/www.gmc-moto.ch\/pt-pt\/produto\/suzuki-gsx-s950-gp\/","name":"Moto Suzuki GSX S950 2021 - Gen\u00e8ve Moto Center","isPartOf":{"@id":"https:\/\/www.gmc-moto.ch\/pt-pt\/#website"},"primaryImageOfPage":{"@id":"https:\/\/www.gmc-moto.ch\/pt-pt\/produto\/suzuki-gsx-s950-gp\/#primaryimage"},"image":{"@id":"https:\/\/www.gmc-moto.ch\/pt-pt\/produto\/suzuki-gsx-s950-gp\/#primaryimage"},"thumbnailUrl":"https:\/\/www.gmc-moto.ch\/wp-content\/uploads\/2023\/04\/suzuki-gsx-s950-gp.png","datePublished":"2021-11-15T10:55:04+00:00","dateModified":"2023-05-08T12:02:20+00:00","description":"70 ve\u00edculos dispon\u00edveis este ano para toda a Su\u00ed\u00e7a!!! Encomende com anteced\u00eancia para estar entre os sortudos! Venha experimentar...","breadcrumb":{"@id":"https:\/\/www.gmc-moto.ch\/pt-pt\/produto\/suzuki-gsx-s950-gp\/#breadcrumb"},"inLanguage":"pt-PT","potentialAction":[{"@type":"ReadAction","target":["https:\/\/www.gmc-moto.ch\/pt-pt\/produto\/suzuki-gsx-s950-gp\/"]}]},{"@type":"ImageObject","inLanguage":"pt-PT","@id":"https:\/\/www.gmc-moto.ch\/pt-pt\/produto\/suzuki-gsx-s950-gp\/#primaryimage","url":"https:\/\/www.gmc-moto.ch\/wp-content\/uploads\/2023\/04\/suzuki-gsx-s950-gp.png","contentUrl":"https:\/\/www.gmc-moto.ch\/wp-content\/uploads\/2023\/04\/suzuki-gsx-s950-gp.png","width":750,"height":500},{"@type":"BreadcrumbList","@id":"https:\/\/www.gmc-moto.ch\/pt-pt\/produto\/suzuki-gsx-s950-gp\/#breadcrumb","itemListElement":[{"@type":"ListItem","position":1,"name":"Home","item":"https:\/\/www.gmc-moto.ch\/pt-pt\/"},{"@type":"ListItem","position":2,"name":"Produtos","item":"https:\/\/www.gmc-moto.ch\/pt-pt\/shop\/"},{"@type":"ListItem","position":3,"name":"Suzuki GSX S950 GP"}]},{"@type":"WebSite","@id":"https:\/\/www.gmc-moto.ch\/pt-pt\/#website","url":"https:\/\/www.gmc-moto.ch\/pt-pt\/","name":"Gen\u00e8ve Moto Center","description":"Motos et Scooters neufs - Le plus grand showroom de suisse romande - Venez essayer nos mod\u00e8les - Atelier Motos Scooters - Centre Karcher","publisher":{"@id":"https:\/\/www.gmc-moto.ch\/pt-pt\/#organization"},"alternateName":"GMC-Moto","potentialAction":[{"@type":"SearchAction","target":{"@type":"EntryPoint","urlTemplate":"https:\/\/www.gmc-moto.ch\/pt-pt\/?s={search_term_string}"},"query-input":{"@type":"PropertyValueSpecification","valueRequired":true,"valueName":"search_term_string"}}],"inLanguage":"pt-PT"},{"@type":"Organization","@id":"https:\/\/www.gmc-moto.ch\/pt-pt\/#organization","name":"Gen\u00e8ve Moto Center SA","alternateName":"GMC","url":"https:\/\/www.gmc-moto.ch\/pt-pt\/","logo":{"@type":"ImageObject","inLanguage":"pt-PT","@id":"https:\/\/www.gmc-moto.ch\/pt-pt\/#\/schema\/logo\/image\/","url":"https:\/\/www.gmc-moto.ch\/wp-content\/uploads\/2020\/08\/logo-emboss-s.png","contentUrl":"https:\/\/www.gmc-moto.ch\/wp-content\/uploads\/2020\/08\/logo-emboss-s.png","width":80,"height":80,"caption":"Gen\u00e8ve Moto Center SA"},"image":{"@id":"https:\/\/www.gmc-moto.ch\/pt-pt\/#\/schema\/logo\/image\/"},"sameAs":["https:\/\/www.facebook.com\/suzukigeneve\/","https:\/\/www.instagram.com\/genevemotocenter\/"]}]}},"_links":{"self":[{"href":"https:\/\/www.gmc-moto.ch\/pt-pt\/wp-json\/wp\/v2\/product\/239168","targetHints":{"allow":["GET"]}}],"collection":[{"href":"https:\/\/www.gmc-moto.ch\/pt-pt\/wp-json\/wp\/v2\/product"}],"about":[{"href":"https:\/\/www.gmc-moto.ch\/pt-pt\/wp-json\/wp\/v2\/types\/product"}],"wp:featuredmedia":[{"embeddable":true,"href":"https:\/\/www.gmc-moto.ch\/pt-pt\/wp-json\/wp\/v2\/media\/239175"}],"wp:attachment":[{"href":"https:\/\/www.gmc-moto.ch\/pt-pt\/wp-json\/wp\/v2\/media?parent=239168"}],"wp:term":[{"taxonomy":"product_brand","embeddable":true,"href":"https:\/\/www.gmc-moto.ch\/pt-pt\/wp-json\/wp\/v2\/product_brand?post=239168"},{"taxonomy":"product_cat","embeddable":true,"href":"https:\/\/www.gmc-moto.ch\/pt-pt\/wp-json\/wp\/v2\/product_cat?post=239168"},{"taxonomy":"product_tag","embeddable":true,"href":"https:\/\/www.gmc-moto.ch\/pt-pt\/wp-json\/wp\/v2\/product_tag?post=239168"}],"curies":[{"name":"wp","href":"https:\/\/api.w.org\/{rel}","templated":true}]}}