{"id":238987,"date":"2020-07-17T18:33:11","date_gmt":"2020-07-17T16:33:11","guid":{"rendered":"https:\/\/www.gmc-moto.ch\/moto-zontes-zt-125-u1\/"},"modified":"2023-05-08T14:01:30","modified_gmt":"2023-05-08T12:01:30","slug":"moto-zontes-zt-125-u1","status":"publish","type":"product","link":"https:\/\/www.gmc-moto.ch\/pt-pt\/produto\/moto-zontes-zt-125-u1\/","title":{"rendered":"ZONAS ZT 125 U1"},"content":{"rendered":"","protected":false},"excerpt":{"rendered":"<p>Com seu design sa\u00eddo de um mang\u00e1 e seus equipamentos de \u00faltima gera\u00e7\u00e3o, \u00e9 imposs\u00edvel passar despercebido!<\/p>\n","protected":false},"featured_media":238998,"template":"","meta":{"_acf_changed":false},"product_brand":[],"product_cat":[9798,9800,9923],"product_tag":[9988],"class_list":{"0":"post-238987","1":"product","2":"type-product","3":"status-publish","4":"has-post-thumbnail","6":"product_cat-motos","7":"product_cat-essais-moto-geneve","8":"product_cat-motos-zontes","9":"product_tag-motos-zontes-125-pt-pt","11":"first","12":"instock","13":"shipping-taxable","14":"purchasable","15":"product-type-simple"},"acf":[],"yoast_head":"<!-- This site is optimized with the Yoast SEO plugin v27.3 - https:\/\/yoast.com\/product\/yoast-seo-wordpress\/ -->\n<title>Moto Zontes mod\u00e8le ZT 125 U1 - Gen\u00e8ve Moto Center<\/title>\n<meta name=\"description\" content=\"A nova 125 U tem um tamanho bacana, linhas arredondadas guiadas. Sua obra \u00e9 impressionante\" \/>\n<meta name=\"robots\" content=\"index, follow, max-snippet:-1, max-image-preview:large, max-video-preview:-1\" \/>\n<link rel=\"canonical\" href=\"https:\/\/www.gmc-moto.ch\/pt-pt\/produto\/moto-zontes-zt-125-u1\/\" \/>\n<meta property=\"og:locale\" content=\"pt_PT\" \/>\n<meta property=\"og:type\" content=\"article\" \/>\n<meta property=\"og:title\" content=\"Moto Zontes mod\u00e8le ZT 125 U1 - Gen\u00e8ve Moto Center\" \/>\n<meta property=\"og:description\" content=\"A nova 125 U tem um tamanho bacana, linhas arredondadas guiadas. Sua obra \u00e9 impressionante\" \/>\n<meta property=\"og:url\" content=\"https:\/\/www.gmc-moto.ch\/pt-pt\/produto\/moto-zontes-zt-125-u1\/\" \/>\n<meta property=\"og:site_name\" content=\"Gen\u00e8ve Moto Center\" \/>\n<meta property=\"article:publisher\" content=\"https:\/\/www.facebook.com\/suzukigeneve\/\" \/>\n<meta property=\"article:modified_time\" content=\"2023-05-08T12:01:30+00:00\" \/>\n<meta property=\"og:image\" content=\"https:\/\/www.gmc-moto.ch\/wp-content\/uploads\/2020\/07\/1.jpg\" \/>\n\t<meta property=\"og:image:width\" content=\"1100\" \/>\n\t<meta property=\"og:image:height\" content=\"733\" \/>\n\t<meta property=\"og:image:type\" content=\"image\/jpeg\" \/>\n<meta name=\"twitter:card\" content=\"summary_large_image\" \/>\n<script type=\"application\/ld+json\" class=\"yoast-schema-graph\">{\"@context\":\"https:\\\/\\\/schema.org\",\"@graph\":[{\"@type\":[\"WebPage\",\"ItemPage\"],\"@id\":\"https:\\\/\\\/www.gmc-moto.ch\\\/pt-pt\\\/produto\\\/moto-zontes-zt-125-u1\\\/\",\"url\":\"https:\\\/\\\/www.gmc-moto.ch\\\/pt-pt\\\/produto\\\/moto-zontes-zt-125-u1\\\/\",\"name\":\"Moto Zontes mod\u00e8le ZT 125 U1 - Gen\u00e8ve Moto Center\",\"isPartOf\":{\"@id\":\"https:\\\/\\\/www.gmc-moto.ch\\\/pt-pt\\\/#website\"},\"primaryImageOfPage\":{\"@id\":\"https:\\\/\\\/www.gmc-moto.ch\\\/pt-pt\\\/produto\\\/moto-zontes-zt-125-u1\\\/#primaryimage\"},\"image\":{\"@id\":\"https:\\\/\\\/www.gmc-moto.ch\\\/pt-pt\\\/produto\\\/moto-zontes-zt-125-u1\\\/#primaryimage\"},\"thumbnailUrl\":\"https:\\\/\\\/www.gmc-moto.ch\\\/wp-content\\\/uploads\\\/2020\\\/07\\\/1.jpg\",\"datePublished\":\"2020-07-17T16:33:11+00:00\",\"dateModified\":\"2023-05-08T12:01:30+00:00\",\"description\":\"A nova 125 U tem um tamanho bacana, linhas arredondadas guiadas. Sua obra \u00e9 impressionante\",\"breadcrumb\":{\"@id\":\"https:\\\/\\\/www.gmc-moto.ch\\\/pt-pt\\\/produto\\\/moto-zontes-zt-125-u1\\\/#breadcrumb\"},\"inLanguage\":\"pt-PT\",\"potentialAction\":[{\"@type\":\"ReadAction\",\"target\":[\"https:\\\/\\\/www.gmc-moto.ch\\\/pt-pt\\\/produto\\\/moto-zontes-zt-125-u1\\\/\"]}]},{\"@type\":\"ImageObject\",\"inLanguage\":\"pt-PT\",\"@id\":\"https:\\\/\\\/www.gmc-moto.ch\\\/pt-pt\\\/produto\\\/moto-zontes-zt-125-u1\\\/#primaryimage\",\"url\":\"https:\\\/\\\/www.gmc-moto.ch\\\/wp-content\\\/uploads\\\/2020\\\/07\\\/1.jpg\",\"contentUrl\":\"https:\\\/\\\/www.gmc-moto.ch\\\/wp-content\\\/uploads\\\/2020\\\/07\\\/1.jpg\",\"width\":1100,\"height\":733},{\"@type\":\"BreadcrumbList\",\"@id\":\"https:\\\/\\\/www.gmc-moto.ch\\\/pt-pt\\\/produto\\\/moto-zontes-zt-125-u1\\\/#breadcrumb\",\"itemListElement\":[{\"@type\":\"ListItem\",\"position\":1,\"name\":\"Home\",\"item\":\"https:\\\/\\\/www.gmc-moto.ch\\\/pt-pt\\\/\"},{\"@type\":\"ListItem\",\"position\":2,\"name\":\"Produtos\",\"item\":\"https:\\\/\\\/www.gmc-moto.ch\\\/pt-pt\\\/shop\\\/\"},{\"@type\":\"ListItem\",\"position\":3,\"name\":\"ZONAS ZT 125 U1\"}]},{\"@type\":\"WebSite\",\"@id\":\"https:\\\/\\\/www.gmc-moto.ch\\\/pt-pt\\\/#website\",\"url\":\"https:\\\/\\\/www.gmc-moto.ch\\\/pt-pt\\\/\",\"name\":\"Gen\u00e8ve Moto Center\",\"description\":\"Motos et Scooters neufs - Le plus grand showroom de suisse romande - Venez essayer nos mod\u00e8les - Atelier Motos Scooters - Centre Karcher\",\"publisher\":{\"@id\":\"https:\\\/\\\/www.gmc-moto.ch\\\/pt-pt\\\/#organization\"},\"alternateName\":\"GMC-Moto\",\"potentialAction\":[{\"@type\":\"SearchAction\",\"target\":{\"@type\":\"EntryPoint\",\"urlTemplate\":\"https:\\\/\\\/www.gmc-moto.ch\\\/pt-pt\\\/?s={search_term_string}\"},\"query-input\":{\"@type\":\"PropertyValueSpecification\",\"valueRequired\":true,\"valueName\":\"search_term_string\"}}],\"inLanguage\":\"pt-PT\"},{\"@type\":\"Organization\",\"@id\":\"https:\\\/\\\/www.gmc-moto.ch\\\/pt-pt\\\/#organization\",\"name\":\"Gen\u00e8ve Moto Center SA\",\"alternateName\":\"GMC\",\"url\":\"https:\\\/\\\/www.gmc-moto.ch\\\/pt-pt\\\/\",\"logo\":{\"@type\":\"ImageObject\",\"inLanguage\":\"pt-PT\",\"@id\":\"https:\\\/\\\/www.gmc-moto.ch\\\/pt-pt\\\/#\\\/schema\\\/logo\\\/image\\\/\",\"url\":\"https:\\\/\\\/www.gmc-moto.ch\\\/wp-content\\\/uploads\\\/2020\\\/08\\\/logo-emboss-s.png\",\"contentUrl\":\"https:\\\/\\\/www.gmc-moto.ch\\\/wp-content\\\/uploads\\\/2020\\\/08\\\/logo-emboss-s.png\",\"width\":80,\"height\":80,\"caption\":\"Gen\u00e8ve Moto Center SA\"},\"image\":{\"@id\":\"https:\\\/\\\/www.gmc-moto.ch\\\/pt-pt\\\/#\\\/schema\\\/logo\\\/image\\\/\"},\"sameAs\":[\"https:\\\/\\\/www.facebook.com\\\/suzukigeneve\\\/\",\"https:\\\/\\\/www.instagram.com\\\/genevemotocenter\\\/\"]}]}<\/script>\n<!-- \/ Yoast SEO plugin. -->","yoast_head_json":{"title":"Moto Zontes mod\u00e8le ZT 125 U1 - Gen\u00e8ve Moto Center","description":"A nova 125 U tem um tamanho bacana, linhas arredondadas guiadas. Sua obra \u00e9 impressionante","robots":{"index":"index","follow":"follow","max-snippet":"max-snippet:-1","max-image-preview":"max-image-preview:large","max-video-preview":"max-video-preview:-1"},"canonical":"https:\/\/www.gmc-moto.ch\/pt-pt\/produto\/moto-zontes-zt-125-u1\/","og_locale":"pt_PT","og_type":"article","og_title":"Moto Zontes mod\u00e8le ZT 125 U1 - Gen\u00e8ve Moto Center","og_description":"A nova 125 U tem um tamanho bacana, linhas arredondadas guiadas. Sua obra \u00e9 impressionante","og_url":"https:\/\/www.gmc-moto.ch\/pt-pt\/produto\/moto-zontes-zt-125-u1\/","og_site_name":"Gen\u00e8ve Moto Center","article_publisher":"https:\/\/www.facebook.com\/suzukigeneve\/","article_modified_time":"2023-05-08T12:01:30+00:00","og_image":[{"width":1100,"height":733,"url":"https:\/\/www.gmc-moto.ch\/wp-content\/uploads\/2020\/07\/1.jpg","type":"image\/jpeg"}],"twitter_card":"summary_large_image","schema":{"@context":"https:\/\/schema.org","@graph":[{"@type":["WebPage","ItemPage"],"@id":"https:\/\/www.gmc-moto.ch\/pt-pt\/produto\/moto-zontes-zt-125-u1\/","url":"https:\/\/www.gmc-moto.ch\/pt-pt\/produto\/moto-zontes-zt-125-u1\/","name":"Moto Zontes mod\u00e8le ZT 125 U1 - Gen\u00e8ve Moto Center","isPartOf":{"@id":"https:\/\/www.gmc-moto.ch\/pt-pt\/#website"},"primaryImageOfPage":{"@id":"https:\/\/www.gmc-moto.ch\/pt-pt\/produto\/moto-zontes-zt-125-u1\/#primaryimage"},"image":{"@id":"https:\/\/www.gmc-moto.ch\/pt-pt\/produto\/moto-zontes-zt-125-u1\/#primaryimage"},"thumbnailUrl":"https:\/\/www.gmc-moto.ch\/wp-content\/uploads\/2020\/07\/1.jpg","datePublished":"2020-07-17T16:33:11+00:00","dateModified":"2023-05-08T12:01:30+00:00","description":"A nova 125 U tem um tamanho bacana, linhas arredondadas guiadas. Sua obra \u00e9 impressionante","breadcrumb":{"@id":"https:\/\/www.gmc-moto.ch\/pt-pt\/produto\/moto-zontes-zt-125-u1\/#breadcrumb"},"inLanguage":"pt-PT","potentialAction":[{"@type":"ReadAction","target":["https:\/\/www.gmc-moto.ch\/pt-pt\/produto\/moto-zontes-zt-125-u1\/"]}]},{"@type":"ImageObject","inLanguage":"pt-PT","@id":"https:\/\/www.gmc-moto.ch\/pt-pt\/produto\/moto-zontes-zt-125-u1\/#primaryimage","url":"https:\/\/www.gmc-moto.ch\/wp-content\/uploads\/2020\/07\/1.jpg","contentUrl":"https:\/\/www.gmc-moto.ch\/wp-content\/uploads\/2020\/07\/1.jpg","width":1100,"height":733},{"@type":"BreadcrumbList","@id":"https:\/\/www.gmc-moto.ch\/pt-pt\/produto\/moto-zontes-zt-125-u1\/#breadcrumb","itemListElement":[{"@type":"ListItem","position":1,"name":"Home","item":"https:\/\/www.gmc-moto.ch\/pt-pt\/"},{"@type":"ListItem","position":2,"name":"Produtos","item":"https:\/\/www.gmc-moto.ch\/pt-pt\/shop\/"},{"@type":"ListItem","position":3,"name":"ZONAS ZT 125 U1"}]},{"@type":"WebSite","@id":"https:\/\/www.gmc-moto.ch\/pt-pt\/#website","url":"https:\/\/www.gmc-moto.ch\/pt-pt\/","name":"Gen\u00e8ve Moto Center","description":"Motos et Scooters neufs - Le plus grand showroom de suisse romande - Venez essayer nos mod\u00e8les - Atelier Motos Scooters - Centre Karcher","publisher":{"@id":"https:\/\/www.gmc-moto.ch\/pt-pt\/#organization"},"alternateName":"GMC-Moto","potentialAction":[{"@type":"SearchAction","target":{"@type":"EntryPoint","urlTemplate":"https:\/\/www.gmc-moto.ch\/pt-pt\/?s={search_term_string}"},"query-input":{"@type":"PropertyValueSpecification","valueRequired":true,"valueName":"search_term_string"}}],"inLanguage":"pt-PT"},{"@type":"Organization","@id":"https:\/\/www.gmc-moto.ch\/pt-pt\/#organization","name":"Gen\u00e8ve Moto Center SA","alternateName":"GMC","url":"https:\/\/www.gmc-moto.ch\/pt-pt\/","logo":{"@type":"ImageObject","inLanguage":"pt-PT","@id":"https:\/\/www.gmc-moto.ch\/pt-pt\/#\/schema\/logo\/image\/","url":"https:\/\/www.gmc-moto.ch\/wp-content\/uploads\/2020\/08\/logo-emboss-s.png","contentUrl":"https:\/\/www.gmc-moto.ch\/wp-content\/uploads\/2020\/08\/logo-emboss-s.png","width":80,"height":80,"caption":"Gen\u00e8ve Moto Center SA"},"image":{"@id":"https:\/\/www.gmc-moto.ch\/pt-pt\/#\/schema\/logo\/image\/"},"sameAs":["https:\/\/www.facebook.com\/suzukigeneve\/","https:\/\/www.instagram.com\/genevemotocenter\/"]}]}},"_links":{"self":[{"href":"https:\/\/www.gmc-moto.ch\/pt-pt\/wp-json\/wp\/v2\/product\/238987","targetHints":{"allow":["GET"]}}],"collection":[{"href":"https:\/\/www.gmc-moto.ch\/pt-pt\/wp-json\/wp\/v2\/product"}],"about":[{"href":"https:\/\/www.gmc-moto.ch\/pt-pt\/wp-json\/wp\/v2\/types\/product"}],"wp:featuredmedia":[{"embeddable":true,"href":"https:\/\/www.gmc-moto.ch\/pt-pt\/wp-json\/wp\/v2\/media\/238998"}],"wp:attachment":[{"href":"https:\/\/www.gmc-moto.ch\/pt-pt\/wp-json\/wp\/v2\/media?parent=238987"}],"wp:term":[{"taxonomy":"product_brand","embeddable":true,"href":"https:\/\/www.gmc-moto.ch\/pt-pt\/wp-json\/wp\/v2\/product_brand?post=238987"},{"taxonomy":"product_cat","embeddable":true,"href":"https:\/\/www.gmc-moto.ch\/pt-pt\/wp-json\/wp\/v2\/product_cat?post=238987"},{"taxonomy":"product_tag","embeddable":true,"href":"https:\/\/www.gmc-moto.ch\/pt-pt\/wp-json\/wp\/v2\/product_tag?post=238987"}],"curies":[{"name":"wp","href":"https:\/\/api.w.org\/{rel}","templated":true}]}}