{"id":238954,"date":"2019-09-28T18:18:47","date_gmt":"2019-09-28T16:18:47","guid":{"rendered":"https:\/\/www.gmc-moto.ch\/moto-zontes-v1-350\/"},"modified":"2023-05-08T14:01:24","modified_gmt":"2023-05-08T12:01:24","slug":"moto-zontes-v1-350","status":"publish","type":"product","link":"https:\/\/www.gmc-moto.ch\/pt-pt\/produto\/moto-zontes-v1-350\/","title":{"rendered":"Moto Zontes V1-350"},"content":{"rendered":"","protected":false},"excerpt":{"rendered":"<p>Este elegante power cruiser personalizado \u00e9 baseado na mesma base dos outros tr\u00eas, possui equipamentos de \u00faltima gera\u00e7\u00e3o: ABS, inje\u00e7\u00e3o, luzes LED, painel digital estilo tablet, entrada USB, bateria de l\u00edtio, sistema de igni\u00e7\u00e3o sem chave e at\u00e9 almofadas protetoras, muitos de seus concorrentes ficar\u00e3o com ci\u00fames de tal n\u00edvel de equipamento.<\/p>\n","protected":false},"featured_media":238964,"template":"","meta":{"_acf_changed":false},"product_brand":[],"product_cat":[9798,9800,9923],"product_tag":[],"class_list":{"0":"post-238954","1":"product","2":"type-product","3":"status-publish","4":"has-post-thumbnail","6":"product_cat-motos","7":"product_cat-essais-moto-geneve","8":"product_cat-motos-zontes","10":"first","11":"instock","12":"shipping-taxable","13":"purchasable","14":"product-type-simple"},"acf":[],"yoast_head":"<!-- This site is optimized with the Yoast SEO plugin v27.5 - https:\/\/yoast.com\/product\/yoast-seo-wordpress\/ -->\n<title>Moto Zontes mod\u00e8le V-310 - Gen\u00e8ve Moto Center<\/title>\n<meta name=\"description\" content=\"Power Cruiser custom pequena e estilosa, possui equipamentos de \u00faltima gera\u00e7\u00e3o: ABS, inje\u00e7\u00e3o, luzes de LED, painel digital estilo tablet\" \/>\n<meta name=\"robots\" content=\"index, follow, max-snippet:-1, max-image-preview:large, max-video-preview:-1\" \/>\n<link rel=\"canonical\" href=\"https:\/\/www.gmc-moto.ch\/pt-pt\/produto\/moto-zontes-v1-350\/\" \/>\n<meta property=\"og:locale\" content=\"pt_PT\" \/>\n<meta property=\"og:type\" content=\"article\" \/>\n<meta property=\"og:title\" content=\"Moto Zontes mod\u00e8le V-310 - Gen\u00e8ve Moto Center\" \/>\n<meta property=\"og:description\" content=\"Power Cruiser custom pequena e estilosa, possui equipamentos de \u00faltima gera\u00e7\u00e3o: ABS, inje\u00e7\u00e3o, luzes de LED, painel digital estilo tablet\" \/>\n<meta property=\"og:url\" content=\"https:\/\/www.gmc-moto.ch\/pt-pt\/produto\/moto-zontes-v1-350\/\" \/>\n<meta property=\"og:site_name\" content=\"Gen\u00e8ve Moto Center\" \/>\n<meta property=\"article:publisher\" content=\"https:\/\/www.facebook.com\/suzukigeneve\/\" \/>\n<meta property=\"article:modified_time\" content=\"2023-05-08T12:01:24+00:00\" \/>\n<meta property=\"og:image\" content=\"https:\/\/www.gmc-moto.ch\/wp-content\/uploads\/2019\/09\/moto-zontes-v1-350-9.jpg\" \/>\n\t<meta property=\"og:image:width\" content=\"1188\" \/>\n\t<meta property=\"og:image:height\" content=\"794\" \/>\n\t<meta property=\"og:image:type\" content=\"image\/jpeg\" \/>\n<meta name=\"twitter:card\" content=\"summary_large_image\" \/>\n<script type=\"application\/ld+json\" class=\"yoast-schema-graph\">{\"@context\":\"https:\\\/\\\/schema.org\",\"@graph\":[{\"@type\":[\"WebPage\",\"ItemPage\"],\"@id\":\"https:\\\/\\\/www.gmc-moto.ch\\\/pt-pt\\\/produto\\\/moto-zontes-v1-350\\\/\",\"url\":\"https:\\\/\\\/www.gmc-moto.ch\\\/pt-pt\\\/produto\\\/moto-zontes-v1-350\\\/\",\"name\":\"Moto Zontes mod\u00e8le V-310 - Gen\u00e8ve Moto Center\",\"isPartOf\":{\"@id\":\"https:\\\/\\\/www.gmc-moto.ch\\\/pt-pt\\\/#website\"},\"primaryImageOfPage\":{\"@id\":\"https:\\\/\\\/www.gmc-moto.ch\\\/pt-pt\\\/produto\\\/moto-zontes-v1-350\\\/#primaryimage\"},\"image\":{\"@id\":\"https:\\\/\\\/www.gmc-moto.ch\\\/pt-pt\\\/produto\\\/moto-zontes-v1-350\\\/#primaryimage\"},\"thumbnailUrl\":\"https:\\\/\\\/www.gmc-moto.ch\\\/wp-content\\\/uploads\\\/2019\\\/09\\\/moto-zontes-v1-350-9.jpg\",\"datePublished\":\"2019-09-28T16:18:47+00:00\",\"dateModified\":\"2023-05-08T12:01:24+00:00\",\"description\":\"Power Cruiser custom pequena e estilosa, possui equipamentos de \u00faltima gera\u00e7\u00e3o: ABS, inje\u00e7\u00e3o, luzes de LED, painel digital estilo tablet\",\"breadcrumb\":{\"@id\":\"https:\\\/\\\/www.gmc-moto.ch\\\/pt-pt\\\/produto\\\/moto-zontes-v1-350\\\/#breadcrumb\"},\"inLanguage\":\"pt-PT\",\"potentialAction\":[{\"@type\":\"ReadAction\",\"target\":[\"https:\\\/\\\/www.gmc-moto.ch\\\/pt-pt\\\/produto\\\/moto-zontes-v1-350\\\/\"]}]},{\"@type\":\"ImageObject\",\"inLanguage\":\"pt-PT\",\"@id\":\"https:\\\/\\\/www.gmc-moto.ch\\\/pt-pt\\\/produto\\\/moto-zontes-v1-350\\\/#primaryimage\",\"url\":\"https:\\\/\\\/www.gmc-moto.ch\\\/wp-content\\\/uploads\\\/2019\\\/09\\\/moto-zontes-v1-350-9.jpg\",\"contentUrl\":\"https:\\\/\\\/www.gmc-moto.ch\\\/wp-content\\\/uploads\\\/2019\\\/09\\\/moto-zontes-v1-350-9.jpg\",\"width\":1188,\"height\":794},{\"@type\":\"BreadcrumbList\",\"@id\":\"https:\\\/\\\/www.gmc-moto.ch\\\/pt-pt\\\/produto\\\/moto-zontes-v1-350\\\/#breadcrumb\",\"itemListElement\":[{\"@type\":\"ListItem\",\"position\":1,\"name\":\"Home\",\"item\":\"https:\\\/\\\/www.gmc-moto.ch\\\/pt-pt\\\/\"},{\"@type\":\"ListItem\",\"position\":2,\"name\":\"Produtos\",\"item\":\"https:\\\/\\\/www.gmc-moto.ch\\\/pt-pt\\\/shop\\\/\"},{\"@type\":\"ListItem\",\"position\":3,\"name\":\"Moto Zontes V1-350\"}]},{\"@type\":\"WebSite\",\"@id\":\"https:\\\/\\\/www.gmc-moto.ch\\\/pt-pt\\\/#website\",\"url\":\"https:\\\/\\\/www.gmc-moto.ch\\\/pt-pt\\\/\",\"name\":\"Gen\u00e8ve Moto Center\",\"description\":\"Motos et Scooters neufs - Le plus grand showroom de suisse romande - Venez essayer nos mod\u00e8les - Atelier Motos Scooters - Centre Karcher\",\"publisher\":{\"@id\":\"https:\\\/\\\/www.gmc-moto.ch\\\/pt-pt\\\/#organization\"},\"alternateName\":\"GMC-Moto\",\"potentialAction\":[{\"@type\":\"SearchAction\",\"target\":{\"@type\":\"EntryPoint\",\"urlTemplate\":\"https:\\\/\\\/www.gmc-moto.ch\\\/pt-pt\\\/?s={search_term_string}\"},\"query-input\":{\"@type\":\"PropertyValueSpecification\",\"valueRequired\":true,\"valueName\":\"search_term_string\"}}],\"inLanguage\":\"pt-PT\"},{\"@type\":\"Organization\",\"@id\":\"https:\\\/\\\/www.gmc-moto.ch\\\/pt-pt\\\/#organization\",\"name\":\"Gen\u00e8ve Moto Center SA\",\"alternateName\":\"GMC\",\"url\":\"https:\\\/\\\/www.gmc-moto.ch\\\/pt-pt\\\/\",\"logo\":{\"@type\":\"ImageObject\",\"inLanguage\":\"pt-PT\",\"@id\":\"https:\\\/\\\/www.gmc-moto.ch\\\/pt-pt\\\/#\\\/schema\\\/logo\\\/image\\\/\",\"url\":\"https:\\\/\\\/www.gmc-moto.ch\\\/wp-content\\\/uploads\\\/2020\\\/08\\\/logo-emboss-s.png\",\"contentUrl\":\"https:\\\/\\\/www.gmc-moto.ch\\\/wp-content\\\/uploads\\\/2020\\\/08\\\/logo-emboss-s.png\",\"width\":80,\"height\":80,\"caption\":\"Gen\u00e8ve Moto Center SA\"},\"image\":{\"@id\":\"https:\\\/\\\/www.gmc-moto.ch\\\/pt-pt\\\/#\\\/schema\\\/logo\\\/image\\\/\"},\"sameAs\":[\"https:\\\/\\\/www.facebook.com\\\/suzukigeneve\\\/\",\"https:\\\/\\\/www.instagram.com\\\/genevemotocenter\\\/\"]}]}<\/script>\n<!-- \/ Yoast SEO plugin. -->","yoast_head_json":{"title":"Moto Zontes mod\u00e8le V-310 - Gen\u00e8ve Moto Center","description":"Power Cruiser custom pequena e estilosa, possui equipamentos de \u00faltima gera\u00e7\u00e3o: ABS, inje\u00e7\u00e3o, luzes de LED, painel digital estilo tablet","robots":{"index":"index","follow":"follow","max-snippet":"max-snippet:-1","max-image-preview":"max-image-preview:large","max-video-preview":"max-video-preview:-1"},"canonical":"https:\/\/www.gmc-moto.ch\/pt-pt\/produto\/moto-zontes-v1-350\/","og_locale":"pt_PT","og_type":"article","og_title":"Moto Zontes mod\u00e8le V-310 - Gen\u00e8ve Moto Center","og_description":"Power Cruiser custom pequena e estilosa, possui equipamentos de \u00faltima gera\u00e7\u00e3o: ABS, inje\u00e7\u00e3o, luzes de LED, painel digital estilo tablet","og_url":"https:\/\/www.gmc-moto.ch\/pt-pt\/produto\/moto-zontes-v1-350\/","og_site_name":"Gen\u00e8ve Moto Center","article_publisher":"https:\/\/www.facebook.com\/suzukigeneve\/","article_modified_time":"2023-05-08T12:01:24+00:00","og_image":[{"width":1188,"height":794,"url":"https:\/\/www.gmc-moto.ch\/wp-content\/uploads\/2019\/09\/moto-zontes-v1-350-9.jpg","type":"image\/jpeg"}],"twitter_card":"summary_large_image","schema":{"@context":"https:\/\/schema.org","@graph":[{"@type":["WebPage","ItemPage"],"@id":"https:\/\/www.gmc-moto.ch\/pt-pt\/produto\/moto-zontes-v1-350\/","url":"https:\/\/www.gmc-moto.ch\/pt-pt\/produto\/moto-zontes-v1-350\/","name":"Moto Zontes mod\u00e8le V-310 - Gen\u00e8ve Moto Center","isPartOf":{"@id":"https:\/\/www.gmc-moto.ch\/pt-pt\/#website"},"primaryImageOfPage":{"@id":"https:\/\/www.gmc-moto.ch\/pt-pt\/produto\/moto-zontes-v1-350\/#primaryimage"},"image":{"@id":"https:\/\/www.gmc-moto.ch\/pt-pt\/produto\/moto-zontes-v1-350\/#primaryimage"},"thumbnailUrl":"https:\/\/www.gmc-moto.ch\/wp-content\/uploads\/2019\/09\/moto-zontes-v1-350-9.jpg","datePublished":"2019-09-28T16:18:47+00:00","dateModified":"2023-05-08T12:01:24+00:00","description":"Power Cruiser custom pequena e estilosa, possui equipamentos de \u00faltima gera\u00e7\u00e3o: ABS, inje\u00e7\u00e3o, luzes de LED, painel digital estilo tablet","breadcrumb":{"@id":"https:\/\/www.gmc-moto.ch\/pt-pt\/produto\/moto-zontes-v1-350\/#breadcrumb"},"inLanguage":"pt-PT","potentialAction":[{"@type":"ReadAction","target":["https:\/\/www.gmc-moto.ch\/pt-pt\/produto\/moto-zontes-v1-350\/"]}]},{"@type":"ImageObject","inLanguage":"pt-PT","@id":"https:\/\/www.gmc-moto.ch\/pt-pt\/produto\/moto-zontes-v1-350\/#primaryimage","url":"https:\/\/www.gmc-moto.ch\/wp-content\/uploads\/2019\/09\/moto-zontes-v1-350-9.jpg","contentUrl":"https:\/\/www.gmc-moto.ch\/wp-content\/uploads\/2019\/09\/moto-zontes-v1-350-9.jpg","width":1188,"height":794},{"@type":"BreadcrumbList","@id":"https:\/\/www.gmc-moto.ch\/pt-pt\/produto\/moto-zontes-v1-350\/#breadcrumb","itemListElement":[{"@type":"ListItem","position":1,"name":"Home","item":"https:\/\/www.gmc-moto.ch\/pt-pt\/"},{"@type":"ListItem","position":2,"name":"Produtos","item":"https:\/\/www.gmc-moto.ch\/pt-pt\/shop\/"},{"@type":"ListItem","position":3,"name":"Moto Zontes V1-350"}]},{"@type":"WebSite","@id":"https:\/\/www.gmc-moto.ch\/pt-pt\/#website","url":"https:\/\/www.gmc-moto.ch\/pt-pt\/","name":"Gen\u00e8ve Moto Center","description":"Motos et Scooters neufs - Le plus grand showroom de suisse romande - Venez essayer nos mod\u00e8les - Atelier Motos Scooters - Centre Karcher","publisher":{"@id":"https:\/\/www.gmc-moto.ch\/pt-pt\/#organization"},"alternateName":"GMC-Moto","potentialAction":[{"@type":"SearchAction","target":{"@type":"EntryPoint","urlTemplate":"https:\/\/www.gmc-moto.ch\/pt-pt\/?s={search_term_string}"},"query-input":{"@type":"PropertyValueSpecification","valueRequired":true,"valueName":"search_term_string"}}],"inLanguage":"pt-PT"},{"@type":"Organization","@id":"https:\/\/www.gmc-moto.ch\/pt-pt\/#organization","name":"Gen\u00e8ve Moto Center SA","alternateName":"GMC","url":"https:\/\/www.gmc-moto.ch\/pt-pt\/","logo":{"@type":"ImageObject","inLanguage":"pt-PT","@id":"https:\/\/www.gmc-moto.ch\/pt-pt\/#\/schema\/logo\/image\/","url":"https:\/\/www.gmc-moto.ch\/wp-content\/uploads\/2020\/08\/logo-emboss-s.png","contentUrl":"https:\/\/www.gmc-moto.ch\/wp-content\/uploads\/2020\/08\/logo-emboss-s.png","width":80,"height":80,"caption":"Gen\u00e8ve Moto Center SA"},"image":{"@id":"https:\/\/www.gmc-moto.ch\/pt-pt\/#\/schema\/logo\/image\/"},"sameAs":["https:\/\/www.facebook.com\/suzukigeneve\/","https:\/\/www.instagram.com\/genevemotocenter\/"]}]}},"_links":{"self":[{"href":"https:\/\/www.gmc-moto.ch\/pt-pt\/wp-json\/wp\/v2\/product\/238954","targetHints":{"allow":["GET"]}}],"collection":[{"href":"https:\/\/www.gmc-moto.ch\/pt-pt\/wp-json\/wp\/v2\/product"}],"about":[{"href":"https:\/\/www.gmc-moto.ch\/pt-pt\/wp-json\/wp\/v2\/types\/product"}],"wp:featuredmedia":[{"embeddable":true,"href":"https:\/\/www.gmc-moto.ch\/pt-pt\/wp-json\/wp\/v2\/media\/238964"}],"wp:attachment":[{"href":"https:\/\/www.gmc-moto.ch\/pt-pt\/wp-json\/wp\/v2\/media?parent=238954"}],"wp:term":[{"taxonomy":"product_brand","embeddable":true,"href":"https:\/\/www.gmc-moto.ch\/pt-pt\/wp-json\/wp\/v2\/product_brand?post=238954"},{"taxonomy":"product_cat","embeddable":true,"href":"https:\/\/www.gmc-moto.ch\/pt-pt\/wp-json\/wp\/v2\/product_cat?post=238954"},{"taxonomy":"product_tag","embeddable":true,"href":"https:\/\/www.gmc-moto.ch\/pt-pt\/wp-json\/wp\/v2\/product_tag?post=238954"}],"curies":[{"name":"wp","href":"https:\/\/api.w.org\/{rel}","templated":true}]}}