{"id":238182,"date":"2021-10-04T16:38:36","date_gmt":"2021-10-04T14:38:36","guid":{"rendered":"https:\/\/www.gmc-moto.ch\/cruisym-300-euro-5\/"},"modified":"2023-05-02T18:38:27","modified_gmt":"2023-05-02T16:38:27","slug":"cruisym-300-euro-5","status":"publish","type":"product","link":"https:\/\/www.gmc-moto.ch\/pt-pt\/produto\/cruisym-300-euro-5\/","title":{"rendered":"Cruisym 300 euros 5"},"content":{"rendered":"","protected":false},"excerpt":{"rendered":"<p>Elegante, compacto e musculoso, o novo Cruisym 300 exibe linhas firmes, cores elegantes e a clara ambi\u00e7\u00e3o de se posicionar no topo de seu segmento.<\/p>\n","protected":false},"featured_media":237757,"template":"","meta":{"_acf_changed":false},"product_brand":[],"product_cat":[9805,9830],"product_tag":[],"class_list":{"0":"post-238182","1":"product","2":"type-product","3":"status-publish","4":"has-post-thumbnail","6":"product_cat-scooters","7":"product_cat-scooters-sym","9":"first","10":"onbackorder","11":"sold-individually","12":"shipping-taxable","13":"purchasable","14":"product-type-simple"},"acf":[],"yoast_head":"<!-- This site is optimized with the Yoast SEO plugin v27.3 - https:\/\/yoast.com\/product\/yoast-seo-wordpress\/ -->\n<title>Cruisym 300 euros 5 - Gen\u00e8ve Moto Center<\/title>\n<meta name=\"description\" content=\"Elegante, compacto e musculado, linhas tensas, cores elegantes e a clara ambi\u00e7\u00e3o de se posicionar no topo do seu segmento! Venha experimentar...\" \/>\n<meta name=\"robots\" content=\"index, follow, max-snippet:-1, max-image-preview:large, max-video-preview:-1\" \/>\n<link rel=\"canonical\" href=\"https:\/\/www.gmc-moto.ch\/pt-pt\/produto\/cruisym-300-euro-5\/\" \/>\n<meta property=\"og:locale\" content=\"pt_PT\" \/>\n<meta property=\"og:type\" content=\"article\" \/>\n<meta property=\"og:title\" content=\"Cruisym 300 euros 5 - Gen\u00e8ve Moto Center\" \/>\n<meta property=\"og:description\" content=\"Elegante, compacto e musculado, linhas tensas, cores elegantes e a clara ambi\u00e7\u00e3o de se posicionar no topo do seu segmento! Venha experimentar...\" \/>\n<meta property=\"og:url\" content=\"https:\/\/www.gmc-moto.ch\/pt-pt\/produto\/cruisym-300-euro-5\/\" \/>\n<meta property=\"og:site_name\" content=\"Gen\u00e8ve Moto Center\" \/>\n<meta property=\"article:publisher\" content=\"https:\/\/www.facebook.com\/suzukigeneve\/\" \/>\n<meta property=\"article:modified_time\" content=\"2023-05-02T16:38:27+00:00\" \/>\n<meta property=\"og:image\" content=\"https:\/\/www.gmc-moto.ch\/wp-content\/uploads\/2021\/10\/Cruisym_300_euro5-1.png\" \/>\n\t<meta property=\"og:image:width\" content=\"750\" \/>\n\t<meta property=\"og:image:height\" content=\"500\" \/>\n\t<meta property=\"og:image:type\" content=\"image\/png\" \/>\n<meta name=\"twitter:card\" content=\"summary_large_image\" \/>\n<script type=\"application\/ld+json\" class=\"yoast-schema-graph\">{\"@context\":\"https:\\\/\\\/schema.org\",\"@graph\":[{\"@type\":[\"WebPage\",\"ItemPage\"],\"@id\":\"https:\\\/\\\/www.gmc-moto.ch\\\/pt-pt\\\/produto\\\/cruisym-300-euro-5\\\/\",\"url\":\"https:\\\/\\\/www.gmc-moto.ch\\\/pt-pt\\\/produto\\\/cruisym-300-euro-5\\\/\",\"name\":\"Cruisym 300 euros 5 - Gen\u00e8ve Moto Center\",\"isPartOf\":{\"@id\":\"https:\\\/\\\/www.gmc-moto.ch\\\/pt-pt\\\/#website\"},\"primaryImageOfPage\":{\"@id\":\"https:\\\/\\\/www.gmc-moto.ch\\\/pt-pt\\\/produto\\\/cruisym-300-euro-5\\\/#primaryimage\"},\"image\":{\"@id\":\"https:\\\/\\\/www.gmc-moto.ch\\\/pt-pt\\\/produto\\\/cruisym-300-euro-5\\\/#primaryimage\"},\"thumbnailUrl\":\"https:\\\/\\\/www.gmc-moto.ch\\\/wp-content\\\/uploads\\\/2021\\\/10\\\/Cruisym_300_euro5-1.png\",\"datePublished\":\"2021-10-04T14:38:36+00:00\",\"dateModified\":\"2023-05-02T16:38:27+00:00\",\"description\":\"Elegante, compacto e musculado, linhas tensas, cores elegantes e a clara ambi\u00e7\u00e3o de se posicionar no topo do seu segmento! Venha experimentar...\",\"breadcrumb\":{\"@id\":\"https:\\\/\\\/www.gmc-moto.ch\\\/pt-pt\\\/produto\\\/cruisym-300-euro-5\\\/#breadcrumb\"},\"inLanguage\":\"pt-PT\",\"potentialAction\":[{\"@type\":\"ReadAction\",\"target\":[\"https:\\\/\\\/www.gmc-moto.ch\\\/pt-pt\\\/produto\\\/cruisym-300-euro-5\\\/\"]}]},{\"@type\":\"ImageObject\",\"inLanguage\":\"pt-PT\",\"@id\":\"https:\\\/\\\/www.gmc-moto.ch\\\/pt-pt\\\/produto\\\/cruisym-300-euro-5\\\/#primaryimage\",\"url\":\"https:\\\/\\\/www.gmc-moto.ch\\\/wp-content\\\/uploads\\\/2021\\\/10\\\/Cruisym_300_euro5-1.png\",\"contentUrl\":\"https:\\\/\\\/www.gmc-moto.ch\\\/wp-content\\\/uploads\\\/2021\\\/10\\\/Cruisym_300_euro5-1.png\",\"width\":750,\"height\":500,\"caption\":\"Cruisym 300 Euro 5\"},{\"@type\":\"BreadcrumbList\",\"@id\":\"https:\\\/\\\/www.gmc-moto.ch\\\/pt-pt\\\/produto\\\/cruisym-300-euro-5\\\/#breadcrumb\",\"itemListElement\":[{\"@type\":\"ListItem\",\"position\":1,\"name\":\"Home\",\"item\":\"https:\\\/\\\/www.gmc-moto.ch\\\/pt-pt\\\/\"},{\"@type\":\"ListItem\",\"position\":2,\"name\":\"Produtos\",\"item\":\"https:\\\/\\\/www.gmc-moto.ch\\\/pt-pt\\\/shop\\\/\"},{\"@type\":\"ListItem\",\"position\":3,\"name\":\"Cruisym 300 euros 5\"}]},{\"@type\":\"WebSite\",\"@id\":\"https:\\\/\\\/www.gmc-moto.ch\\\/pt-pt\\\/#website\",\"url\":\"https:\\\/\\\/www.gmc-moto.ch\\\/pt-pt\\\/\",\"name\":\"Gen\u00e8ve Moto Center\",\"description\":\"Motos et Scooters neufs - Le plus grand showroom de suisse romande - Venez essayer nos mod\u00e8les - Atelier Motos Scooters - Centre Karcher\",\"publisher\":{\"@id\":\"https:\\\/\\\/www.gmc-moto.ch\\\/pt-pt\\\/#organization\"},\"alternateName\":\"GMC-Moto\",\"potentialAction\":[{\"@type\":\"SearchAction\",\"target\":{\"@type\":\"EntryPoint\",\"urlTemplate\":\"https:\\\/\\\/www.gmc-moto.ch\\\/pt-pt\\\/?s={search_term_string}\"},\"query-input\":{\"@type\":\"PropertyValueSpecification\",\"valueRequired\":true,\"valueName\":\"search_term_string\"}}],\"inLanguage\":\"pt-PT\"},{\"@type\":\"Organization\",\"@id\":\"https:\\\/\\\/www.gmc-moto.ch\\\/pt-pt\\\/#organization\",\"name\":\"Gen\u00e8ve Moto Center SA\",\"alternateName\":\"GMC\",\"url\":\"https:\\\/\\\/www.gmc-moto.ch\\\/pt-pt\\\/\",\"logo\":{\"@type\":\"ImageObject\",\"inLanguage\":\"pt-PT\",\"@id\":\"https:\\\/\\\/www.gmc-moto.ch\\\/pt-pt\\\/#\\\/schema\\\/logo\\\/image\\\/\",\"url\":\"https:\\\/\\\/www.gmc-moto.ch\\\/wp-content\\\/uploads\\\/2020\\\/08\\\/logo-emboss-s.png\",\"contentUrl\":\"https:\\\/\\\/www.gmc-moto.ch\\\/wp-content\\\/uploads\\\/2020\\\/08\\\/logo-emboss-s.png\",\"width\":80,\"height\":80,\"caption\":\"Gen\u00e8ve Moto Center SA\"},\"image\":{\"@id\":\"https:\\\/\\\/www.gmc-moto.ch\\\/pt-pt\\\/#\\\/schema\\\/logo\\\/image\\\/\"},\"sameAs\":[\"https:\\\/\\\/www.facebook.com\\\/suzukigeneve\\\/\",\"https:\\\/\\\/www.instagram.com\\\/genevemotocenter\\\/\"]}]}<\/script>\n<!-- \/ Yoast SEO plugin. -->","yoast_head_json":{"title":"Cruisym 300 euros 5 - Gen\u00e8ve Moto Center","description":"Elegante, compacto e musculado, linhas tensas, cores elegantes e a clara ambi\u00e7\u00e3o de se posicionar no topo do seu segmento! Venha experimentar...","robots":{"index":"index","follow":"follow","max-snippet":"max-snippet:-1","max-image-preview":"max-image-preview:large","max-video-preview":"max-video-preview:-1"},"canonical":"https:\/\/www.gmc-moto.ch\/pt-pt\/produto\/cruisym-300-euro-5\/","og_locale":"pt_PT","og_type":"article","og_title":"Cruisym 300 euros 5 - Gen\u00e8ve Moto Center","og_description":"Elegante, compacto e musculado, linhas tensas, cores elegantes e a clara ambi\u00e7\u00e3o de se posicionar no topo do seu segmento! Venha experimentar...","og_url":"https:\/\/www.gmc-moto.ch\/pt-pt\/produto\/cruisym-300-euro-5\/","og_site_name":"Gen\u00e8ve Moto Center","article_publisher":"https:\/\/www.facebook.com\/suzukigeneve\/","article_modified_time":"2023-05-02T16:38:27+00:00","og_image":[{"width":750,"height":500,"url":"https:\/\/www.gmc-moto.ch\/wp-content\/uploads\/2021\/10\/Cruisym_300_euro5-1.png","type":"image\/png"}],"twitter_card":"summary_large_image","schema":{"@context":"https:\/\/schema.org","@graph":[{"@type":["WebPage","ItemPage"],"@id":"https:\/\/www.gmc-moto.ch\/pt-pt\/produto\/cruisym-300-euro-5\/","url":"https:\/\/www.gmc-moto.ch\/pt-pt\/produto\/cruisym-300-euro-5\/","name":"Cruisym 300 euros 5 - Gen\u00e8ve Moto Center","isPartOf":{"@id":"https:\/\/www.gmc-moto.ch\/pt-pt\/#website"},"primaryImageOfPage":{"@id":"https:\/\/www.gmc-moto.ch\/pt-pt\/produto\/cruisym-300-euro-5\/#primaryimage"},"image":{"@id":"https:\/\/www.gmc-moto.ch\/pt-pt\/produto\/cruisym-300-euro-5\/#primaryimage"},"thumbnailUrl":"https:\/\/www.gmc-moto.ch\/wp-content\/uploads\/2021\/10\/Cruisym_300_euro5-1.png","datePublished":"2021-10-04T14:38:36+00:00","dateModified":"2023-05-02T16:38:27+00:00","description":"Elegante, compacto e musculado, linhas tensas, cores elegantes e a clara ambi\u00e7\u00e3o de se posicionar no topo do seu segmento! Venha experimentar...","breadcrumb":{"@id":"https:\/\/www.gmc-moto.ch\/pt-pt\/produto\/cruisym-300-euro-5\/#breadcrumb"},"inLanguage":"pt-PT","potentialAction":[{"@type":"ReadAction","target":["https:\/\/www.gmc-moto.ch\/pt-pt\/produto\/cruisym-300-euro-5\/"]}]},{"@type":"ImageObject","inLanguage":"pt-PT","@id":"https:\/\/www.gmc-moto.ch\/pt-pt\/produto\/cruisym-300-euro-5\/#primaryimage","url":"https:\/\/www.gmc-moto.ch\/wp-content\/uploads\/2021\/10\/Cruisym_300_euro5-1.png","contentUrl":"https:\/\/www.gmc-moto.ch\/wp-content\/uploads\/2021\/10\/Cruisym_300_euro5-1.png","width":750,"height":500,"caption":"Cruisym 300 Euro 5"},{"@type":"BreadcrumbList","@id":"https:\/\/www.gmc-moto.ch\/pt-pt\/produto\/cruisym-300-euro-5\/#breadcrumb","itemListElement":[{"@type":"ListItem","position":1,"name":"Home","item":"https:\/\/www.gmc-moto.ch\/pt-pt\/"},{"@type":"ListItem","position":2,"name":"Produtos","item":"https:\/\/www.gmc-moto.ch\/pt-pt\/shop\/"},{"@type":"ListItem","position":3,"name":"Cruisym 300 euros 5"}]},{"@type":"WebSite","@id":"https:\/\/www.gmc-moto.ch\/pt-pt\/#website","url":"https:\/\/www.gmc-moto.ch\/pt-pt\/","name":"Gen\u00e8ve Moto Center","description":"Motos et Scooters neufs - Le plus grand showroom de suisse romande - Venez essayer nos mod\u00e8les - Atelier Motos Scooters - Centre Karcher","publisher":{"@id":"https:\/\/www.gmc-moto.ch\/pt-pt\/#organization"},"alternateName":"GMC-Moto","potentialAction":[{"@type":"SearchAction","target":{"@type":"EntryPoint","urlTemplate":"https:\/\/www.gmc-moto.ch\/pt-pt\/?s={search_term_string}"},"query-input":{"@type":"PropertyValueSpecification","valueRequired":true,"valueName":"search_term_string"}}],"inLanguage":"pt-PT"},{"@type":"Organization","@id":"https:\/\/www.gmc-moto.ch\/pt-pt\/#organization","name":"Gen\u00e8ve Moto Center SA","alternateName":"GMC","url":"https:\/\/www.gmc-moto.ch\/pt-pt\/","logo":{"@type":"ImageObject","inLanguage":"pt-PT","@id":"https:\/\/www.gmc-moto.ch\/pt-pt\/#\/schema\/logo\/image\/","url":"https:\/\/www.gmc-moto.ch\/wp-content\/uploads\/2020\/08\/logo-emboss-s.png","contentUrl":"https:\/\/www.gmc-moto.ch\/wp-content\/uploads\/2020\/08\/logo-emboss-s.png","width":80,"height":80,"caption":"Gen\u00e8ve Moto Center SA"},"image":{"@id":"https:\/\/www.gmc-moto.ch\/pt-pt\/#\/schema\/logo\/image\/"},"sameAs":["https:\/\/www.facebook.com\/suzukigeneve\/","https:\/\/www.instagram.com\/genevemotocenter\/"]}]}},"_links":{"self":[{"href":"https:\/\/www.gmc-moto.ch\/pt-pt\/wp-json\/wp\/v2\/product\/238182","targetHints":{"allow":["GET"]}}],"collection":[{"href":"https:\/\/www.gmc-moto.ch\/pt-pt\/wp-json\/wp\/v2\/product"}],"about":[{"href":"https:\/\/www.gmc-moto.ch\/pt-pt\/wp-json\/wp\/v2\/types\/product"}],"wp:featuredmedia":[{"embeddable":true,"href":"https:\/\/www.gmc-moto.ch\/pt-pt\/wp-json\/wp\/v2\/media\/237757"}],"wp:attachment":[{"href":"https:\/\/www.gmc-moto.ch\/pt-pt\/wp-json\/wp\/v2\/media?parent=238182"}],"wp:term":[{"taxonomy":"product_brand","embeddable":true,"href":"https:\/\/www.gmc-moto.ch\/pt-pt\/wp-json\/wp\/v2\/product_brand?post=238182"},{"taxonomy":"product_cat","embeddable":true,"href":"https:\/\/www.gmc-moto.ch\/pt-pt\/wp-json\/wp\/v2\/product_cat?post=238182"},{"taxonomy":"product_tag","embeddable":true,"href":"https:\/\/www.gmc-moto.ch\/pt-pt\/wp-json\/wp\/v2\/product_tag?post=238182"}],"curies":[{"name":"wp","href":"https:\/\/api.w.org\/{rel}","templated":true}]}}