{"id":240597,"date":"2024-01-22T17:28:01","date_gmt":"2024-01-22T16:28:01","guid":{"rendered":"https:\/\/www.gmc-moto.ch\/suzuki-gsx-8r\/"},"modified":"2024-01-22T17:39:04","modified_gmt":"2024-01-22T16:39:04","slug":"suzuki-gsx-8r","status":"publish","type":"product","link":"https:\/\/www.gmc-moto.ch\/de\/suzuki-gsx-8r\/","title":{"rendered":"SUZUKI GSX-8R"},"content":{"rendered":"","protected":false},"excerpt":{"rendered":"<p>Inspiriert von den zeitlosen Sportmotorr\u00e4dern von Suzuki, erregt die brandneue GSX-8R mit magnetischer Anziehungskraft Aufmerksamkeit.<\/p>\n","protected":false},"featured_media":240594,"template":"","meta":{"_acf_changed":false},"product_brand":[],"product_cat":[9802,9803],"product_tag":[],"class_list":{"0":"post-240597","1":"product","2":"type-product","3":"status-publish","4":"has-post-thumbnail","6":"product_cat-motorrader","7":"product_cat-suzuki-motorrad","9":"first","10":"instock","11":"shipping-taxable","12":"purchasable","13":"product-type-simple"},"acf":[],"yoast_head":"<!-- This site is optimized with the Yoast SEO plugin v27.5 - https:\/\/yoast.com\/product\/yoast-seo-wordpress\/ -->\n<title>SUZUKI GSX-8R - Gen\u00e8ve Moto Center<\/title>\n<meta name=\"description\" content=\"Eine perfekte Harmonie zwischen Kraft, Agilit\u00e4t, Komfort und blitzschneller Reaktionsf\u00e4higkeit. Die volle Kontrolle liegt in Ihren H\u00e4nden! Probieren Sie es aus!\" \/>\n<meta name=\"robots\" content=\"index, follow, max-snippet:-1, max-image-preview:large, max-video-preview:-1\" \/>\n<link rel=\"canonical\" href=\"https:\/\/www.gmc-moto.ch\/de\/suzuki-gsx-8r\/\" \/>\n<meta property=\"og:locale\" content=\"de_DE\" \/>\n<meta property=\"og:type\" content=\"article\" \/>\n<meta property=\"og:title\" content=\"SUZUKI GSX-8R - Gen\u00e8ve Moto Center\" \/>\n<meta property=\"og:description\" content=\"Eine perfekte Harmonie zwischen Kraft, Agilit\u00e4t, Komfort und blitzschneller Reaktionsf\u00e4higkeit. Die volle Kontrolle liegt in Ihren H\u00e4nden! Probieren Sie es aus!\" \/>\n<meta property=\"og:url\" content=\"https:\/\/www.gmc-moto.ch\/de\/suzuki-gsx-8r\/\" \/>\n<meta property=\"og:site_name\" content=\"Gen\u00e8ve Moto Center\" \/>\n<meta property=\"article:publisher\" content=\"https:\/\/www.facebook.com\/suzukigeneve\/\" \/>\n<meta property=\"article:modified_time\" content=\"2024-01-22T16:39:04+00:00\" \/>\n<meta property=\"og:image\" content=\"https:\/\/www.gmc-moto.ch\/wp-content\/uploads\/2024\/01\/suzuki-gsx-8r-02.png\" \/>\n\t<meta property=\"og:image:width\" content=\"800\" \/>\n\t<meta property=\"og:image:height\" content=\"534\" \/>\n\t<meta property=\"og:image:type\" content=\"image\/png\" \/>\n<meta name=\"twitter:card\" content=\"summary_large_image\" \/>\n<meta name=\"twitter:label1\" content=\"Gesch\u00e4tzte Lesezeit\" \/>\n\t<meta name=\"twitter:data1\" content=\"1 Minute\" \/>\n<script type=\"application\/ld+json\" class=\"yoast-schema-graph\">{\"@context\":\"https:\\\/\\\/schema.org\",\"@graph\":[{\"@type\":[\"WebPage\",\"ItemPage\"],\"@id\":\"https:\\\/\\\/www.gmc-moto.ch\\\/de\\\/suzuki-gsx-8r\\\/\",\"url\":\"https:\\\/\\\/www.gmc-moto.ch\\\/de\\\/suzuki-gsx-8r\\\/\",\"name\":\"SUZUKI GSX-8R - Gen\u00e8ve Moto Center\",\"isPartOf\":{\"@id\":\"https:\\\/\\\/www.gmc-moto.ch\\\/de\\\/#website\"},\"primaryImageOfPage\":{\"@id\":\"https:\\\/\\\/www.gmc-moto.ch\\\/de\\\/suzuki-gsx-8r\\\/#primaryimage\"},\"image\":{\"@id\":\"https:\\\/\\\/www.gmc-moto.ch\\\/de\\\/suzuki-gsx-8r\\\/#primaryimage\"},\"thumbnailUrl\":\"https:\\\/\\\/www.gmc-moto.ch\\\/wp-content\\\/uploads\\\/2024\\\/01\\\/suzuki-gsx-8r-02.png\",\"datePublished\":\"2024-01-22T16:28:01+00:00\",\"dateModified\":\"2024-01-22T16:39:04+00:00\",\"description\":\"Eine perfekte Harmonie zwischen Kraft, Agilit\u00e4t, Komfort und blitzschneller Reaktionsf\u00e4higkeit. Die volle Kontrolle liegt in Ihren H\u00e4nden! Probieren Sie es aus!\",\"breadcrumb\":{\"@id\":\"https:\\\/\\\/www.gmc-moto.ch\\\/de\\\/suzuki-gsx-8r\\\/#breadcrumb\"},\"inLanguage\":\"de-DE\",\"potentialAction\":[{\"@type\":\"ReadAction\",\"target\":[\"https:\\\/\\\/www.gmc-moto.ch\\\/de\\\/suzuki-gsx-8r\\\/\"]}]},{\"@type\":\"ImageObject\",\"inLanguage\":\"de-DE\",\"@id\":\"https:\\\/\\\/www.gmc-moto.ch\\\/de\\\/suzuki-gsx-8r\\\/#primaryimage\",\"url\":\"https:\\\/\\\/www.gmc-moto.ch\\\/wp-content\\\/uploads\\\/2024\\\/01\\\/suzuki-gsx-8r-02.png\",\"contentUrl\":\"https:\\\/\\\/www.gmc-moto.ch\\\/wp-content\\\/uploads\\\/2024\\\/01\\\/suzuki-gsx-8r-02.png\",\"width\":800,\"height\":534,\"caption\":\"Moto Suzuki GSX-8R - Gen\u00e8ve Moto Center\"},{\"@type\":\"BreadcrumbList\",\"@id\":\"https:\\\/\\\/www.gmc-moto.ch\\\/de\\\/suzuki-gsx-8r\\\/#breadcrumb\",\"itemListElement\":[{\"@type\":\"ListItem\",\"position\":1,\"name\":\"Home\",\"item\":\"https:\\\/\\\/www.gmc-moto.ch\\\/de\\\/\"},{\"@type\":\"ListItem\",\"position\":2,\"name\":\"Produkte\",\"item\":\"https:\\\/\\\/www.gmc-moto.ch\\\/de\\\/shop\\\/\"},{\"@type\":\"ListItem\",\"position\":3,\"name\":\"SUZUKI GSX-8R\"}]},{\"@type\":\"WebSite\",\"@id\":\"https:\\\/\\\/www.gmc-moto.ch\\\/de\\\/#website\",\"url\":\"https:\\\/\\\/www.gmc-moto.ch\\\/de\\\/\",\"name\":\"Gen\u00e8ve Moto Center\",\"description\":\"Motos et Scooters neufs - Le plus grand showroom de suisse romande - Venez essayer nos mod\u00e8les - Atelier Motos Scooters - Centre Karcher\",\"publisher\":{\"@id\":\"https:\\\/\\\/www.gmc-moto.ch\\\/de\\\/#organization\"},\"alternateName\":\"GMC-Moto\",\"potentialAction\":[{\"@type\":\"SearchAction\",\"target\":{\"@type\":\"EntryPoint\",\"urlTemplate\":\"https:\\\/\\\/www.gmc-moto.ch\\\/de\\\/?s={search_term_string}\"},\"query-input\":{\"@type\":\"PropertyValueSpecification\",\"valueRequired\":true,\"valueName\":\"search_term_string\"}}],\"inLanguage\":\"de-DE\"},{\"@type\":\"Organization\",\"@id\":\"https:\\\/\\\/www.gmc-moto.ch\\\/de\\\/#organization\",\"name\":\"Gen\u00e8ve Moto Center SA\",\"alternateName\":\"GMC\",\"url\":\"https:\\\/\\\/www.gmc-moto.ch\\\/de\\\/\",\"logo\":{\"@type\":\"ImageObject\",\"inLanguage\":\"de-DE\",\"@id\":\"https:\\\/\\\/www.gmc-moto.ch\\\/de\\\/#\\\/schema\\\/logo\\\/image\\\/\",\"url\":\"https:\\\/\\\/www.gmc-moto.ch\\\/wp-content\\\/uploads\\\/2020\\\/08\\\/logo-emboss-s.png\",\"contentUrl\":\"https:\\\/\\\/www.gmc-moto.ch\\\/wp-content\\\/uploads\\\/2020\\\/08\\\/logo-emboss-s.png\",\"width\":80,\"height\":80,\"caption\":\"Gen\u00e8ve Moto Center SA\"},\"image\":{\"@id\":\"https:\\\/\\\/www.gmc-moto.ch\\\/de\\\/#\\\/schema\\\/logo\\\/image\\\/\"},\"sameAs\":[\"https:\\\/\\\/www.facebook.com\\\/suzukigeneve\\\/\",\"https:\\\/\\\/www.instagram.com\\\/genevemotocenter\\\/\"]}]}<\/script>\n<!-- \/ Yoast SEO plugin. -->","yoast_head_json":{"title":"SUZUKI GSX-8R - Gen\u00e8ve Moto Center","description":"Eine perfekte Harmonie zwischen Kraft, Agilit\u00e4t, Komfort und blitzschneller Reaktionsf\u00e4higkeit. Die volle Kontrolle liegt in Ihren H\u00e4nden! Probieren Sie es aus!","robots":{"index":"index","follow":"follow","max-snippet":"max-snippet:-1","max-image-preview":"max-image-preview:large","max-video-preview":"max-video-preview:-1"},"canonical":"https:\/\/www.gmc-moto.ch\/de\/suzuki-gsx-8r\/","og_locale":"de_DE","og_type":"article","og_title":"SUZUKI GSX-8R - Gen\u00e8ve Moto Center","og_description":"Eine perfekte Harmonie zwischen Kraft, Agilit\u00e4t, Komfort und blitzschneller Reaktionsf\u00e4higkeit. Die volle Kontrolle liegt in Ihren H\u00e4nden! Probieren Sie es aus!","og_url":"https:\/\/www.gmc-moto.ch\/de\/suzuki-gsx-8r\/","og_site_name":"Gen\u00e8ve Moto Center","article_publisher":"https:\/\/www.facebook.com\/suzukigeneve\/","article_modified_time":"2024-01-22T16:39:04+00:00","og_image":[{"width":800,"height":534,"url":"https:\/\/www.gmc-moto.ch\/wp-content\/uploads\/2024\/01\/suzuki-gsx-8r-02.png","type":"image\/png"}],"twitter_card":"summary_large_image","twitter_misc":{"Gesch\u00e4tzte Lesezeit":"1 Minute"},"schema":{"@context":"https:\/\/schema.org","@graph":[{"@type":["WebPage","ItemPage"],"@id":"https:\/\/www.gmc-moto.ch\/de\/suzuki-gsx-8r\/","url":"https:\/\/www.gmc-moto.ch\/de\/suzuki-gsx-8r\/","name":"SUZUKI GSX-8R - Gen\u00e8ve Moto Center","isPartOf":{"@id":"https:\/\/www.gmc-moto.ch\/de\/#website"},"primaryImageOfPage":{"@id":"https:\/\/www.gmc-moto.ch\/de\/suzuki-gsx-8r\/#primaryimage"},"image":{"@id":"https:\/\/www.gmc-moto.ch\/de\/suzuki-gsx-8r\/#primaryimage"},"thumbnailUrl":"https:\/\/www.gmc-moto.ch\/wp-content\/uploads\/2024\/01\/suzuki-gsx-8r-02.png","datePublished":"2024-01-22T16:28:01+00:00","dateModified":"2024-01-22T16:39:04+00:00","description":"Eine perfekte Harmonie zwischen Kraft, Agilit\u00e4t, Komfort und blitzschneller Reaktionsf\u00e4higkeit. Die volle Kontrolle liegt in Ihren H\u00e4nden! Probieren Sie es aus!","breadcrumb":{"@id":"https:\/\/www.gmc-moto.ch\/de\/suzuki-gsx-8r\/#breadcrumb"},"inLanguage":"de-DE","potentialAction":[{"@type":"ReadAction","target":["https:\/\/www.gmc-moto.ch\/de\/suzuki-gsx-8r\/"]}]},{"@type":"ImageObject","inLanguage":"de-DE","@id":"https:\/\/www.gmc-moto.ch\/de\/suzuki-gsx-8r\/#primaryimage","url":"https:\/\/www.gmc-moto.ch\/wp-content\/uploads\/2024\/01\/suzuki-gsx-8r-02.png","contentUrl":"https:\/\/www.gmc-moto.ch\/wp-content\/uploads\/2024\/01\/suzuki-gsx-8r-02.png","width":800,"height":534,"caption":"Moto Suzuki GSX-8R - Gen\u00e8ve Moto Center"},{"@type":"BreadcrumbList","@id":"https:\/\/www.gmc-moto.ch\/de\/suzuki-gsx-8r\/#breadcrumb","itemListElement":[{"@type":"ListItem","position":1,"name":"Home","item":"https:\/\/www.gmc-moto.ch\/de\/"},{"@type":"ListItem","position":2,"name":"Produkte","item":"https:\/\/www.gmc-moto.ch\/de\/shop\/"},{"@type":"ListItem","position":3,"name":"SUZUKI GSX-8R"}]},{"@type":"WebSite","@id":"https:\/\/www.gmc-moto.ch\/de\/#website","url":"https:\/\/www.gmc-moto.ch\/de\/","name":"Gen\u00e8ve Moto Center","description":"Motos et Scooters neufs - Le plus grand showroom de suisse romande - Venez essayer nos mod\u00e8les - Atelier Motos Scooters - Centre Karcher","publisher":{"@id":"https:\/\/www.gmc-moto.ch\/de\/#organization"},"alternateName":"GMC-Moto","potentialAction":[{"@type":"SearchAction","target":{"@type":"EntryPoint","urlTemplate":"https:\/\/www.gmc-moto.ch\/de\/?s={search_term_string}"},"query-input":{"@type":"PropertyValueSpecification","valueRequired":true,"valueName":"search_term_string"}}],"inLanguage":"de-DE"},{"@type":"Organization","@id":"https:\/\/www.gmc-moto.ch\/de\/#organization","name":"Gen\u00e8ve Moto Center SA","alternateName":"GMC","url":"https:\/\/www.gmc-moto.ch\/de\/","logo":{"@type":"ImageObject","inLanguage":"de-DE","@id":"https:\/\/www.gmc-moto.ch\/de\/#\/schema\/logo\/image\/","url":"https:\/\/www.gmc-moto.ch\/wp-content\/uploads\/2020\/08\/logo-emboss-s.png","contentUrl":"https:\/\/www.gmc-moto.ch\/wp-content\/uploads\/2020\/08\/logo-emboss-s.png","width":80,"height":80,"caption":"Gen\u00e8ve Moto Center SA"},"image":{"@id":"https:\/\/www.gmc-moto.ch\/de\/#\/schema\/logo\/image\/"},"sameAs":["https:\/\/www.facebook.com\/suzukigeneve\/","https:\/\/www.instagram.com\/genevemotocenter\/"]}]}},"_links":{"self":[{"href":"https:\/\/www.gmc-moto.ch\/de\/wp-json\/wp\/v2\/product\/240597","targetHints":{"allow":["GET"]}}],"collection":[{"href":"https:\/\/www.gmc-moto.ch\/de\/wp-json\/wp\/v2\/product"}],"about":[{"href":"https:\/\/www.gmc-moto.ch\/de\/wp-json\/wp\/v2\/types\/product"}],"wp:featuredmedia":[{"embeddable":true,"href":"https:\/\/www.gmc-moto.ch\/de\/wp-json\/wp\/v2\/media\/240594"}],"wp:attachment":[{"href":"https:\/\/www.gmc-moto.ch\/de\/wp-json\/wp\/v2\/media?parent=240597"}],"wp:term":[{"taxonomy":"product_brand","embeddable":true,"href":"https:\/\/www.gmc-moto.ch\/de\/wp-json\/wp\/v2\/product_brand?post=240597"},{"taxonomy":"product_cat","embeddable":true,"href":"https:\/\/www.gmc-moto.ch\/de\/wp-json\/wp\/v2\/product_cat?post=240597"},{"taxonomy":"product_tag","embeddable":true,"href":"https:\/\/www.gmc-moto.ch\/de\/wp-json\/wp\/v2\/product_tag?post=240597"}],"curies":[{"name":"wp","href":"https:\/\/api.w.org\/{rel}","templated":true}]}}