{"id":240513,"date":"2024-01-16T18:08:59","date_gmt":"2024-01-16T17:08:59","guid":{"rendered":"https:\/\/www.gmc-moto.ch\/voiture-electriue-xev-yoyo\/"},"modified":"2024-06-29T11:26:24","modified_gmt":"2024-06-29T09:26:24","slug":"voiture-elektroauto-xev-yoyo","status":"publish","type":"product","link":"https:\/\/www.gmc-moto.ch\/de\/voiture-elektroauto-xev-yoyo\/","title":{"rendered":"XEV YOYO"},"content":{"rendered":"","protected":false},"excerpt":{"rendered":"<p>Ein Elektroauto mit f\u00fcr alle zug\u00e4nglicher Technologie und f\u00fcr eine <strong>verantwortungsvolle Mobilit\u00e4t<\/strong>!<\/p>\n","protected":false},"featured_media":240527,"template":"","meta":{"_acf_changed":false},"product_brand":[],"product_cat":[10036],"product_tag":[],"class_list":{"0":"post-240513","1":"product","2":"type-product","3":"status-publish","4":"has-post-thumbnail","6":"product_cat-elektroauto","8":"first","9":"instock","10":"featured","11":"shipping-taxable","12":"purchasable","13":"product-type-simple"},"acf":[],"yoast_head":"<!-- This site is optimized with the Yoast SEO plugin v27.4 - https:\/\/yoast.com\/product\/yoast-seo-wordpress\/ -->\n<title>XEV YOYO - Gen\u00e8ve Moto Center<\/title>\n<meta name=\"description\" content=\"Ein Elektroauto mit f\u00fcr alle zug\u00e4nglicher Technologie und f\u00fcr eine verantwortungsvolle Mobilit\u00e4t, die ihre Auswirkungen auf die Umwelt ber\u00fccksichtigt.\" \/>\n<meta name=\"robots\" content=\"index, follow, max-snippet:-1, max-image-preview:large, max-video-preview:-1\" \/>\n<link rel=\"canonical\" href=\"https:\/\/www.gmc-moto.ch\/de\/voiture-elektroauto-xev-yoyo\/\" \/>\n<meta property=\"og:locale\" content=\"de_DE\" \/>\n<meta property=\"og:type\" content=\"article\" \/>\n<meta property=\"og:title\" content=\"XEV YOYO - Gen\u00e8ve Moto Center\" \/>\n<meta property=\"og:description\" content=\"Ein Elektroauto mit f\u00fcr alle zug\u00e4nglicher Technologie und f\u00fcr eine verantwortungsvolle Mobilit\u00e4t, die ihre Auswirkungen auf die Umwelt ber\u00fccksichtigt.\" \/>\n<meta property=\"og:url\" content=\"https:\/\/www.gmc-moto.ch\/de\/voiture-elektroauto-xev-yoyo\/\" \/>\n<meta property=\"og:site_name\" content=\"Gen\u00e8ve Moto Center\" \/>\n<meta property=\"article:publisher\" content=\"https:\/\/www.facebook.com\/suzukigeneve\/\" \/>\n<meta property=\"article:modified_time\" content=\"2024-06-29T09:26:24+00:00\" \/>\n<meta property=\"og:image\" content=\"https:\/\/www.gmc-moto.ch\/wp-content\/uploads\/2024\/01\/voiture-electrique-xev-yoyo-08.png\" \/>\n\t<meta property=\"og:image:width\" content=\"800\" \/>\n\t<meta property=\"og:image:height\" content=\"535\" \/>\n\t<meta property=\"og:image:type\" content=\"image\/png\" \/>\n<meta name=\"twitter:card\" content=\"summary_large_image\" \/>\n<meta name=\"twitter:label1\" content=\"Gesch\u00e4tzte Lesezeit\" \/>\n\t<meta name=\"twitter:data1\" content=\"1 Minute\" \/>\n<script type=\"application\/ld+json\" class=\"yoast-schema-graph\">{\"@context\":\"https:\\\/\\\/schema.org\",\"@graph\":[{\"@type\":[\"WebPage\",\"ItemPage\"],\"@id\":\"https:\\\/\\\/www.gmc-moto.ch\\\/de\\\/voiture-elektroauto-xev-yoyo\\\/\",\"url\":\"https:\\\/\\\/www.gmc-moto.ch\\\/de\\\/voiture-elektroauto-xev-yoyo\\\/\",\"name\":\"XEV YOYO - Gen\u00e8ve Moto Center\",\"isPartOf\":{\"@id\":\"https:\\\/\\\/www.gmc-moto.ch\\\/de\\\/#website\"},\"primaryImageOfPage\":{\"@id\":\"https:\\\/\\\/www.gmc-moto.ch\\\/de\\\/voiture-elektroauto-xev-yoyo\\\/#primaryimage\"},\"image\":{\"@id\":\"https:\\\/\\\/www.gmc-moto.ch\\\/de\\\/voiture-elektroauto-xev-yoyo\\\/#primaryimage\"},\"thumbnailUrl\":\"https:\\\/\\\/www.gmc-moto.ch\\\/wp-content\\\/uploads\\\/2024\\\/01\\\/voiture-electrique-xev-yoyo-08.png\",\"datePublished\":\"2024-01-16T17:08:59+00:00\",\"dateModified\":\"2024-06-29T09:26:24+00:00\",\"description\":\"Ein Elektroauto mit f\u00fcr alle zug\u00e4nglicher Technologie und f\u00fcr eine verantwortungsvolle Mobilit\u00e4t, die ihre Auswirkungen auf die Umwelt ber\u00fccksichtigt.\",\"breadcrumb\":{\"@id\":\"https:\\\/\\\/www.gmc-moto.ch\\\/de\\\/voiture-elektroauto-xev-yoyo\\\/#breadcrumb\"},\"inLanguage\":\"de-DE\",\"potentialAction\":[{\"@type\":\"ReadAction\",\"target\":[\"https:\\\/\\\/www.gmc-moto.ch\\\/de\\\/voiture-elektroauto-xev-yoyo\\\/\"]}]},{\"@type\":\"ImageObject\",\"inLanguage\":\"de-DE\",\"@id\":\"https:\\\/\\\/www.gmc-moto.ch\\\/de\\\/voiture-elektroauto-xev-yoyo\\\/#primaryimage\",\"url\":\"https:\\\/\\\/www.gmc-moto.ch\\\/wp-content\\\/uploads\\\/2024\\\/01\\\/voiture-electrique-xev-yoyo-08.png\",\"contentUrl\":\"https:\\\/\\\/www.gmc-moto.ch\\\/wp-content\\\/uploads\\\/2024\\\/01\\\/voiture-electrique-xev-yoyo-08.png\",\"width\":800,\"height\":535,\"caption\":\"Voiture \u00e9lectrique XEV YOYO - Gen\u00e8ve Moto Center\"},{\"@type\":\"BreadcrumbList\",\"@id\":\"https:\\\/\\\/www.gmc-moto.ch\\\/de\\\/voiture-elektroauto-xev-yoyo\\\/#breadcrumb\",\"itemListElement\":[{\"@type\":\"ListItem\",\"position\":1,\"name\":\"Home\",\"item\":\"https:\\\/\\\/www.gmc-moto.ch\\\/de\\\/\"},{\"@type\":\"ListItem\",\"position\":2,\"name\":\"Produkte\",\"item\":\"https:\\\/\\\/www.gmc-moto.ch\\\/de\\\/shop\\\/\"},{\"@type\":\"ListItem\",\"position\":3,\"name\":\"XEV YOYO\"}]},{\"@type\":\"WebSite\",\"@id\":\"https:\\\/\\\/www.gmc-moto.ch\\\/de\\\/#website\",\"url\":\"https:\\\/\\\/www.gmc-moto.ch\\\/de\\\/\",\"name\":\"Gen\u00e8ve Moto Center\",\"description\":\"Motos et Scooters neufs - Le plus grand showroom de suisse romande - Venez essayer nos mod\u00e8les - Atelier Motos Scooters - Centre Karcher\",\"publisher\":{\"@id\":\"https:\\\/\\\/www.gmc-moto.ch\\\/de\\\/#organization\"},\"alternateName\":\"GMC-Moto\",\"potentialAction\":[{\"@type\":\"SearchAction\",\"target\":{\"@type\":\"EntryPoint\",\"urlTemplate\":\"https:\\\/\\\/www.gmc-moto.ch\\\/de\\\/?s={search_term_string}\"},\"query-input\":{\"@type\":\"PropertyValueSpecification\",\"valueRequired\":true,\"valueName\":\"search_term_string\"}}],\"inLanguage\":\"de-DE\"},{\"@type\":\"Organization\",\"@id\":\"https:\\\/\\\/www.gmc-moto.ch\\\/de\\\/#organization\",\"name\":\"Gen\u00e8ve Moto Center SA\",\"alternateName\":\"GMC\",\"url\":\"https:\\\/\\\/www.gmc-moto.ch\\\/de\\\/\",\"logo\":{\"@type\":\"ImageObject\",\"inLanguage\":\"de-DE\",\"@id\":\"https:\\\/\\\/www.gmc-moto.ch\\\/de\\\/#\\\/schema\\\/logo\\\/image\\\/\",\"url\":\"https:\\\/\\\/www.gmc-moto.ch\\\/wp-content\\\/uploads\\\/2020\\\/08\\\/logo-emboss-s.png\",\"contentUrl\":\"https:\\\/\\\/www.gmc-moto.ch\\\/wp-content\\\/uploads\\\/2020\\\/08\\\/logo-emboss-s.png\",\"width\":80,\"height\":80,\"caption\":\"Gen\u00e8ve Moto Center SA\"},\"image\":{\"@id\":\"https:\\\/\\\/www.gmc-moto.ch\\\/de\\\/#\\\/schema\\\/logo\\\/image\\\/\"},\"sameAs\":[\"https:\\\/\\\/www.facebook.com\\\/suzukigeneve\\\/\",\"https:\\\/\\\/www.instagram.com\\\/genevemotocenter\\\/\"]}]}<\/script>\n<!-- \/ Yoast SEO plugin. -->","yoast_head_json":{"title":"XEV YOYO - Gen\u00e8ve Moto Center","description":"Ein Elektroauto mit f\u00fcr alle zug\u00e4nglicher Technologie und f\u00fcr eine verantwortungsvolle Mobilit\u00e4t, die ihre Auswirkungen auf die Umwelt ber\u00fccksichtigt.","robots":{"index":"index","follow":"follow","max-snippet":"max-snippet:-1","max-image-preview":"max-image-preview:large","max-video-preview":"max-video-preview:-1"},"canonical":"https:\/\/www.gmc-moto.ch\/de\/voiture-elektroauto-xev-yoyo\/","og_locale":"de_DE","og_type":"article","og_title":"XEV YOYO - Gen\u00e8ve Moto Center","og_description":"Ein Elektroauto mit f\u00fcr alle zug\u00e4nglicher Technologie und f\u00fcr eine verantwortungsvolle Mobilit\u00e4t, die ihre Auswirkungen auf die Umwelt ber\u00fccksichtigt.","og_url":"https:\/\/www.gmc-moto.ch\/de\/voiture-elektroauto-xev-yoyo\/","og_site_name":"Gen\u00e8ve Moto Center","article_publisher":"https:\/\/www.facebook.com\/suzukigeneve\/","article_modified_time":"2024-06-29T09:26:24+00:00","og_image":[{"width":800,"height":535,"url":"https:\/\/www.gmc-moto.ch\/wp-content\/uploads\/2024\/01\/voiture-electrique-xev-yoyo-08.png","type":"image\/png"}],"twitter_card":"summary_large_image","twitter_misc":{"Gesch\u00e4tzte Lesezeit":"1 Minute"},"schema":{"@context":"https:\/\/schema.org","@graph":[{"@type":["WebPage","ItemPage"],"@id":"https:\/\/www.gmc-moto.ch\/de\/voiture-elektroauto-xev-yoyo\/","url":"https:\/\/www.gmc-moto.ch\/de\/voiture-elektroauto-xev-yoyo\/","name":"XEV YOYO - Gen\u00e8ve Moto Center","isPartOf":{"@id":"https:\/\/www.gmc-moto.ch\/de\/#website"},"primaryImageOfPage":{"@id":"https:\/\/www.gmc-moto.ch\/de\/voiture-elektroauto-xev-yoyo\/#primaryimage"},"image":{"@id":"https:\/\/www.gmc-moto.ch\/de\/voiture-elektroauto-xev-yoyo\/#primaryimage"},"thumbnailUrl":"https:\/\/www.gmc-moto.ch\/wp-content\/uploads\/2024\/01\/voiture-electrique-xev-yoyo-08.png","datePublished":"2024-01-16T17:08:59+00:00","dateModified":"2024-06-29T09:26:24+00:00","description":"Ein Elektroauto mit f\u00fcr alle zug\u00e4nglicher Technologie und f\u00fcr eine verantwortungsvolle Mobilit\u00e4t, die ihre Auswirkungen auf die Umwelt ber\u00fccksichtigt.","breadcrumb":{"@id":"https:\/\/www.gmc-moto.ch\/de\/voiture-elektroauto-xev-yoyo\/#breadcrumb"},"inLanguage":"de-DE","potentialAction":[{"@type":"ReadAction","target":["https:\/\/www.gmc-moto.ch\/de\/voiture-elektroauto-xev-yoyo\/"]}]},{"@type":"ImageObject","inLanguage":"de-DE","@id":"https:\/\/www.gmc-moto.ch\/de\/voiture-elektroauto-xev-yoyo\/#primaryimage","url":"https:\/\/www.gmc-moto.ch\/wp-content\/uploads\/2024\/01\/voiture-electrique-xev-yoyo-08.png","contentUrl":"https:\/\/www.gmc-moto.ch\/wp-content\/uploads\/2024\/01\/voiture-electrique-xev-yoyo-08.png","width":800,"height":535,"caption":"Voiture \u00e9lectrique XEV YOYO - Gen\u00e8ve Moto Center"},{"@type":"BreadcrumbList","@id":"https:\/\/www.gmc-moto.ch\/de\/voiture-elektroauto-xev-yoyo\/#breadcrumb","itemListElement":[{"@type":"ListItem","position":1,"name":"Home","item":"https:\/\/www.gmc-moto.ch\/de\/"},{"@type":"ListItem","position":2,"name":"Produkte","item":"https:\/\/www.gmc-moto.ch\/de\/shop\/"},{"@type":"ListItem","position":3,"name":"XEV YOYO"}]},{"@type":"WebSite","@id":"https:\/\/www.gmc-moto.ch\/de\/#website","url":"https:\/\/www.gmc-moto.ch\/de\/","name":"Gen\u00e8ve Moto Center","description":"Motos et Scooters neufs - Le plus grand showroom de suisse romande - Venez essayer nos mod\u00e8les - Atelier Motos Scooters - Centre Karcher","publisher":{"@id":"https:\/\/www.gmc-moto.ch\/de\/#organization"},"alternateName":"GMC-Moto","potentialAction":[{"@type":"SearchAction","target":{"@type":"EntryPoint","urlTemplate":"https:\/\/www.gmc-moto.ch\/de\/?s={search_term_string}"},"query-input":{"@type":"PropertyValueSpecification","valueRequired":true,"valueName":"search_term_string"}}],"inLanguage":"de-DE"},{"@type":"Organization","@id":"https:\/\/www.gmc-moto.ch\/de\/#organization","name":"Gen\u00e8ve Moto Center SA","alternateName":"GMC","url":"https:\/\/www.gmc-moto.ch\/de\/","logo":{"@type":"ImageObject","inLanguage":"de-DE","@id":"https:\/\/www.gmc-moto.ch\/de\/#\/schema\/logo\/image\/","url":"https:\/\/www.gmc-moto.ch\/wp-content\/uploads\/2020\/08\/logo-emboss-s.png","contentUrl":"https:\/\/www.gmc-moto.ch\/wp-content\/uploads\/2020\/08\/logo-emboss-s.png","width":80,"height":80,"caption":"Gen\u00e8ve Moto Center SA"},"image":{"@id":"https:\/\/www.gmc-moto.ch\/de\/#\/schema\/logo\/image\/"},"sameAs":["https:\/\/www.facebook.com\/suzukigeneve\/","https:\/\/www.instagram.com\/genevemotocenter\/"]}]}},"_links":{"self":[{"href":"https:\/\/www.gmc-moto.ch\/de\/wp-json\/wp\/v2\/product\/240513","targetHints":{"allow":["GET"]}}],"collection":[{"href":"https:\/\/www.gmc-moto.ch\/de\/wp-json\/wp\/v2\/product"}],"about":[{"href":"https:\/\/www.gmc-moto.ch\/de\/wp-json\/wp\/v2\/types\/product"}],"wp:featuredmedia":[{"embeddable":true,"href":"https:\/\/www.gmc-moto.ch\/de\/wp-json\/wp\/v2\/media\/240527"}],"wp:attachment":[{"href":"https:\/\/www.gmc-moto.ch\/de\/wp-json\/wp\/v2\/media?parent=240513"}],"wp:term":[{"taxonomy":"product_brand","embeddable":true,"href":"https:\/\/www.gmc-moto.ch\/de\/wp-json\/wp\/v2\/product_brand?post=240513"},{"taxonomy":"product_cat","embeddable":true,"href":"https:\/\/www.gmc-moto.ch\/de\/wp-json\/wp\/v2\/product_cat?post=240513"},{"taxonomy":"product_tag","embeddable":true,"href":"https:\/\/www.gmc-moto.ch\/de\/wp-json\/wp\/v2\/product_tag?post=240513"}],"curies":[{"name":"wp","href":"https:\/\/api.w.org\/{rel}","templated":true}]}}