{"id":240280,"date":"2023-10-09T16:48:13","date_gmt":"2023-10-09T14:48:13","guid":{"rendered":"https:\/\/www.gmc-moto.ch\/moto-voge-300r\/"},"modified":"2023-10-13T10:00:03","modified_gmt":"2023-10-13T08:00:03","slug":"moto-voge-300r","status":"publish","type":"product","link":"https:\/\/www.gmc-moto.ch\/de\/moto-voge-300r\/","title":{"rendered":"Moto Voge 300R Naked"},"content":{"rendered":"","protected":false},"excerpt":{"rendered":"<p>Wendig, pr\u00e4zise und einfach toll zu fahren! Die kleine Schwester der 500R l\u00e4sst sich ganz leicht und auf h\u00f6chstem Niveau f\u00fcr jedermann man\u00f6vrieren, egal ob in der Stadt oder auf der Landstra\u00dfe.<\/p>\n","protected":false},"featured_media":239926,"template":"","meta":{"_acf_changed":false},"product_brand":[],"product_cat":[9802,9804,10028],"product_tag":[],"class_list":{"0":"post-240280","1":"product","2":"type-product","3":"status-publish","4":"has-post-thumbnail","6":"product_cat-motorrader","7":"product_cat-genfer-motorradtests","8":"product_cat-motorraeder-voge","10":"first","11":"instock","12":"sold-individually","13":"shipping-taxable","14":"purchasable","15":"product-type-simple"},"acf":[],"yoast_head":"<!-- This site is optimized with the Yoast SEO plugin v27.5 - https:\/\/yoast.com\/product\/yoast-seo-wordpress\/ -->\n<title>Moto Voge 300R Naked - Gen\u00e8ve Moto Center<\/title>\n<meta name=\"description\" content=\"Wendig, pr\u00e4zise und einfach toll zu fahren! Die kleine Schwester des 500R ist sehr leicht zu man\u00f6vrieren, sie ist ideal f\u00fcr Einsteiger! Tests...\" \/>\n<meta name=\"robots\" content=\"index, follow, max-snippet:-1, max-image-preview:large, max-video-preview:-1\" \/>\n<link rel=\"canonical\" href=\"https:\/\/www.gmc-moto.ch\/de\/moto-voge-300r\/\" \/>\n<meta property=\"og:locale\" content=\"de_DE\" \/>\n<meta property=\"og:type\" content=\"article\" \/>\n<meta property=\"og:title\" content=\"Moto Voge 300R Naked - Gen\u00e8ve Moto Center\" \/>\n<meta property=\"og:description\" content=\"Wendig, pr\u00e4zise und einfach toll zu fahren! Die kleine Schwester des 500R ist sehr leicht zu man\u00f6vrieren, sie ist ideal f\u00fcr Einsteiger! Tests...\" \/>\n<meta property=\"og:url\" content=\"https:\/\/www.gmc-moto.ch\/de\/moto-voge-300r\/\" \/>\n<meta property=\"og:site_name\" content=\"Gen\u00e8ve Moto Center\" \/>\n<meta property=\"article:publisher\" content=\"https:\/\/www.facebook.com\/suzukigeneve\/\" \/>\n<meta property=\"article:modified_time\" content=\"2023-10-13T08:00:03+00:00\" \/>\n<meta property=\"og:image\" content=\"https:\/\/www.gmc-moto.ch\/wp-content\/uploads\/2023\/10\/moto-voge-300r.png\" \/>\n\t<meta property=\"og:image:width\" content=\"748\" \/>\n\t<meta property=\"og:image:height\" content=\"500\" \/>\n\t<meta property=\"og:image:type\" content=\"image\/png\" \/>\n<meta name=\"twitter:card\" content=\"summary_large_image\" \/>\n<script type=\"application\/ld+json\" class=\"yoast-schema-graph\">{\"@context\":\"https:\\\/\\\/schema.org\",\"@graph\":[{\"@type\":[\"WebPage\",\"ItemPage\"],\"@id\":\"https:\\\/\\\/www.gmc-moto.ch\\\/de\\\/moto-voge-300r\\\/\",\"url\":\"https:\\\/\\\/www.gmc-moto.ch\\\/de\\\/moto-voge-300r\\\/\",\"name\":\"Moto Voge 300R Naked - Gen\u00e8ve Moto Center\",\"isPartOf\":{\"@id\":\"https:\\\/\\\/www.gmc-moto.ch\\\/de\\\/#website\"},\"primaryImageOfPage\":{\"@id\":\"https:\\\/\\\/www.gmc-moto.ch\\\/de\\\/moto-voge-300r\\\/#primaryimage\"},\"image\":{\"@id\":\"https:\\\/\\\/www.gmc-moto.ch\\\/de\\\/moto-voge-300r\\\/#primaryimage\"},\"thumbnailUrl\":\"https:\\\/\\\/www.gmc-moto.ch\\\/wp-content\\\/uploads\\\/2023\\\/10\\\/moto-voge-300r.png\",\"datePublished\":\"2023-10-09T14:48:13+00:00\",\"dateModified\":\"2023-10-13T08:00:03+00:00\",\"description\":\"Wendig, pr\u00e4zise und einfach toll zu fahren! Die kleine Schwester des 500R ist sehr leicht zu man\u00f6vrieren, sie ist ideal f\u00fcr Einsteiger! Tests...\",\"breadcrumb\":{\"@id\":\"https:\\\/\\\/www.gmc-moto.ch\\\/de\\\/moto-voge-300r\\\/#breadcrumb\"},\"inLanguage\":\"de-DE\",\"potentialAction\":[{\"@type\":\"ReadAction\",\"target\":[\"https:\\\/\\\/www.gmc-moto.ch\\\/de\\\/moto-voge-300r\\\/\"]}]},{\"@type\":\"ImageObject\",\"inLanguage\":\"de-DE\",\"@id\":\"https:\\\/\\\/www.gmc-moto.ch\\\/de\\\/moto-voge-300r\\\/#primaryimage\",\"url\":\"https:\\\/\\\/www.gmc-moto.ch\\\/wp-content\\\/uploads\\\/2023\\\/10\\\/moto-voge-300r.png\",\"contentUrl\":\"https:\\\/\\\/www.gmc-moto.ch\\\/wp-content\\\/uploads\\\/2023\\\/10\\\/moto-voge-300r.png\",\"width\":748,\"height\":500,\"caption\":\"Moto Voge 300R - Gen\u00e8ve Moto Center\"},{\"@type\":\"BreadcrumbList\",\"@id\":\"https:\\\/\\\/www.gmc-moto.ch\\\/de\\\/moto-voge-300r\\\/#breadcrumb\",\"itemListElement\":[{\"@type\":\"ListItem\",\"position\":1,\"name\":\"Home\",\"item\":\"https:\\\/\\\/www.gmc-moto.ch\\\/de\\\/\"},{\"@type\":\"ListItem\",\"position\":2,\"name\":\"Produkte\",\"item\":\"https:\\\/\\\/www.gmc-moto.ch\\\/de\\\/shop\\\/\"},{\"@type\":\"ListItem\",\"position\":3,\"name\":\"Moto Voge 300R Naked\"}]},{\"@type\":\"WebSite\",\"@id\":\"https:\\\/\\\/www.gmc-moto.ch\\\/de\\\/#website\",\"url\":\"https:\\\/\\\/www.gmc-moto.ch\\\/de\\\/\",\"name\":\"Gen\u00e8ve Moto Center\",\"description\":\"Motos et Scooters neufs - Le plus grand showroom de suisse romande - Venez essayer nos mod\u00e8les - Atelier Motos Scooters - Centre Karcher\",\"publisher\":{\"@id\":\"https:\\\/\\\/www.gmc-moto.ch\\\/de\\\/#organization\"},\"alternateName\":\"GMC-Moto\",\"potentialAction\":[{\"@type\":\"SearchAction\",\"target\":{\"@type\":\"EntryPoint\",\"urlTemplate\":\"https:\\\/\\\/www.gmc-moto.ch\\\/de\\\/?s={search_term_string}\"},\"query-input\":{\"@type\":\"PropertyValueSpecification\",\"valueRequired\":true,\"valueName\":\"search_term_string\"}}],\"inLanguage\":\"de-DE\"},{\"@type\":\"Organization\",\"@id\":\"https:\\\/\\\/www.gmc-moto.ch\\\/de\\\/#organization\",\"name\":\"Gen\u00e8ve Moto Center SA\",\"alternateName\":\"GMC\",\"url\":\"https:\\\/\\\/www.gmc-moto.ch\\\/de\\\/\",\"logo\":{\"@type\":\"ImageObject\",\"inLanguage\":\"de-DE\",\"@id\":\"https:\\\/\\\/www.gmc-moto.ch\\\/de\\\/#\\\/schema\\\/logo\\\/image\\\/\",\"url\":\"https:\\\/\\\/www.gmc-moto.ch\\\/wp-content\\\/uploads\\\/2020\\\/08\\\/logo-emboss-s.png\",\"contentUrl\":\"https:\\\/\\\/www.gmc-moto.ch\\\/wp-content\\\/uploads\\\/2020\\\/08\\\/logo-emboss-s.png\",\"width\":80,\"height\":80,\"caption\":\"Gen\u00e8ve Moto Center SA\"},\"image\":{\"@id\":\"https:\\\/\\\/www.gmc-moto.ch\\\/de\\\/#\\\/schema\\\/logo\\\/image\\\/\"},\"sameAs\":[\"https:\\\/\\\/www.facebook.com\\\/suzukigeneve\\\/\",\"https:\\\/\\\/www.instagram.com\\\/genevemotocenter\\\/\"]}]}<\/script>\n<!-- \/ Yoast SEO plugin. -->","yoast_head_json":{"title":"Moto Voge 300R Naked - Gen\u00e8ve Moto Center","description":"Wendig, pr\u00e4zise und einfach toll zu fahren! Die kleine Schwester des 500R ist sehr leicht zu man\u00f6vrieren, sie ist ideal f\u00fcr Einsteiger! Tests...","robots":{"index":"index","follow":"follow","max-snippet":"max-snippet:-1","max-image-preview":"max-image-preview:large","max-video-preview":"max-video-preview:-1"},"canonical":"https:\/\/www.gmc-moto.ch\/de\/moto-voge-300r\/","og_locale":"de_DE","og_type":"article","og_title":"Moto Voge 300R Naked - Gen\u00e8ve Moto Center","og_description":"Wendig, pr\u00e4zise und einfach toll zu fahren! Die kleine Schwester des 500R ist sehr leicht zu man\u00f6vrieren, sie ist ideal f\u00fcr Einsteiger! Tests...","og_url":"https:\/\/www.gmc-moto.ch\/de\/moto-voge-300r\/","og_site_name":"Gen\u00e8ve Moto Center","article_publisher":"https:\/\/www.facebook.com\/suzukigeneve\/","article_modified_time":"2023-10-13T08:00:03+00:00","og_image":[{"width":748,"height":500,"url":"https:\/\/www.gmc-moto.ch\/wp-content\/uploads\/2023\/10\/moto-voge-300r.png","type":"image\/png"}],"twitter_card":"summary_large_image","schema":{"@context":"https:\/\/schema.org","@graph":[{"@type":["WebPage","ItemPage"],"@id":"https:\/\/www.gmc-moto.ch\/de\/moto-voge-300r\/","url":"https:\/\/www.gmc-moto.ch\/de\/moto-voge-300r\/","name":"Moto Voge 300R Naked - Gen\u00e8ve Moto Center","isPartOf":{"@id":"https:\/\/www.gmc-moto.ch\/de\/#website"},"primaryImageOfPage":{"@id":"https:\/\/www.gmc-moto.ch\/de\/moto-voge-300r\/#primaryimage"},"image":{"@id":"https:\/\/www.gmc-moto.ch\/de\/moto-voge-300r\/#primaryimage"},"thumbnailUrl":"https:\/\/www.gmc-moto.ch\/wp-content\/uploads\/2023\/10\/moto-voge-300r.png","datePublished":"2023-10-09T14:48:13+00:00","dateModified":"2023-10-13T08:00:03+00:00","description":"Wendig, pr\u00e4zise und einfach toll zu fahren! Die kleine Schwester des 500R ist sehr leicht zu man\u00f6vrieren, sie ist ideal f\u00fcr Einsteiger! Tests...","breadcrumb":{"@id":"https:\/\/www.gmc-moto.ch\/de\/moto-voge-300r\/#breadcrumb"},"inLanguage":"de-DE","potentialAction":[{"@type":"ReadAction","target":["https:\/\/www.gmc-moto.ch\/de\/moto-voge-300r\/"]}]},{"@type":"ImageObject","inLanguage":"de-DE","@id":"https:\/\/www.gmc-moto.ch\/de\/moto-voge-300r\/#primaryimage","url":"https:\/\/www.gmc-moto.ch\/wp-content\/uploads\/2023\/10\/moto-voge-300r.png","contentUrl":"https:\/\/www.gmc-moto.ch\/wp-content\/uploads\/2023\/10\/moto-voge-300r.png","width":748,"height":500,"caption":"Moto Voge 300R - Gen\u00e8ve Moto Center"},{"@type":"BreadcrumbList","@id":"https:\/\/www.gmc-moto.ch\/de\/moto-voge-300r\/#breadcrumb","itemListElement":[{"@type":"ListItem","position":1,"name":"Home","item":"https:\/\/www.gmc-moto.ch\/de\/"},{"@type":"ListItem","position":2,"name":"Produkte","item":"https:\/\/www.gmc-moto.ch\/de\/shop\/"},{"@type":"ListItem","position":3,"name":"Moto Voge 300R Naked"}]},{"@type":"WebSite","@id":"https:\/\/www.gmc-moto.ch\/de\/#website","url":"https:\/\/www.gmc-moto.ch\/de\/","name":"Gen\u00e8ve Moto Center","description":"Motos et Scooters neufs - Le plus grand showroom de suisse romande - Venez essayer nos mod\u00e8les - Atelier Motos Scooters - Centre Karcher","publisher":{"@id":"https:\/\/www.gmc-moto.ch\/de\/#organization"},"alternateName":"GMC-Moto","potentialAction":[{"@type":"SearchAction","target":{"@type":"EntryPoint","urlTemplate":"https:\/\/www.gmc-moto.ch\/de\/?s={search_term_string}"},"query-input":{"@type":"PropertyValueSpecification","valueRequired":true,"valueName":"search_term_string"}}],"inLanguage":"de-DE"},{"@type":"Organization","@id":"https:\/\/www.gmc-moto.ch\/de\/#organization","name":"Gen\u00e8ve Moto Center SA","alternateName":"GMC","url":"https:\/\/www.gmc-moto.ch\/de\/","logo":{"@type":"ImageObject","inLanguage":"de-DE","@id":"https:\/\/www.gmc-moto.ch\/de\/#\/schema\/logo\/image\/","url":"https:\/\/www.gmc-moto.ch\/wp-content\/uploads\/2020\/08\/logo-emboss-s.png","contentUrl":"https:\/\/www.gmc-moto.ch\/wp-content\/uploads\/2020\/08\/logo-emboss-s.png","width":80,"height":80,"caption":"Gen\u00e8ve Moto Center SA"},"image":{"@id":"https:\/\/www.gmc-moto.ch\/de\/#\/schema\/logo\/image\/"},"sameAs":["https:\/\/www.facebook.com\/suzukigeneve\/","https:\/\/www.instagram.com\/genevemotocenter\/"]}]}},"_links":{"self":[{"href":"https:\/\/www.gmc-moto.ch\/de\/wp-json\/wp\/v2\/product\/240280","targetHints":{"allow":["GET"]}}],"collection":[{"href":"https:\/\/www.gmc-moto.ch\/de\/wp-json\/wp\/v2\/product"}],"about":[{"href":"https:\/\/www.gmc-moto.ch\/de\/wp-json\/wp\/v2\/types\/product"}],"wp:featuredmedia":[{"embeddable":true,"href":"https:\/\/www.gmc-moto.ch\/de\/wp-json\/wp\/v2\/media\/239926"}],"wp:attachment":[{"href":"https:\/\/www.gmc-moto.ch\/de\/wp-json\/wp\/v2\/media?parent=240280"}],"wp:term":[{"taxonomy":"product_brand","embeddable":true,"href":"https:\/\/www.gmc-moto.ch\/de\/wp-json\/wp\/v2\/product_brand?post=240280"},{"taxonomy":"product_cat","embeddable":true,"href":"https:\/\/www.gmc-moto.ch\/de\/wp-json\/wp\/v2\/product_cat?post=240280"},{"taxonomy":"product_tag","embeddable":true,"href":"https:\/\/www.gmc-moto.ch\/de\/wp-json\/wp\/v2\/product_tag?post=240280"}],"curies":[{"name":"wp","href":"https:\/\/api.w.org\/{rel}","templated":true}]}}