{"id":238677,"date":"2022-06-22T15:51:08","date_gmt":"2022-06-22T13:51:08","guid":{"rendered":"https:\/\/www.gmc-moto.ch\/bn125-e5\/"},"modified":"2023-05-08T13:58:49","modified_gmt":"2023-05-08T11:58:49","slug":"bn125-e5","status":"publish","type":"product","link":"https:\/\/www.gmc-moto.ch\/de\/bn125-e5\/","title":{"rendered":"BN125 E5"},"content":{"rendered":"","protected":false},"excerpt":{"rendered":"<p>SIE HAT ALLES VON EINEM GROSSEN! Das BN 125 ist ein kompaktes Naked, das entwickelt wurde, um die neue Generation von Motorradfahrern zufrieden zu stellen. Es wird sowohl diejenigen begeistern, die sich in der Stadt weiterentwickeln m\u00f6chten, als auch diejenigen, die sich auf die Stra\u00dfe wagen und Spa\u00df haben m\u00f6chten. KOMPAKT &#8211; DESIGN &#8211; HANDHABUNG &#8211; EURO 5<\/p>\n","protected":false},"featured_media":235152,"template":"","meta":{"_acf_changed":false},"product_brand":[],"product_cat":[9802,9804,9904],"product_tag":[9977],"class_list":{"0":"post-238677","1":"product","2":"type-product","3":"status-publish","4":"has-post-thumbnail","6":"product_cat-motorrader","7":"product_cat-genfer-motorradtests","8":"product_cat-benelli-motorrad","9":"product_tag-motos-benelli-125-de","11":"first","12":"instock","13":"shipping-taxable","14":"purchasable","15":"product-type-simple"},"acf":[],"yoast_head":"<!-- This site is optimized with the Yoast SEO plugin v27.6 - https:\/\/yoast.com\/product\/yoast-seo-wordpress\/ -->\n<title>BN125 E5 - Gen\u00e8ve Moto Center<\/title>\n<meta name=\"description\" content=\"Naked Compact, entworfen, um die neue Generation von Motorradfahrern zufrieden zu stellen. Ein Genuss in der Stadt und in den Bergen, kommen Sie und probieren Sie es aus...\" \/>\n<meta name=\"robots\" content=\"index, follow, max-snippet:-1, max-image-preview:large, max-video-preview:-1\" \/>\n<link rel=\"canonical\" href=\"https:\/\/www.gmc-moto.ch\/de\/bn125-e5\/\" \/>\n<meta property=\"og:locale\" content=\"de_DE\" \/>\n<meta property=\"og:type\" content=\"article\" \/>\n<meta property=\"og:title\" content=\"BN125 E5 - Gen\u00e8ve Moto Center\" \/>\n<meta property=\"og:description\" content=\"Naked Compact, entworfen, um die neue Generation von Motorradfahrern zufrieden zu stellen. Ein Genuss in der Stadt und in den Bergen, kommen Sie und probieren Sie es aus...\" \/>\n<meta property=\"og:url\" content=\"https:\/\/www.gmc-moto.ch\/de\/bn125-e5\/\" \/>\n<meta property=\"og:site_name\" content=\"Gen\u00e8ve Moto Center\" \/>\n<meta property=\"article:publisher\" content=\"https:\/\/www.facebook.com\/suzukigeneve\/\" \/>\n<meta property=\"article:modified_time\" content=\"2023-05-08T11:58:49+00:00\" \/>\n<meta property=\"og:image\" content=\"https:\/\/www.gmc-moto.ch\/wp-content\/uploads\/2022\/06\/BN125_JM_M2_Ben.jpg\" \/>\n\t<meta property=\"og:image:width\" content=\"2560\" \/>\n\t<meta property=\"og:image:height\" content=\"1776\" \/>\n\t<meta property=\"og:image:type\" content=\"image\/jpeg\" \/>\n<meta name=\"twitter:card\" content=\"summary_large_image\" \/>\n<script type=\"application\/ld+json\" class=\"yoast-schema-graph\">{\"@context\":\"https:\\\/\\\/schema.org\",\"@graph\":[{\"@type\":[\"WebPage\",\"ItemPage\"],\"@id\":\"https:\\\/\\\/www.gmc-moto.ch\\\/de\\\/bn125-e5\\\/\",\"url\":\"https:\\\/\\\/www.gmc-moto.ch\\\/de\\\/bn125-e5\\\/\",\"name\":\"BN125 E5 - Gen\u00e8ve Moto Center\",\"isPartOf\":{\"@id\":\"https:\\\/\\\/www.gmc-moto.ch\\\/de\\\/#website\"},\"primaryImageOfPage\":{\"@id\":\"https:\\\/\\\/www.gmc-moto.ch\\\/de\\\/bn125-e5\\\/#primaryimage\"},\"image\":{\"@id\":\"https:\\\/\\\/www.gmc-moto.ch\\\/de\\\/bn125-e5\\\/#primaryimage\"},\"thumbnailUrl\":\"https:\\\/\\\/www.gmc-moto.ch\\\/wp-content\\\/uploads\\\/2022\\\/06\\\/BN125_JM_M2_Ben.jpg\",\"datePublished\":\"2022-06-22T13:51:08+00:00\",\"dateModified\":\"2023-05-08T11:58:49+00:00\",\"description\":\"Naked Compact, entworfen, um die neue Generation von Motorradfahrern zufrieden zu stellen. Ein Genuss in der Stadt und in den Bergen, kommen Sie und probieren Sie es aus...\",\"breadcrumb\":{\"@id\":\"https:\\\/\\\/www.gmc-moto.ch\\\/de\\\/bn125-e5\\\/#breadcrumb\"},\"inLanguage\":\"de-DE\",\"potentialAction\":[{\"@type\":\"ReadAction\",\"target\":[\"https:\\\/\\\/www.gmc-moto.ch\\\/de\\\/bn125-e5\\\/\"]}]},{\"@type\":\"ImageObject\",\"inLanguage\":\"de-DE\",\"@id\":\"https:\\\/\\\/www.gmc-moto.ch\\\/de\\\/bn125-e5\\\/#primaryimage\",\"url\":\"https:\\\/\\\/www.gmc-moto.ch\\\/wp-content\\\/uploads\\\/2022\\\/06\\\/BN125_JM_M2_Ben.jpg\",\"contentUrl\":\"https:\\\/\\\/www.gmc-moto.ch\\\/wp-content\\\/uploads\\\/2022\\\/06\\\/BN125_JM_M2_Ben.jpg\",\"width\":2560,\"height\":1776},{\"@type\":\"BreadcrumbList\",\"@id\":\"https:\\\/\\\/www.gmc-moto.ch\\\/de\\\/bn125-e5\\\/#breadcrumb\",\"itemListElement\":[{\"@type\":\"ListItem\",\"position\":1,\"name\":\"Home\",\"item\":\"https:\\\/\\\/www.gmc-moto.ch\\\/de\\\/\"},{\"@type\":\"ListItem\",\"position\":2,\"name\":\"Produkte\",\"item\":\"https:\\\/\\\/www.gmc-moto.ch\\\/de\\\/shop\\\/\"},{\"@type\":\"ListItem\",\"position\":3,\"name\":\"BN125 E5\"}]},{\"@type\":\"WebSite\",\"@id\":\"https:\\\/\\\/www.gmc-moto.ch\\\/de\\\/#website\",\"url\":\"https:\\\/\\\/www.gmc-moto.ch\\\/de\\\/\",\"name\":\"Gen\u00e8ve Moto Center\",\"description\":\"Motos et Scooters neufs - Le plus grand showroom de suisse romande - Venez essayer nos mod\u00e8les - Atelier Motos Scooters - Centre Karcher\",\"publisher\":{\"@id\":\"https:\\\/\\\/www.gmc-moto.ch\\\/de\\\/#organization\"},\"alternateName\":\"GMC-Moto\",\"potentialAction\":[{\"@type\":\"SearchAction\",\"target\":{\"@type\":\"EntryPoint\",\"urlTemplate\":\"https:\\\/\\\/www.gmc-moto.ch\\\/de\\\/?s={search_term_string}\"},\"query-input\":{\"@type\":\"PropertyValueSpecification\",\"valueRequired\":true,\"valueName\":\"search_term_string\"}}],\"inLanguage\":\"de-DE\"},{\"@type\":\"Organization\",\"@id\":\"https:\\\/\\\/www.gmc-moto.ch\\\/de\\\/#organization\",\"name\":\"Gen\u00e8ve Moto Center SA\",\"alternateName\":\"GMC\",\"url\":\"https:\\\/\\\/www.gmc-moto.ch\\\/de\\\/\",\"logo\":{\"@type\":\"ImageObject\",\"inLanguage\":\"de-DE\",\"@id\":\"https:\\\/\\\/www.gmc-moto.ch\\\/de\\\/#\\\/schema\\\/logo\\\/image\\\/\",\"url\":\"https:\\\/\\\/www.gmc-moto.ch\\\/wp-content\\\/uploads\\\/2020\\\/08\\\/logo-emboss-s.png\",\"contentUrl\":\"https:\\\/\\\/www.gmc-moto.ch\\\/wp-content\\\/uploads\\\/2020\\\/08\\\/logo-emboss-s.png\",\"width\":80,\"height\":80,\"caption\":\"Gen\u00e8ve Moto Center SA\"},\"image\":{\"@id\":\"https:\\\/\\\/www.gmc-moto.ch\\\/de\\\/#\\\/schema\\\/logo\\\/image\\\/\"},\"sameAs\":[\"https:\\\/\\\/www.facebook.com\\\/suzukigeneve\\\/\",\"https:\\\/\\\/www.instagram.com\\\/genevemotocenter\\\/\"]}]}<\/script>\n<!-- \/ Yoast SEO plugin. -->","yoast_head_json":{"title":"BN125 E5 - Gen\u00e8ve Moto Center","description":"Naked Compact, entworfen, um die neue Generation von Motorradfahrern zufrieden zu stellen. Ein Genuss in der Stadt und in den Bergen, kommen Sie und probieren Sie es aus...","robots":{"index":"index","follow":"follow","max-snippet":"max-snippet:-1","max-image-preview":"max-image-preview:large","max-video-preview":"max-video-preview:-1"},"canonical":"https:\/\/www.gmc-moto.ch\/de\/bn125-e5\/","og_locale":"de_DE","og_type":"article","og_title":"BN125 E5 - Gen\u00e8ve Moto Center","og_description":"Naked Compact, entworfen, um die neue Generation von Motorradfahrern zufrieden zu stellen. Ein Genuss in der Stadt und in den Bergen, kommen Sie und probieren Sie es aus...","og_url":"https:\/\/www.gmc-moto.ch\/de\/bn125-e5\/","og_site_name":"Gen\u00e8ve Moto Center","article_publisher":"https:\/\/www.facebook.com\/suzukigeneve\/","article_modified_time":"2023-05-08T11:58:49+00:00","og_image":[{"width":2560,"height":1776,"url":"https:\/\/www.gmc-moto.ch\/wp-content\/uploads\/2022\/06\/BN125_JM_M2_Ben.jpg","type":"image\/jpeg"}],"twitter_card":"summary_large_image","schema":{"@context":"https:\/\/schema.org","@graph":[{"@type":["WebPage","ItemPage"],"@id":"https:\/\/www.gmc-moto.ch\/de\/bn125-e5\/","url":"https:\/\/www.gmc-moto.ch\/de\/bn125-e5\/","name":"BN125 E5 - Gen\u00e8ve Moto Center","isPartOf":{"@id":"https:\/\/www.gmc-moto.ch\/de\/#website"},"primaryImageOfPage":{"@id":"https:\/\/www.gmc-moto.ch\/de\/bn125-e5\/#primaryimage"},"image":{"@id":"https:\/\/www.gmc-moto.ch\/de\/bn125-e5\/#primaryimage"},"thumbnailUrl":"https:\/\/www.gmc-moto.ch\/wp-content\/uploads\/2022\/06\/BN125_JM_M2_Ben.jpg","datePublished":"2022-06-22T13:51:08+00:00","dateModified":"2023-05-08T11:58:49+00:00","description":"Naked Compact, entworfen, um die neue Generation von Motorradfahrern zufrieden zu stellen. Ein Genuss in der Stadt und in den Bergen, kommen Sie und probieren Sie es aus...","breadcrumb":{"@id":"https:\/\/www.gmc-moto.ch\/de\/bn125-e5\/#breadcrumb"},"inLanguage":"de-DE","potentialAction":[{"@type":"ReadAction","target":["https:\/\/www.gmc-moto.ch\/de\/bn125-e5\/"]}]},{"@type":"ImageObject","inLanguage":"de-DE","@id":"https:\/\/www.gmc-moto.ch\/de\/bn125-e5\/#primaryimage","url":"https:\/\/www.gmc-moto.ch\/wp-content\/uploads\/2022\/06\/BN125_JM_M2_Ben.jpg","contentUrl":"https:\/\/www.gmc-moto.ch\/wp-content\/uploads\/2022\/06\/BN125_JM_M2_Ben.jpg","width":2560,"height":1776},{"@type":"BreadcrumbList","@id":"https:\/\/www.gmc-moto.ch\/de\/bn125-e5\/#breadcrumb","itemListElement":[{"@type":"ListItem","position":1,"name":"Home","item":"https:\/\/www.gmc-moto.ch\/de\/"},{"@type":"ListItem","position":2,"name":"Produkte","item":"https:\/\/www.gmc-moto.ch\/de\/shop\/"},{"@type":"ListItem","position":3,"name":"BN125 E5"}]},{"@type":"WebSite","@id":"https:\/\/www.gmc-moto.ch\/de\/#website","url":"https:\/\/www.gmc-moto.ch\/de\/","name":"Gen\u00e8ve Moto Center","description":"Motos et Scooters neufs - Le plus grand showroom de suisse romande - Venez essayer nos mod\u00e8les - Atelier Motos Scooters - Centre Karcher","publisher":{"@id":"https:\/\/www.gmc-moto.ch\/de\/#organization"},"alternateName":"GMC-Moto","potentialAction":[{"@type":"SearchAction","target":{"@type":"EntryPoint","urlTemplate":"https:\/\/www.gmc-moto.ch\/de\/?s={search_term_string}"},"query-input":{"@type":"PropertyValueSpecification","valueRequired":true,"valueName":"search_term_string"}}],"inLanguage":"de-DE"},{"@type":"Organization","@id":"https:\/\/www.gmc-moto.ch\/de\/#organization","name":"Gen\u00e8ve Moto Center SA","alternateName":"GMC","url":"https:\/\/www.gmc-moto.ch\/de\/","logo":{"@type":"ImageObject","inLanguage":"de-DE","@id":"https:\/\/www.gmc-moto.ch\/de\/#\/schema\/logo\/image\/","url":"https:\/\/www.gmc-moto.ch\/wp-content\/uploads\/2020\/08\/logo-emboss-s.png","contentUrl":"https:\/\/www.gmc-moto.ch\/wp-content\/uploads\/2020\/08\/logo-emboss-s.png","width":80,"height":80,"caption":"Gen\u00e8ve Moto Center SA"},"image":{"@id":"https:\/\/www.gmc-moto.ch\/de\/#\/schema\/logo\/image\/"},"sameAs":["https:\/\/www.facebook.com\/suzukigeneve\/","https:\/\/www.instagram.com\/genevemotocenter\/"]}]}},"_links":{"self":[{"href":"https:\/\/www.gmc-moto.ch\/de\/wp-json\/wp\/v2\/product\/238677","targetHints":{"allow":["GET"]}}],"collection":[{"href":"https:\/\/www.gmc-moto.ch\/de\/wp-json\/wp\/v2\/product"}],"about":[{"href":"https:\/\/www.gmc-moto.ch\/de\/wp-json\/wp\/v2\/types\/product"}],"wp:featuredmedia":[{"embeddable":true,"href":"https:\/\/www.gmc-moto.ch\/de\/wp-json\/wp\/v2\/media\/235152"}],"wp:attachment":[{"href":"https:\/\/www.gmc-moto.ch\/de\/wp-json\/wp\/v2\/media?parent=238677"}],"wp:term":[{"taxonomy":"product_brand","embeddable":true,"href":"https:\/\/www.gmc-moto.ch\/de\/wp-json\/wp\/v2\/product_brand?post=238677"},{"taxonomy":"product_cat","embeddable":true,"href":"https:\/\/www.gmc-moto.ch\/de\/wp-json\/wp\/v2\/product_cat?post=238677"},{"taxonomy":"product_tag","embeddable":true,"href":"https:\/\/www.gmc-moto.ch\/de\/wp-json\/wp\/v2\/product_tag?post=238677"}],"curies":[{"name":"wp","href":"https:\/\/api.w.org\/{rel}","templated":true}]}}