{"id":238656,"date":"2021-11-15T11:55:04","date_gmt":"2021-11-15T10:55:04","guid":{"rendered":"https:\/\/www.gmc-moto.ch\/suzuki-gsx-s950-gp\/"},"modified":"2023-05-08T13:58:17","modified_gmt":"2023-05-08T11:58:17","slug":"suzuki-gsx-s950-gp","status":"publish","type":"product","link":"https:\/\/www.gmc-moto.ch\/de\/suzuki-gsx-s950-gp\/","title":{"rendered":"Suzuki GSX S950 GP"},"content":{"rendered":"","protected":false},"excerpt":{"rendered":"<p>Exklusiv im Geneva Moto Centre &#8211; Euro5. Im Verkaufspreis enthalten: Moto GP-Replika-Grafikkit, Mini-LED-Blinker, kurzer Kennzeichenhalter, Einzelsitzverkleidung, Rizoma-Lenkerendenspiegel (gepr\u00fcft), Mini-Tachoscheibe, Schutzrolle.<\/p>\n","protected":false},"featured_media":236409,"template":"","meta":{"_acf_changed":false},"product_brand":[],"product_cat":[9802,9803,9901],"product_tag":[],"class_list":{"0":"post-238656","1":"product","2":"type-product","3":"status-publish","4":"has-post-thumbnail","6":"product_cat-motorrader","7":"product_cat-suzuki-motorrad","8":"product_cat-kundenspezifische-motorrader","10":"first","11":"instock","12":"sold-individually","13":"shipping-taxable","14":"purchasable","15":"product-type-simple"},"acf":[],"yoast_head":"<!-- This site is optimized with the Yoast SEO plugin v27.4 - https:\/\/yoast.com\/product\/yoast-seo-wordpress\/ -->\n<title>Moto Suzuki GSX S950 2021 - Gen\u00e8ve Moto Center<\/title>\n<meta name=\"description\" content=\"70 Fahrzeuge dieses Jahr f\u00fcr die ganze Schweiz verf\u00fcgbar!!! Bestellen Sie es im Voraus, um zu den Gl\u00fccklichen zu geh\u00f6ren! Probieren Sie es aus...\" \/>\n<meta name=\"robots\" content=\"index, follow, max-snippet:-1, max-image-preview:large, max-video-preview:-1\" \/>\n<link rel=\"canonical\" href=\"https:\/\/www.gmc-moto.ch\/de\/suzuki-gsx-s950-gp\/\" \/>\n<meta property=\"og:locale\" content=\"de_DE\" \/>\n<meta property=\"og:type\" content=\"article\" \/>\n<meta property=\"og:title\" content=\"Moto Suzuki GSX S950 2021 - Gen\u00e8ve Moto Center\" \/>\n<meta property=\"og:description\" content=\"70 Fahrzeuge dieses Jahr f\u00fcr die ganze Schweiz verf\u00fcgbar!!! Bestellen Sie es im Voraus, um zu den Gl\u00fccklichen zu geh\u00f6ren! Probieren Sie es aus...\" \/>\n<meta property=\"og:url\" content=\"https:\/\/www.gmc-moto.ch\/de\/suzuki-gsx-s950-gp\/\" \/>\n<meta property=\"og:site_name\" content=\"Gen\u00e8ve Moto Center\" \/>\n<meta property=\"article:publisher\" content=\"https:\/\/www.facebook.com\/suzukigeneve\/\" \/>\n<meta property=\"article:modified_time\" content=\"2023-05-08T11:58:17+00:00\" \/>\n<meta property=\"og:image\" content=\"https:\/\/www.gmc-moto.ch\/wp-content\/uploads\/2023\/04\/suzuki-gsx-s950-gp.png\" \/>\n\t<meta property=\"og:image:width\" content=\"750\" \/>\n\t<meta property=\"og:image:height\" content=\"500\" \/>\n\t<meta property=\"og:image:type\" content=\"image\/png\" \/>\n<meta name=\"twitter:card\" content=\"summary_large_image\" \/>\n<script type=\"application\/ld+json\" class=\"yoast-schema-graph\">{\"@context\":\"https:\\\/\\\/schema.org\",\"@graph\":[{\"@type\":[\"WebPage\",\"ItemPage\"],\"@id\":\"https:\\\/\\\/www.gmc-moto.ch\\\/de\\\/suzuki-gsx-s950-gp\\\/\",\"url\":\"https:\\\/\\\/www.gmc-moto.ch\\\/de\\\/suzuki-gsx-s950-gp\\\/\",\"name\":\"Moto Suzuki GSX S950 2021 - Gen\u00e8ve Moto Center\",\"isPartOf\":{\"@id\":\"https:\\\/\\\/www.gmc-moto.ch\\\/de\\\/#website\"},\"primaryImageOfPage\":{\"@id\":\"https:\\\/\\\/www.gmc-moto.ch\\\/de\\\/suzuki-gsx-s950-gp\\\/#primaryimage\"},\"image\":{\"@id\":\"https:\\\/\\\/www.gmc-moto.ch\\\/de\\\/suzuki-gsx-s950-gp\\\/#primaryimage\"},\"thumbnailUrl\":\"https:\\\/\\\/www.gmc-moto.ch\\\/wp-content\\\/uploads\\\/2023\\\/04\\\/suzuki-gsx-s950-gp.png\",\"datePublished\":\"2021-11-15T10:55:04+00:00\",\"dateModified\":\"2023-05-08T11:58:17+00:00\",\"description\":\"70 Fahrzeuge dieses Jahr f\u00fcr die ganze Schweiz verf\u00fcgbar!!! Bestellen Sie es im Voraus, um zu den Gl\u00fccklichen zu geh\u00f6ren! Probieren Sie es aus...\",\"breadcrumb\":{\"@id\":\"https:\\\/\\\/www.gmc-moto.ch\\\/de\\\/suzuki-gsx-s950-gp\\\/#breadcrumb\"},\"inLanguage\":\"de-DE\",\"potentialAction\":[{\"@type\":\"ReadAction\",\"target\":[\"https:\\\/\\\/www.gmc-moto.ch\\\/de\\\/suzuki-gsx-s950-gp\\\/\"]}]},{\"@type\":\"ImageObject\",\"inLanguage\":\"de-DE\",\"@id\":\"https:\\\/\\\/www.gmc-moto.ch\\\/de\\\/suzuki-gsx-s950-gp\\\/#primaryimage\",\"url\":\"https:\\\/\\\/www.gmc-moto.ch\\\/wp-content\\\/uploads\\\/2023\\\/04\\\/suzuki-gsx-s950-gp.png\",\"contentUrl\":\"https:\\\/\\\/www.gmc-moto.ch\\\/wp-content\\\/uploads\\\/2023\\\/04\\\/suzuki-gsx-s950-gp.png\",\"width\":750,\"height\":500},{\"@type\":\"BreadcrumbList\",\"@id\":\"https:\\\/\\\/www.gmc-moto.ch\\\/de\\\/suzuki-gsx-s950-gp\\\/#breadcrumb\",\"itemListElement\":[{\"@type\":\"ListItem\",\"position\":1,\"name\":\"Home\",\"item\":\"https:\\\/\\\/www.gmc-moto.ch\\\/de\\\/\"},{\"@type\":\"ListItem\",\"position\":2,\"name\":\"Produkte\",\"item\":\"https:\\\/\\\/www.gmc-moto.ch\\\/de\\\/shop\\\/\"},{\"@type\":\"ListItem\",\"position\":3,\"name\":\"Suzuki GSX S950 GP\"}]},{\"@type\":\"WebSite\",\"@id\":\"https:\\\/\\\/www.gmc-moto.ch\\\/de\\\/#website\",\"url\":\"https:\\\/\\\/www.gmc-moto.ch\\\/de\\\/\",\"name\":\"Gen\u00e8ve Moto Center\",\"description\":\"Motos et Scooters neufs - Le plus grand showroom de suisse romande - Venez essayer nos mod\u00e8les - Atelier Motos Scooters - Centre Karcher\",\"publisher\":{\"@id\":\"https:\\\/\\\/www.gmc-moto.ch\\\/de\\\/#organization\"},\"alternateName\":\"GMC-Moto\",\"potentialAction\":[{\"@type\":\"SearchAction\",\"target\":{\"@type\":\"EntryPoint\",\"urlTemplate\":\"https:\\\/\\\/www.gmc-moto.ch\\\/de\\\/?s={search_term_string}\"},\"query-input\":{\"@type\":\"PropertyValueSpecification\",\"valueRequired\":true,\"valueName\":\"search_term_string\"}}],\"inLanguage\":\"de-DE\"},{\"@type\":\"Organization\",\"@id\":\"https:\\\/\\\/www.gmc-moto.ch\\\/de\\\/#organization\",\"name\":\"Gen\u00e8ve Moto Center SA\",\"alternateName\":\"GMC\",\"url\":\"https:\\\/\\\/www.gmc-moto.ch\\\/de\\\/\",\"logo\":{\"@type\":\"ImageObject\",\"inLanguage\":\"de-DE\",\"@id\":\"https:\\\/\\\/www.gmc-moto.ch\\\/de\\\/#\\\/schema\\\/logo\\\/image\\\/\",\"url\":\"https:\\\/\\\/www.gmc-moto.ch\\\/wp-content\\\/uploads\\\/2020\\\/08\\\/logo-emboss-s.png\",\"contentUrl\":\"https:\\\/\\\/www.gmc-moto.ch\\\/wp-content\\\/uploads\\\/2020\\\/08\\\/logo-emboss-s.png\",\"width\":80,\"height\":80,\"caption\":\"Gen\u00e8ve Moto Center SA\"},\"image\":{\"@id\":\"https:\\\/\\\/www.gmc-moto.ch\\\/de\\\/#\\\/schema\\\/logo\\\/image\\\/\"},\"sameAs\":[\"https:\\\/\\\/www.facebook.com\\\/suzukigeneve\\\/\",\"https:\\\/\\\/www.instagram.com\\\/genevemotocenter\\\/\"]}]}<\/script>\n<!-- \/ Yoast SEO plugin. -->","yoast_head_json":{"title":"Moto Suzuki GSX S950 2021 - Gen\u00e8ve Moto Center","description":"70 Fahrzeuge dieses Jahr f\u00fcr die ganze Schweiz verf\u00fcgbar!!! Bestellen Sie es im Voraus, um zu den Gl\u00fccklichen zu geh\u00f6ren! Probieren Sie es aus...","robots":{"index":"index","follow":"follow","max-snippet":"max-snippet:-1","max-image-preview":"max-image-preview:large","max-video-preview":"max-video-preview:-1"},"canonical":"https:\/\/www.gmc-moto.ch\/de\/suzuki-gsx-s950-gp\/","og_locale":"de_DE","og_type":"article","og_title":"Moto Suzuki GSX S950 2021 - Gen\u00e8ve Moto Center","og_description":"70 Fahrzeuge dieses Jahr f\u00fcr die ganze Schweiz verf\u00fcgbar!!! Bestellen Sie es im Voraus, um zu den Gl\u00fccklichen zu geh\u00f6ren! Probieren Sie es aus...","og_url":"https:\/\/www.gmc-moto.ch\/de\/suzuki-gsx-s950-gp\/","og_site_name":"Gen\u00e8ve Moto Center","article_publisher":"https:\/\/www.facebook.com\/suzukigeneve\/","article_modified_time":"2023-05-08T11:58:17+00:00","og_image":[{"width":750,"height":500,"url":"https:\/\/www.gmc-moto.ch\/wp-content\/uploads\/2023\/04\/suzuki-gsx-s950-gp.png","type":"image\/png"}],"twitter_card":"summary_large_image","schema":{"@context":"https:\/\/schema.org","@graph":[{"@type":["WebPage","ItemPage"],"@id":"https:\/\/www.gmc-moto.ch\/de\/suzuki-gsx-s950-gp\/","url":"https:\/\/www.gmc-moto.ch\/de\/suzuki-gsx-s950-gp\/","name":"Moto Suzuki GSX S950 2021 - Gen\u00e8ve Moto Center","isPartOf":{"@id":"https:\/\/www.gmc-moto.ch\/de\/#website"},"primaryImageOfPage":{"@id":"https:\/\/www.gmc-moto.ch\/de\/suzuki-gsx-s950-gp\/#primaryimage"},"image":{"@id":"https:\/\/www.gmc-moto.ch\/de\/suzuki-gsx-s950-gp\/#primaryimage"},"thumbnailUrl":"https:\/\/www.gmc-moto.ch\/wp-content\/uploads\/2023\/04\/suzuki-gsx-s950-gp.png","datePublished":"2021-11-15T10:55:04+00:00","dateModified":"2023-05-08T11:58:17+00:00","description":"70 Fahrzeuge dieses Jahr f\u00fcr die ganze Schweiz verf\u00fcgbar!!! Bestellen Sie es im Voraus, um zu den Gl\u00fccklichen zu geh\u00f6ren! Probieren Sie es aus...","breadcrumb":{"@id":"https:\/\/www.gmc-moto.ch\/de\/suzuki-gsx-s950-gp\/#breadcrumb"},"inLanguage":"de-DE","potentialAction":[{"@type":"ReadAction","target":["https:\/\/www.gmc-moto.ch\/de\/suzuki-gsx-s950-gp\/"]}]},{"@type":"ImageObject","inLanguage":"de-DE","@id":"https:\/\/www.gmc-moto.ch\/de\/suzuki-gsx-s950-gp\/#primaryimage","url":"https:\/\/www.gmc-moto.ch\/wp-content\/uploads\/2023\/04\/suzuki-gsx-s950-gp.png","contentUrl":"https:\/\/www.gmc-moto.ch\/wp-content\/uploads\/2023\/04\/suzuki-gsx-s950-gp.png","width":750,"height":500},{"@type":"BreadcrumbList","@id":"https:\/\/www.gmc-moto.ch\/de\/suzuki-gsx-s950-gp\/#breadcrumb","itemListElement":[{"@type":"ListItem","position":1,"name":"Home","item":"https:\/\/www.gmc-moto.ch\/de\/"},{"@type":"ListItem","position":2,"name":"Produkte","item":"https:\/\/www.gmc-moto.ch\/de\/shop\/"},{"@type":"ListItem","position":3,"name":"Suzuki GSX S950 GP"}]},{"@type":"WebSite","@id":"https:\/\/www.gmc-moto.ch\/de\/#website","url":"https:\/\/www.gmc-moto.ch\/de\/","name":"Gen\u00e8ve Moto Center","description":"Motos et Scooters neufs - Le plus grand showroom de suisse romande - Venez essayer nos mod\u00e8les - Atelier Motos Scooters - Centre Karcher","publisher":{"@id":"https:\/\/www.gmc-moto.ch\/de\/#organization"},"alternateName":"GMC-Moto","potentialAction":[{"@type":"SearchAction","target":{"@type":"EntryPoint","urlTemplate":"https:\/\/www.gmc-moto.ch\/de\/?s={search_term_string}"},"query-input":{"@type":"PropertyValueSpecification","valueRequired":true,"valueName":"search_term_string"}}],"inLanguage":"de-DE"},{"@type":"Organization","@id":"https:\/\/www.gmc-moto.ch\/de\/#organization","name":"Gen\u00e8ve Moto Center SA","alternateName":"GMC","url":"https:\/\/www.gmc-moto.ch\/de\/","logo":{"@type":"ImageObject","inLanguage":"de-DE","@id":"https:\/\/www.gmc-moto.ch\/de\/#\/schema\/logo\/image\/","url":"https:\/\/www.gmc-moto.ch\/wp-content\/uploads\/2020\/08\/logo-emboss-s.png","contentUrl":"https:\/\/www.gmc-moto.ch\/wp-content\/uploads\/2020\/08\/logo-emboss-s.png","width":80,"height":80,"caption":"Gen\u00e8ve Moto Center SA"},"image":{"@id":"https:\/\/www.gmc-moto.ch\/de\/#\/schema\/logo\/image\/"},"sameAs":["https:\/\/www.facebook.com\/suzukigeneve\/","https:\/\/www.instagram.com\/genevemotocenter\/"]}]}},"_links":{"self":[{"href":"https:\/\/www.gmc-moto.ch\/de\/wp-json\/wp\/v2\/product\/238656","targetHints":{"allow":["GET"]}}],"collection":[{"href":"https:\/\/www.gmc-moto.ch\/de\/wp-json\/wp\/v2\/product"}],"about":[{"href":"https:\/\/www.gmc-moto.ch\/de\/wp-json\/wp\/v2\/types\/product"}],"wp:featuredmedia":[{"embeddable":true,"href":"https:\/\/www.gmc-moto.ch\/de\/wp-json\/wp\/v2\/media\/236409"}],"wp:attachment":[{"href":"https:\/\/www.gmc-moto.ch\/de\/wp-json\/wp\/v2\/media?parent=238656"}],"wp:term":[{"taxonomy":"product_brand","embeddable":true,"href":"https:\/\/www.gmc-moto.ch\/de\/wp-json\/wp\/v2\/product_brand?post=238656"},{"taxonomy":"product_cat","embeddable":true,"href":"https:\/\/www.gmc-moto.ch\/de\/wp-json\/wp\/v2\/product_cat?post=238656"},{"taxonomy":"product_tag","embeddable":true,"href":"https:\/\/www.gmc-moto.ch\/de\/wp-json\/wp\/v2\/product_tag?post=238656"}],"curies":[{"name":"wp","href":"https:\/\/api.w.org\/{rel}","templated":true}]}}