{"id":238643,"date":"2021-03-06T11:08:07","date_gmt":"2021-03-06T10:08:07","guid":{"rendered":"https:\/\/www.gmc-moto.ch\/moto-zontes-zt-125-g1\/"},"modified":"2023-05-08T13:57:53","modified_gmt":"2023-05-08T11:57:53","slug":"moto-zontes-zt-125-g1","status":"publish","type":"product","link":"https:\/\/www.gmc-moto.ch\/de\/moto-zontes-zt-125-g1\/","title":{"rendered":"Motorrad Zonen ZT 125 G1"},"content":{"rendered":"","protected":false},"excerpt":{"rendered":"<p>CAF\u00c9 RACER. Retro-Look und eine Reichweite von 1000 Kilometern f\u00fcr diesen 125-ccm-Caf\u00e9-Racer, der Ihnen ein schnelleres und l\u00e4ngeres Reiseerlebnis bietet!<\/p>\n","protected":false},"featured_media":233688,"template":"","meta":{"_acf_changed":false},"product_brand":[],"product_cat":[9802,9804,9887],"product_tag":[9990],"class_list":{"0":"post-238643","1":"product","2":"type-product","3":"status-publish","4":"has-post-thumbnail","6":"product_cat-motorrader","7":"product_cat-genfer-motorradtests","8":"product_cat-motorrade-zontes","9":"product_tag-motos-zontes-125-de","11":"first","12":"instock","13":"shipping-taxable","14":"purchasable","15":"product-type-simple"},"acf":[],"yoast_head":"<!-- This site is optimized with the Yoast SEO plugin v27.3 - https:\/\/yoast.com\/product\/yoast-seo-wordpress\/ -->\n<title>Moto Zontes mod\u00e8le ZT 125 G1 - Gen\u00e8ve Moto Center<\/title>\n<meta name=\"description\" content=\"Retro-Look und eine Reichweite von 1000 Kilometern f\u00fcr diesen 125-ccm-Caf\u00e9-Racer, der Ihnen ein schnelleres und l\u00e4ngeres Reiseerlebnis bietet!\" \/>\n<meta name=\"robots\" content=\"index, follow, max-snippet:-1, max-image-preview:large, max-video-preview:-1\" \/>\n<link rel=\"canonical\" href=\"https:\/\/www.gmc-moto.ch\/de\/moto-zontes-zt-125-g1\/\" \/>\n<meta property=\"og:locale\" content=\"de_DE\" \/>\n<meta property=\"og:type\" content=\"article\" \/>\n<meta property=\"og:title\" content=\"Moto Zontes mod\u00e8le ZT 125 G1 - Gen\u00e8ve Moto Center\" \/>\n<meta property=\"og:description\" content=\"Retro-Look und eine Reichweite von 1000 Kilometern f\u00fcr diesen 125-ccm-Caf\u00e9-Racer, der Ihnen ein schnelleres und l\u00e4ngeres Reiseerlebnis bietet!\" \/>\n<meta property=\"og:url\" content=\"https:\/\/www.gmc-moto.ch\/de\/moto-zontes-zt-125-g1\/\" \/>\n<meta property=\"og:site_name\" content=\"Gen\u00e8ve Moto Center\" \/>\n<meta property=\"article:publisher\" content=\"https:\/\/www.facebook.com\/suzukigeneve\/\" \/>\n<meta property=\"article:modified_time\" content=\"2023-05-08T11:57:53+00:00\" \/>\n<meta property=\"og:image\" content=\"https:\/\/www.gmc-moto.ch\/wp-content\/uploads\/2021\/03\/zontes-zt-125-g1-1.jpg\" \/>\n\t<meta property=\"og:image:width\" content=\"1100\" \/>\n\t<meta property=\"og:image:height\" content=\"733\" \/>\n\t<meta property=\"og:image:type\" content=\"image\/jpeg\" \/>\n<meta name=\"twitter:card\" content=\"summary_large_image\" \/>\n<script type=\"application\/ld+json\" class=\"yoast-schema-graph\">{\"@context\":\"https:\\\/\\\/schema.org\",\"@graph\":[{\"@type\":[\"WebPage\",\"ItemPage\"],\"@id\":\"https:\\\/\\\/www.gmc-moto.ch\\\/de\\\/moto-zontes-zt-125-g1\\\/\",\"url\":\"https:\\\/\\\/www.gmc-moto.ch\\\/de\\\/moto-zontes-zt-125-g1\\\/\",\"name\":\"Moto Zontes mod\u00e8le ZT 125 G1 - Gen\u00e8ve Moto Center\",\"isPartOf\":{\"@id\":\"https:\\\/\\\/www.gmc-moto.ch\\\/de\\\/#website\"},\"primaryImageOfPage\":{\"@id\":\"https:\\\/\\\/www.gmc-moto.ch\\\/de\\\/moto-zontes-zt-125-g1\\\/#primaryimage\"},\"image\":{\"@id\":\"https:\\\/\\\/www.gmc-moto.ch\\\/de\\\/moto-zontes-zt-125-g1\\\/#primaryimage\"},\"thumbnailUrl\":\"https:\\\/\\\/www.gmc-moto.ch\\\/wp-content\\\/uploads\\\/2021\\\/03\\\/zontes-zt-125-g1-1.jpg\",\"datePublished\":\"2021-03-06T10:08:07+00:00\",\"dateModified\":\"2023-05-08T11:57:53+00:00\",\"description\":\"Retro-Look und eine Reichweite von 1000 Kilometern f\u00fcr diesen 125-ccm-Caf\u00e9-Racer, der Ihnen ein schnelleres und l\u00e4ngeres Reiseerlebnis bietet!\",\"breadcrumb\":{\"@id\":\"https:\\\/\\\/www.gmc-moto.ch\\\/de\\\/moto-zontes-zt-125-g1\\\/#breadcrumb\"},\"inLanguage\":\"de-DE\",\"potentialAction\":[{\"@type\":\"ReadAction\",\"target\":[\"https:\\\/\\\/www.gmc-moto.ch\\\/de\\\/moto-zontes-zt-125-g1\\\/\"]}]},{\"@type\":\"ImageObject\",\"inLanguage\":\"de-DE\",\"@id\":\"https:\\\/\\\/www.gmc-moto.ch\\\/de\\\/moto-zontes-zt-125-g1\\\/#primaryimage\",\"url\":\"https:\\\/\\\/www.gmc-moto.ch\\\/wp-content\\\/uploads\\\/2021\\\/03\\\/zontes-zt-125-g1-1.jpg\",\"contentUrl\":\"https:\\\/\\\/www.gmc-moto.ch\\\/wp-content\\\/uploads\\\/2021\\\/03\\\/zontes-zt-125-g1-1.jpg\",\"width\":1100,\"height\":733},{\"@type\":\"BreadcrumbList\",\"@id\":\"https:\\\/\\\/www.gmc-moto.ch\\\/de\\\/moto-zontes-zt-125-g1\\\/#breadcrumb\",\"itemListElement\":[{\"@type\":\"ListItem\",\"position\":1,\"name\":\"Home\",\"item\":\"https:\\\/\\\/www.gmc-moto.ch\\\/de\\\/\"},{\"@type\":\"ListItem\",\"position\":2,\"name\":\"Produkte\",\"item\":\"https:\\\/\\\/www.gmc-moto.ch\\\/de\\\/shop\\\/\"},{\"@type\":\"ListItem\",\"position\":3,\"name\":\"Motorrad Zonen ZT 125 G1\"}]},{\"@type\":\"WebSite\",\"@id\":\"https:\\\/\\\/www.gmc-moto.ch\\\/de\\\/#website\",\"url\":\"https:\\\/\\\/www.gmc-moto.ch\\\/de\\\/\",\"name\":\"Gen\u00e8ve Moto Center\",\"description\":\"Motos et Scooters neufs - Le plus grand showroom de suisse romande - Venez essayer nos mod\u00e8les - Atelier Motos Scooters - Centre Karcher\",\"publisher\":{\"@id\":\"https:\\\/\\\/www.gmc-moto.ch\\\/de\\\/#organization\"},\"alternateName\":\"GMC-Moto\",\"potentialAction\":[{\"@type\":\"SearchAction\",\"target\":{\"@type\":\"EntryPoint\",\"urlTemplate\":\"https:\\\/\\\/www.gmc-moto.ch\\\/de\\\/?s={search_term_string}\"},\"query-input\":{\"@type\":\"PropertyValueSpecification\",\"valueRequired\":true,\"valueName\":\"search_term_string\"}}],\"inLanguage\":\"de-DE\"},{\"@type\":\"Organization\",\"@id\":\"https:\\\/\\\/www.gmc-moto.ch\\\/de\\\/#organization\",\"name\":\"Gen\u00e8ve Moto Center SA\",\"alternateName\":\"GMC\",\"url\":\"https:\\\/\\\/www.gmc-moto.ch\\\/de\\\/\",\"logo\":{\"@type\":\"ImageObject\",\"inLanguage\":\"de-DE\",\"@id\":\"https:\\\/\\\/www.gmc-moto.ch\\\/de\\\/#\\\/schema\\\/logo\\\/image\\\/\",\"url\":\"https:\\\/\\\/www.gmc-moto.ch\\\/wp-content\\\/uploads\\\/2020\\\/08\\\/logo-emboss-s.png\",\"contentUrl\":\"https:\\\/\\\/www.gmc-moto.ch\\\/wp-content\\\/uploads\\\/2020\\\/08\\\/logo-emboss-s.png\",\"width\":80,\"height\":80,\"caption\":\"Gen\u00e8ve Moto Center SA\"},\"image\":{\"@id\":\"https:\\\/\\\/www.gmc-moto.ch\\\/de\\\/#\\\/schema\\\/logo\\\/image\\\/\"},\"sameAs\":[\"https:\\\/\\\/www.facebook.com\\\/suzukigeneve\\\/\",\"https:\\\/\\\/www.instagram.com\\\/genevemotocenter\\\/\"]}]}<\/script>\n<!-- \/ Yoast SEO plugin. -->","yoast_head_json":{"title":"Moto Zontes mod\u00e8le ZT 125 G1 - Gen\u00e8ve Moto Center","description":"Retro-Look und eine Reichweite von 1000 Kilometern f\u00fcr diesen 125-ccm-Caf\u00e9-Racer, der Ihnen ein schnelleres und l\u00e4ngeres Reiseerlebnis bietet!","robots":{"index":"index","follow":"follow","max-snippet":"max-snippet:-1","max-image-preview":"max-image-preview:large","max-video-preview":"max-video-preview:-1"},"canonical":"https:\/\/www.gmc-moto.ch\/de\/moto-zontes-zt-125-g1\/","og_locale":"de_DE","og_type":"article","og_title":"Moto Zontes mod\u00e8le ZT 125 G1 - Gen\u00e8ve Moto Center","og_description":"Retro-Look und eine Reichweite von 1000 Kilometern f\u00fcr diesen 125-ccm-Caf\u00e9-Racer, der Ihnen ein schnelleres und l\u00e4ngeres Reiseerlebnis bietet!","og_url":"https:\/\/www.gmc-moto.ch\/de\/moto-zontes-zt-125-g1\/","og_site_name":"Gen\u00e8ve Moto Center","article_publisher":"https:\/\/www.facebook.com\/suzukigeneve\/","article_modified_time":"2023-05-08T11:57:53+00:00","og_image":[{"width":1100,"height":733,"url":"https:\/\/www.gmc-moto.ch\/wp-content\/uploads\/2021\/03\/zontes-zt-125-g1-1.jpg","type":"image\/jpeg"}],"twitter_card":"summary_large_image","schema":{"@context":"https:\/\/schema.org","@graph":[{"@type":["WebPage","ItemPage"],"@id":"https:\/\/www.gmc-moto.ch\/de\/moto-zontes-zt-125-g1\/","url":"https:\/\/www.gmc-moto.ch\/de\/moto-zontes-zt-125-g1\/","name":"Moto Zontes mod\u00e8le ZT 125 G1 - Gen\u00e8ve Moto Center","isPartOf":{"@id":"https:\/\/www.gmc-moto.ch\/de\/#website"},"primaryImageOfPage":{"@id":"https:\/\/www.gmc-moto.ch\/de\/moto-zontes-zt-125-g1\/#primaryimage"},"image":{"@id":"https:\/\/www.gmc-moto.ch\/de\/moto-zontes-zt-125-g1\/#primaryimage"},"thumbnailUrl":"https:\/\/www.gmc-moto.ch\/wp-content\/uploads\/2021\/03\/zontes-zt-125-g1-1.jpg","datePublished":"2021-03-06T10:08:07+00:00","dateModified":"2023-05-08T11:57:53+00:00","description":"Retro-Look und eine Reichweite von 1000 Kilometern f\u00fcr diesen 125-ccm-Caf\u00e9-Racer, der Ihnen ein schnelleres und l\u00e4ngeres Reiseerlebnis bietet!","breadcrumb":{"@id":"https:\/\/www.gmc-moto.ch\/de\/moto-zontes-zt-125-g1\/#breadcrumb"},"inLanguage":"de-DE","potentialAction":[{"@type":"ReadAction","target":["https:\/\/www.gmc-moto.ch\/de\/moto-zontes-zt-125-g1\/"]}]},{"@type":"ImageObject","inLanguage":"de-DE","@id":"https:\/\/www.gmc-moto.ch\/de\/moto-zontes-zt-125-g1\/#primaryimage","url":"https:\/\/www.gmc-moto.ch\/wp-content\/uploads\/2021\/03\/zontes-zt-125-g1-1.jpg","contentUrl":"https:\/\/www.gmc-moto.ch\/wp-content\/uploads\/2021\/03\/zontes-zt-125-g1-1.jpg","width":1100,"height":733},{"@type":"BreadcrumbList","@id":"https:\/\/www.gmc-moto.ch\/de\/moto-zontes-zt-125-g1\/#breadcrumb","itemListElement":[{"@type":"ListItem","position":1,"name":"Home","item":"https:\/\/www.gmc-moto.ch\/de\/"},{"@type":"ListItem","position":2,"name":"Produkte","item":"https:\/\/www.gmc-moto.ch\/de\/shop\/"},{"@type":"ListItem","position":3,"name":"Motorrad Zonen ZT 125 G1"}]},{"@type":"WebSite","@id":"https:\/\/www.gmc-moto.ch\/de\/#website","url":"https:\/\/www.gmc-moto.ch\/de\/","name":"Gen\u00e8ve Moto Center","description":"Motos et Scooters neufs - Le plus grand showroom de suisse romande - Venez essayer nos mod\u00e8les - Atelier Motos Scooters - Centre Karcher","publisher":{"@id":"https:\/\/www.gmc-moto.ch\/de\/#organization"},"alternateName":"GMC-Moto","potentialAction":[{"@type":"SearchAction","target":{"@type":"EntryPoint","urlTemplate":"https:\/\/www.gmc-moto.ch\/de\/?s={search_term_string}"},"query-input":{"@type":"PropertyValueSpecification","valueRequired":true,"valueName":"search_term_string"}}],"inLanguage":"de-DE"},{"@type":"Organization","@id":"https:\/\/www.gmc-moto.ch\/de\/#organization","name":"Gen\u00e8ve Moto Center SA","alternateName":"GMC","url":"https:\/\/www.gmc-moto.ch\/de\/","logo":{"@type":"ImageObject","inLanguage":"de-DE","@id":"https:\/\/www.gmc-moto.ch\/de\/#\/schema\/logo\/image\/","url":"https:\/\/www.gmc-moto.ch\/wp-content\/uploads\/2020\/08\/logo-emboss-s.png","contentUrl":"https:\/\/www.gmc-moto.ch\/wp-content\/uploads\/2020\/08\/logo-emboss-s.png","width":80,"height":80,"caption":"Gen\u00e8ve Moto Center SA"},"image":{"@id":"https:\/\/www.gmc-moto.ch\/de\/#\/schema\/logo\/image\/"},"sameAs":["https:\/\/www.facebook.com\/suzukigeneve\/","https:\/\/www.instagram.com\/genevemotocenter\/"]}]}},"_links":{"self":[{"href":"https:\/\/www.gmc-moto.ch\/de\/wp-json\/wp\/v2\/product\/238643","targetHints":{"allow":["GET"]}}],"collection":[{"href":"https:\/\/www.gmc-moto.ch\/de\/wp-json\/wp\/v2\/product"}],"about":[{"href":"https:\/\/www.gmc-moto.ch\/de\/wp-json\/wp\/v2\/types\/product"}],"wp:featuredmedia":[{"embeddable":true,"href":"https:\/\/www.gmc-moto.ch\/de\/wp-json\/wp\/v2\/media\/233688"}],"wp:attachment":[{"href":"https:\/\/www.gmc-moto.ch\/de\/wp-json\/wp\/v2\/media?parent=238643"}],"wp:term":[{"taxonomy":"product_brand","embeddable":true,"href":"https:\/\/www.gmc-moto.ch\/de\/wp-json\/wp\/v2\/product_brand?post=238643"},{"taxonomy":"product_cat","embeddable":true,"href":"https:\/\/www.gmc-moto.ch\/de\/wp-json\/wp\/v2\/product_cat?post=238643"},{"taxonomy":"product_tag","embeddable":true,"href":"https:\/\/www.gmc-moto.ch\/de\/wp-json\/wp\/v2\/product_tag?post=238643"}],"curies":[{"name":"wp","href":"https:\/\/api.w.org\/{rel}","templated":true}]}}