{"id":238246,"date":"2022-06-11T18:47:35","date_gmt":"2022-06-11T16:47:35","guid":{"rendered":"https:\/\/www.gmc-moto.ch\/symphony-st-125-euro-5\/"},"modified":"2023-05-02T18:39:25","modified_gmt":"2023-05-02T16:39:25","slug":"symphony-st-125-euro-5","status":"publish","type":"product","link":"https:\/\/www.gmc-moto.ch\/de\/symphony-st-125-euro-5\/","title":{"rendered":"SYMPHONIE ST 125 EURO 5"},"content":{"rendered":"","protected":false},"excerpt":{"rendered":"<p>Schlank und raffiniert ist der ST ideal f\u00fcr den Stadtverkehr. Mit einer Sitzh\u00f6he von 792 mm und einem 16-Zoll-Vorderrad erm\u00f6glicht das Fahrzeug dem Fahrer, jede Art von Stra\u00dfe problemlos zu befahren.<\/p>\n","protected":false},"featured_media":237656,"template":"","meta":{"_acf_changed":false},"product_brand":[],"product_cat":[9822,9834,9836],"product_tag":[10011],"class_list":{"0":"post-238246","1":"product","2":"type-product","3":"status-publish","4":"has-post-thumbnail","6":"product_cat-scooters","7":"product_cat-scooters-sym","8":"product_cat-scooters-testfahrten-genf","9":"product_tag-scooters-sym-125-de","11":"first","12":"instock","13":"shipping-taxable","14":"purchasable","15":"product-type-simple"},"acf":[],"yoast_head":"<!-- This site is optimized with the Yoast SEO plugin v27.4 - https:\/\/yoast.com\/product\/yoast-seo-wordpress\/ -->\n<title>SYMPHONIE ST 125 EURO 5 - Gen\u00e8ve Moto Center<\/title>\n<meta name=\"description\" content=\"Elegant und raffiniert, ideal f\u00fcr den Pendelverkehr in der Stadt. Es erm\u00f6glicht dem Piloten, jede Art von Stra\u00dfe zu nehmen, kommen Sie und probieren Sie es aus ...\" \/>\n<meta name=\"robots\" content=\"index, follow, max-snippet:-1, max-image-preview:large, max-video-preview:-1\" \/>\n<link rel=\"canonical\" href=\"https:\/\/www.gmc-moto.ch\/de\/symphony-st-125-euro-5\/\" \/>\n<meta property=\"og:locale\" content=\"de_DE\" \/>\n<meta property=\"og:type\" content=\"article\" \/>\n<meta property=\"og:title\" content=\"SYMPHONIE ST 125 EURO 5 - Gen\u00e8ve Moto Center\" \/>\n<meta property=\"og:description\" content=\"Elegant und raffiniert, ideal f\u00fcr den Pendelverkehr in der Stadt. Es erm\u00f6glicht dem Piloten, jede Art von Stra\u00dfe zu nehmen, kommen Sie und probieren Sie es aus ...\" \/>\n<meta property=\"og:url\" content=\"https:\/\/www.gmc-moto.ch\/de\/symphony-st-125-euro-5\/\" \/>\n<meta property=\"og:site_name\" content=\"Gen\u00e8ve Moto Center\" \/>\n<meta property=\"article:publisher\" content=\"https:\/\/www.facebook.com\/suzukigeneve\/\" \/>\n<meta property=\"article:modified_time\" content=\"2023-05-02T16:39:25+00:00\" \/>\n<meta property=\"og:image\" content=\"https:\/\/www.gmc-moto.ch\/wp-content\/uploads\/2022\/06\/Symphony_ST_125_Euro5.png\" \/>\n\t<meta property=\"og:image:width\" content=\"750\" \/>\n\t<meta property=\"og:image:height\" content=\"500\" \/>\n\t<meta property=\"og:image:type\" content=\"image\/png\" \/>\n<meta name=\"twitter:card\" content=\"summary_large_image\" \/>\n<script type=\"application\/ld+json\" class=\"yoast-schema-graph\">{\"@context\":\"https:\\\/\\\/schema.org\",\"@graph\":[{\"@type\":[\"WebPage\",\"ItemPage\"],\"@id\":\"https:\\\/\\\/www.gmc-moto.ch\\\/de\\\/symphony-st-125-euro-5\\\/\",\"url\":\"https:\\\/\\\/www.gmc-moto.ch\\\/de\\\/symphony-st-125-euro-5\\\/\",\"name\":\"SYMPHONIE ST 125 EURO 5 - Gen\u00e8ve Moto Center\",\"isPartOf\":{\"@id\":\"https:\\\/\\\/www.gmc-moto.ch\\\/de\\\/#website\"},\"primaryImageOfPage\":{\"@id\":\"https:\\\/\\\/www.gmc-moto.ch\\\/de\\\/symphony-st-125-euro-5\\\/#primaryimage\"},\"image\":{\"@id\":\"https:\\\/\\\/www.gmc-moto.ch\\\/de\\\/symphony-st-125-euro-5\\\/#primaryimage\"},\"thumbnailUrl\":\"https:\\\/\\\/www.gmc-moto.ch\\\/wp-content\\\/uploads\\\/2022\\\/06\\\/Symphony_ST_125_Euro5.png\",\"datePublished\":\"2022-06-11T16:47:35+00:00\",\"dateModified\":\"2023-05-02T16:39:25+00:00\",\"description\":\"Elegant und raffiniert, ideal f\u00fcr den Pendelverkehr in der Stadt. Es erm\u00f6glicht dem Piloten, jede Art von Stra\u00dfe zu nehmen, kommen Sie und probieren Sie es aus ...\",\"breadcrumb\":{\"@id\":\"https:\\\/\\\/www.gmc-moto.ch\\\/de\\\/symphony-st-125-euro-5\\\/#breadcrumb\"},\"inLanguage\":\"de-DE\",\"potentialAction\":[{\"@type\":\"ReadAction\",\"target\":[\"https:\\\/\\\/www.gmc-moto.ch\\\/de\\\/symphony-st-125-euro-5\\\/\"]}]},{\"@type\":\"ImageObject\",\"inLanguage\":\"de-DE\",\"@id\":\"https:\\\/\\\/www.gmc-moto.ch\\\/de\\\/symphony-st-125-euro-5\\\/#primaryimage\",\"url\":\"https:\\\/\\\/www.gmc-moto.ch\\\/wp-content\\\/uploads\\\/2022\\\/06\\\/Symphony_ST_125_Euro5.png\",\"contentUrl\":\"https:\\\/\\\/www.gmc-moto.ch\\\/wp-content\\\/uploads\\\/2022\\\/06\\\/Symphony_ST_125_Euro5.png\",\"width\":750,\"height\":500,\"caption\":\"SYMPHONY ST 125 EURO 5\"},{\"@type\":\"BreadcrumbList\",\"@id\":\"https:\\\/\\\/www.gmc-moto.ch\\\/de\\\/symphony-st-125-euro-5\\\/#breadcrumb\",\"itemListElement\":[{\"@type\":\"ListItem\",\"position\":1,\"name\":\"Home\",\"item\":\"https:\\\/\\\/www.gmc-moto.ch\\\/de\\\/\"},{\"@type\":\"ListItem\",\"position\":2,\"name\":\"Produkte\",\"item\":\"https:\\\/\\\/www.gmc-moto.ch\\\/de\\\/shop\\\/\"},{\"@type\":\"ListItem\",\"position\":3,\"name\":\"SYMPHONIE ST 125 EURO 5\"}]},{\"@type\":\"WebSite\",\"@id\":\"https:\\\/\\\/www.gmc-moto.ch\\\/de\\\/#website\",\"url\":\"https:\\\/\\\/www.gmc-moto.ch\\\/de\\\/\",\"name\":\"Gen\u00e8ve Moto Center\",\"description\":\"Motos et Scooters neufs - Le plus grand showroom de suisse romande - Venez essayer nos mod\u00e8les - Atelier Motos Scooters - Centre Karcher\",\"publisher\":{\"@id\":\"https:\\\/\\\/www.gmc-moto.ch\\\/de\\\/#organization\"},\"alternateName\":\"GMC-Moto\",\"potentialAction\":[{\"@type\":\"SearchAction\",\"target\":{\"@type\":\"EntryPoint\",\"urlTemplate\":\"https:\\\/\\\/www.gmc-moto.ch\\\/de\\\/?s={search_term_string}\"},\"query-input\":{\"@type\":\"PropertyValueSpecification\",\"valueRequired\":true,\"valueName\":\"search_term_string\"}}],\"inLanguage\":\"de-DE\"},{\"@type\":\"Organization\",\"@id\":\"https:\\\/\\\/www.gmc-moto.ch\\\/de\\\/#organization\",\"name\":\"Gen\u00e8ve Moto Center SA\",\"alternateName\":\"GMC\",\"url\":\"https:\\\/\\\/www.gmc-moto.ch\\\/de\\\/\",\"logo\":{\"@type\":\"ImageObject\",\"inLanguage\":\"de-DE\",\"@id\":\"https:\\\/\\\/www.gmc-moto.ch\\\/de\\\/#\\\/schema\\\/logo\\\/image\\\/\",\"url\":\"https:\\\/\\\/www.gmc-moto.ch\\\/wp-content\\\/uploads\\\/2020\\\/08\\\/logo-emboss-s.png\",\"contentUrl\":\"https:\\\/\\\/www.gmc-moto.ch\\\/wp-content\\\/uploads\\\/2020\\\/08\\\/logo-emboss-s.png\",\"width\":80,\"height\":80,\"caption\":\"Gen\u00e8ve Moto Center SA\"},\"image\":{\"@id\":\"https:\\\/\\\/www.gmc-moto.ch\\\/de\\\/#\\\/schema\\\/logo\\\/image\\\/\"},\"sameAs\":[\"https:\\\/\\\/www.facebook.com\\\/suzukigeneve\\\/\",\"https:\\\/\\\/www.instagram.com\\\/genevemotocenter\\\/\"]}]}<\/script>\n<!-- \/ Yoast SEO plugin. -->","yoast_head_json":{"title":"SYMPHONIE ST 125 EURO 5 - Gen\u00e8ve Moto Center","description":"Elegant und raffiniert, ideal f\u00fcr den Pendelverkehr in der Stadt. Es erm\u00f6glicht dem Piloten, jede Art von Stra\u00dfe zu nehmen, kommen Sie und probieren Sie es aus ...","robots":{"index":"index","follow":"follow","max-snippet":"max-snippet:-1","max-image-preview":"max-image-preview:large","max-video-preview":"max-video-preview:-1"},"canonical":"https:\/\/www.gmc-moto.ch\/de\/symphony-st-125-euro-5\/","og_locale":"de_DE","og_type":"article","og_title":"SYMPHONIE ST 125 EURO 5 - Gen\u00e8ve Moto Center","og_description":"Elegant und raffiniert, ideal f\u00fcr den Pendelverkehr in der Stadt. Es erm\u00f6glicht dem Piloten, jede Art von Stra\u00dfe zu nehmen, kommen Sie und probieren Sie es aus ...","og_url":"https:\/\/www.gmc-moto.ch\/de\/symphony-st-125-euro-5\/","og_site_name":"Gen\u00e8ve Moto Center","article_publisher":"https:\/\/www.facebook.com\/suzukigeneve\/","article_modified_time":"2023-05-02T16:39:25+00:00","og_image":[{"width":750,"height":500,"url":"https:\/\/www.gmc-moto.ch\/wp-content\/uploads\/2022\/06\/Symphony_ST_125_Euro5.png","type":"image\/png"}],"twitter_card":"summary_large_image","schema":{"@context":"https:\/\/schema.org","@graph":[{"@type":["WebPage","ItemPage"],"@id":"https:\/\/www.gmc-moto.ch\/de\/symphony-st-125-euro-5\/","url":"https:\/\/www.gmc-moto.ch\/de\/symphony-st-125-euro-5\/","name":"SYMPHONIE ST 125 EURO 5 - Gen\u00e8ve Moto Center","isPartOf":{"@id":"https:\/\/www.gmc-moto.ch\/de\/#website"},"primaryImageOfPage":{"@id":"https:\/\/www.gmc-moto.ch\/de\/symphony-st-125-euro-5\/#primaryimage"},"image":{"@id":"https:\/\/www.gmc-moto.ch\/de\/symphony-st-125-euro-5\/#primaryimage"},"thumbnailUrl":"https:\/\/www.gmc-moto.ch\/wp-content\/uploads\/2022\/06\/Symphony_ST_125_Euro5.png","datePublished":"2022-06-11T16:47:35+00:00","dateModified":"2023-05-02T16:39:25+00:00","description":"Elegant und raffiniert, ideal f\u00fcr den Pendelverkehr in der Stadt. Es erm\u00f6glicht dem Piloten, jede Art von Stra\u00dfe zu nehmen, kommen Sie und probieren Sie es aus ...","breadcrumb":{"@id":"https:\/\/www.gmc-moto.ch\/de\/symphony-st-125-euro-5\/#breadcrumb"},"inLanguage":"de-DE","potentialAction":[{"@type":"ReadAction","target":["https:\/\/www.gmc-moto.ch\/de\/symphony-st-125-euro-5\/"]}]},{"@type":"ImageObject","inLanguage":"de-DE","@id":"https:\/\/www.gmc-moto.ch\/de\/symphony-st-125-euro-5\/#primaryimage","url":"https:\/\/www.gmc-moto.ch\/wp-content\/uploads\/2022\/06\/Symphony_ST_125_Euro5.png","contentUrl":"https:\/\/www.gmc-moto.ch\/wp-content\/uploads\/2022\/06\/Symphony_ST_125_Euro5.png","width":750,"height":500,"caption":"SYMPHONY ST 125 EURO 5"},{"@type":"BreadcrumbList","@id":"https:\/\/www.gmc-moto.ch\/de\/symphony-st-125-euro-5\/#breadcrumb","itemListElement":[{"@type":"ListItem","position":1,"name":"Home","item":"https:\/\/www.gmc-moto.ch\/de\/"},{"@type":"ListItem","position":2,"name":"Produkte","item":"https:\/\/www.gmc-moto.ch\/de\/shop\/"},{"@type":"ListItem","position":3,"name":"SYMPHONIE ST 125 EURO 5"}]},{"@type":"WebSite","@id":"https:\/\/www.gmc-moto.ch\/de\/#website","url":"https:\/\/www.gmc-moto.ch\/de\/","name":"Gen\u00e8ve Moto Center","description":"Motos et Scooters neufs - Le plus grand showroom de suisse romande - Venez essayer nos mod\u00e8les - Atelier Motos Scooters - Centre Karcher","publisher":{"@id":"https:\/\/www.gmc-moto.ch\/de\/#organization"},"alternateName":"GMC-Moto","potentialAction":[{"@type":"SearchAction","target":{"@type":"EntryPoint","urlTemplate":"https:\/\/www.gmc-moto.ch\/de\/?s={search_term_string}"},"query-input":{"@type":"PropertyValueSpecification","valueRequired":true,"valueName":"search_term_string"}}],"inLanguage":"de-DE"},{"@type":"Organization","@id":"https:\/\/www.gmc-moto.ch\/de\/#organization","name":"Gen\u00e8ve Moto Center SA","alternateName":"GMC","url":"https:\/\/www.gmc-moto.ch\/de\/","logo":{"@type":"ImageObject","inLanguage":"de-DE","@id":"https:\/\/www.gmc-moto.ch\/de\/#\/schema\/logo\/image\/","url":"https:\/\/www.gmc-moto.ch\/wp-content\/uploads\/2020\/08\/logo-emboss-s.png","contentUrl":"https:\/\/www.gmc-moto.ch\/wp-content\/uploads\/2020\/08\/logo-emboss-s.png","width":80,"height":80,"caption":"Gen\u00e8ve Moto Center SA"},"image":{"@id":"https:\/\/www.gmc-moto.ch\/de\/#\/schema\/logo\/image\/"},"sameAs":["https:\/\/www.facebook.com\/suzukigeneve\/","https:\/\/www.instagram.com\/genevemotocenter\/"]}]}},"_links":{"self":[{"href":"https:\/\/www.gmc-moto.ch\/de\/wp-json\/wp\/v2\/product\/238246","targetHints":{"allow":["GET"]}}],"collection":[{"href":"https:\/\/www.gmc-moto.ch\/de\/wp-json\/wp\/v2\/product"}],"about":[{"href":"https:\/\/www.gmc-moto.ch\/de\/wp-json\/wp\/v2\/types\/product"}],"wp:featuredmedia":[{"embeddable":true,"href":"https:\/\/www.gmc-moto.ch\/de\/wp-json\/wp\/v2\/media\/237656"}],"wp:attachment":[{"href":"https:\/\/www.gmc-moto.ch\/de\/wp-json\/wp\/v2\/media?parent=238246"}],"wp:term":[{"taxonomy":"product_brand","embeddable":true,"href":"https:\/\/www.gmc-moto.ch\/de\/wp-json\/wp\/v2\/product_brand?post=238246"},{"taxonomy":"product_cat","embeddable":true,"href":"https:\/\/www.gmc-moto.ch\/de\/wp-json\/wp\/v2\/product_cat?post=238246"},{"taxonomy":"product_tag","embeddable":true,"href":"https:\/\/www.gmc-moto.ch\/de\/wp-json\/wp\/v2\/product_tag?post=238246"}],"curies":[{"name":"wp","href":"https:\/\/api.w.org\/{rel}","templated":true}]}}