{"id":237536,"date":"2021-05-13T15:40:07","date_gmt":"2021-05-13T13:40:07","guid":{"rendered":"https:\/\/www.gmc-moto.ch\/suzuki-gsx-s1000\/"},"modified":"2023-04-27T18:29:39","modified_gmt":"2023-04-27T16:29:39","slug":"suzuki-gsx-s1000","status":"publish","type":"product","link":"https:\/\/www.gmc-moto.ch\/de\/suzuki-gsx-s1000\/","title":{"rendered":"Suzuki GSX S1000"},"content":{"rendered":"","protected":false},"excerpt":{"rendered":"<p>Pure Sch\u00f6nheit und Aggressivit\u00e4t &#8211; Dieses neue Modell best\u00e4tigt sowohl seinen Streetfighter-Status als auch seine Daseinsberechtigung!<\/p>\n","protected":false},"featured_media":237038,"template":"","meta":{"_acf_changed":false},"product_brand":[],"product_cat":[9802,9803],"product_tag":[],"class_list":{"0":"post-237536","1":"product","2":"type-product","3":"status-publish","4":"has-post-thumbnail","6":"product_cat-motorrader","7":"product_cat-suzuki-motorrad","9":"first","10":"instock","11":"sold-individually","12":"shipping-taxable","13":"purchasable","14":"product-type-simple"},"acf":[],"yoast_head":"<!-- This site is optimized with the Yoast SEO plugin v27.4 - https:\/\/yoast.com\/product\/yoast-seo-wordpress\/ -->\n<title>Moto Suzuki GSX S1000 2021 - Gen\u00e8ve Moto Center<\/title>\n<meta name=\"description\" content=\"Das neue Modell best\u00e4tigt seinen Streetfighter-Status, mit dem Ziel, bei jedem Ausflug das Vergn\u00fcgen sportlicher Sensationen zu bieten ... Kommen Sie und probieren Sie es aus!\" \/>\n<meta name=\"robots\" content=\"index, follow, max-snippet:-1, max-image-preview:large, max-video-preview:-1\" \/>\n<link rel=\"canonical\" href=\"https:\/\/www.gmc-moto.ch\/de\/suzuki-gsx-s1000\/\" \/>\n<meta property=\"og:locale\" content=\"de_DE\" \/>\n<meta property=\"og:type\" content=\"article\" \/>\n<meta property=\"og:title\" content=\"Moto Suzuki GSX S1000 2021 - Gen\u00e8ve Moto Center\" \/>\n<meta property=\"og:description\" content=\"Das neue Modell best\u00e4tigt seinen Streetfighter-Status, mit dem Ziel, bei jedem Ausflug das Vergn\u00fcgen sportlicher Sensationen zu bieten ... Kommen Sie und probieren Sie es aus!\" \/>\n<meta property=\"og:url\" content=\"https:\/\/www.gmc-moto.ch\/de\/suzuki-gsx-s1000\/\" \/>\n<meta property=\"og:site_name\" content=\"Gen\u00e8ve Moto Center\" \/>\n<meta property=\"article:publisher\" content=\"https:\/\/www.facebook.com\/suzukigeneve\/\" \/>\n<meta property=\"article:modified_time\" content=\"2023-04-27T16:29:39+00:00\" \/>\n<meta property=\"og:image\" content=\"https:\/\/www.gmc-moto.ch\/wp-content\/uploads\/2021\/05\/suzuki-gsx-s1000.png\" \/>\n\t<meta property=\"og:image:width\" content=\"750\" \/>\n\t<meta property=\"og:image:height\" content=\"500\" \/>\n\t<meta property=\"og:image:type\" content=\"image\/png\" \/>\n<meta name=\"twitter:card\" content=\"summary_large_image\" \/>\n<script type=\"application\/ld+json\" class=\"yoast-schema-graph\">{\"@context\":\"https:\\\/\\\/schema.org\",\"@graph\":[{\"@type\":[\"WebPage\",\"ItemPage\"],\"@id\":\"https:\\\/\\\/www.gmc-moto.ch\\\/de\\\/suzuki-gsx-s1000\\\/\",\"url\":\"https:\\\/\\\/www.gmc-moto.ch\\\/de\\\/suzuki-gsx-s1000\\\/\",\"name\":\"Moto Suzuki GSX S1000 2021 - Gen\u00e8ve Moto Center\",\"isPartOf\":{\"@id\":\"https:\\\/\\\/www.gmc-moto.ch\\\/de\\\/#website\"},\"primaryImageOfPage\":{\"@id\":\"https:\\\/\\\/www.gmc-moto.ch\\\/de\\\/suzuki-gsx-s1000\\\/#primaryimage\"},\"image\":{\"@id\":\"https:\\\/\\\/www.gmc-moto.ch\\\/de\\\/suzuki-gsx-s1000\\\/#primaryimage\"},\"thumbnailUrl\":\"https:\\\/\\\/www.gmc-moto.ch\\\/wp-content\\\/uploads\\\/2021\\\/05\\\/suzuki-gsx-s1000.png\",\"datePublished\":\"2021-05-13T13:40:07+00:00\",\"dateModified\":\"2023-04-27T16:29:39+00:00\",\"description\":\"Das neue Modell best\u00e4tigt seinen Streetfighter-Status, mit dem Ziel, bei jedem Ausflug das Vergn\u00fcgen sportlicher Sensationen zu bieten ... Kommen Sie und probieren Sie es aus!\",\"breadcrumb\":{\"@id\":\"https:\\\/\\\/www.gmc-moto.ch\\\/de\\\/suzuki-gsx-s1000\\\/#breadcrumb\"},\"inLanguage\":\"de-DE\",\"potentialAction\":[{\"@type\":\"ReadAction\",\"target\":[\"https:\\\/\\\/www.gmc-moto.ch\\\/de\\\/suzuki-gsx-s1000\\\/\"]}]},{\"@type\":\"ImageObject\",\"inLanguage\":\"de-DE\",\"@id\":\"https:\\\/\\\/www.gmc-moto.ch\\\/de\\\/suzuki-gsx-s1000\\\/#primaryimage\",\"url\":\"https:\\\/\\\/www.gmc-moto.ch\\\/wp-content\\\/uploads\\\/2021\\\/05\\\/suzuki-gsx-s1000.png\",\"contentUrl\":\"https:\\\/\\\/www.gmc-moto.ch\\\/wp-content\\\/uploads\\\/2021\\\/05\\\/suzuki-gsx-s1000.png\",\"width\":750,\"height\":500,\"caption\":\"Suzuki GSX S1000\"},{\"@type\":\"BreadcrumbList\",\"@id\":\"https:\\\/\\\/www.gmc-moto.ch\\\/de\\\/suzuki-gsx-s1000\\\/#breadcrumb\",\"itemListElement\":[{\"@type\":\"ListItem\",\"position\":1,\"name\":\"Home\",\"item\":\"https:\\\/\\\/www.gmc-moto.ch\\\/de\\\/\"},{\"@type\":\"ListItem\",\"position\":2,\"name\":\"Produkte\",\"item\":\"https:\\\/\\\/www.gmc-moto.ch\\\/de\\\/shop\\\/\"},{\"@type\":\"ListItem\",\"position\":3,\"name\":\"Suzuki GSX S1000\"}]},{\"@type\":\"WebSite\",\"@id\":\"https:\\\/\\\/www.gmc-moto.ch\\\/de\\\/#website\",\"url\":\"https:\\\/\\\/www.gmc-moto.ch\\\/de\\\/\",\"name\":\"Gen\u00e8ve Moto Center\",\"description\":\"Motos et Scooters neufs - Le plus grand showroom de suisse romande - Venez essayer nos mod\u00e8les - Atelier Motos Scooters - Centre Karcher\",\"publisher\":{\"@id\":\"https:\\\/\\\/www.gmc-moto.ch\\\/de\\\/#organization\"},\"alternateName\":\"GMC-Moto\",\"potentialAction\":[{\"@type\":\"SearchAction\",\"target\":{\"@type\":\"EntryPoint\",\"urlTemplate\":\"https:\\\/\\\/www.gmc-moto.ch\\\/de\\\/?s={search_term_string}\"},\"query-input\":{\"@type\":\"PropertyValueSpecification\",\"valueRequired\":true,\"valueName\":\"search_term_string\"}}],\"inLanguage\":\"de-DE\"},{\"@type\":\"Organization\",\"@id\":\"https:\\\/\\\/www.gmc-moto.ch\\\/de\\\/#organization\",\"name\":\"Gen\u00e8ve Moto Center SA\",\"alternateName\":\"GMC\",\"url\":\"https:\\\/\\\/www.gmc-moto.ch\\\/de\\\/\",\"logo\":{\"@type\":\"ImageObject\",\"inLanguage\":\"de-DE\",\"@id\":\"https:\\\/\\\/www.gmc-moto.ch\\\/de\\\/#\\\/schema\\\/logo\\\/image\\\/\",\"url\":\"https:\\\/\\\/www.gmc-moto.ch\\\/wp-content\\\/uploads\\\/2020\\\/08\\\/logo-emboss-s.png\",\"contentUrl\":\"https:\\\/\\\/www.gmc-moto.ch\\\/wp-content\\\/uploads\\\/2020\\\/08\\\/logo-emboss-s.png\",\"width\":80,\"height\":80,\"caption\":\"Gen\u00e8ve Moto Center SA\"},\"image\":{\"@id\":\"https:\\\/\\\/www.gmc-moto.ch\\\/de\\\/#\\\/schema\\\/logo\\\/image\\\/\"},\"sameAs\":[\"https:\\\/\\\/www.facebook.com\\\/suzukigeneve\\\/\",\"https:\\\/\\\/www.instagram.com\\\/genevemotocenter\\\/\"]}]}<\/script>\n<!-- \/ Yoast SEO plugin. -->","yoast_head_json":{"title":"Moto Suzuki GSX S1000 2021 - Gen\u00e8ve Moto Center","description":"Das neue Modell best\u00e4tigt seinen Streetfighter-Status, mit dem Ziel, bei jedem Ausflug das Vergn\u00fcgen sportlicher Sensationen zu bieten ... Kommen Sie und probieren Sie es aus!","robots":{"index":"index","follow":"follow","max-snippet":"max-snippet:-1","max-image-preview":"max-image-preview:large","max-video-preview":"max-video-preview:-1"},"canonical":"https:\/\/www.gmc-moto.ch\/de\/suzuki-gsx-s1000\/","og_locale":"de_DE","og_type":"article","og_title":"Moto Suzuki GSX S1000 2021 - Gen\u00e8ve Moto Center","og_description":"Das neue Modell best\u00e4tigt seinen Streetfighter-Status, mit dem Ziel, bei jedem Ausflug das Vergn\u00fcgen sportlicher Sensationen zu bieten ... Kommen Sie und probieren Sie es aus!","og_url":"https:\/\/www.gmc-moto.ch\/de\/suzuki-gsx-s1000\/","og_site_name":"Gen\u00e8ve Moto Center","article_publisher":"https:\/\/www.facebook.com\/suzukigeneve\/","article_modified_time":"2023-04-27T16:29:39+00:00","og_image":[{"width":750,"height":500,"url":"https:\/\/www.gmc-moto.ch\/wp-content\/uploads\/2021\/05\/suzuki-gsx-s1000.png","type":"image\/png"}],"twitter_card":"summary_large_image","schema":{"@context":"https:\/\/schema.org","@graph":[{"@type":["WebPage","ItemPage"],"@id":"https:\/\/www.gmc-moto.ch\/de\/suzuki-gsx-s1000\/","url":"https:\/\/www.gmc-moto.ch\/de\/suzuki-gsx-s1000\/","name":"Moto Suzuki GSX S1000 2021 - Gen\u00e8ve Moto Center","isPartOf":{"@id":"https:\/\/www.gmc-moto.ch\/de\/#website"},"primaryImageOfPage":{"@id":"https:\/\/www.gmc-moto.ch\/de\/suzuki-gsx-s1000\/#primaryimage"},"image":{"@id":"https:\/\/www.gmc-moto.ch\/de\/suzuki-gsx-s1000\/#primaryimage"},"thumbnailUrl":"https:\/\/www.gmc-moto.ch\/wp-content\/uploads\/2021\/05\/suzuki-gsx-s1000.png","datePublished":"2021-05-13T13:40:07+00:00","dateModified":"2023-04-27T16:29:39+00:00","description":"Das neue Modell best\u00e4tigt seinen Streetfighter-Status, mit dem Ziel, bei jedem Ausflug das Vergn\u00fcgen sportlicher Sensationen zu bieten ... Kommen Sie und probieren Sie es aus!","breadcrumb":{"@id":"https:\/\/www.gmc-moto.ch\/de\/suzuki-gsx-s1000\/#breadcrumb"},"inLanguage":"de-DE","potentialAction":[{"@type":"ReadAction","target":["https:\/\/www.gmc-moto.ch\/de\/suzuki-gsx-s1000\/"]}]},{"@type":"ImageObject","inLanguage":"de-DE","@id":"https:\/\/www.gmc-moto.ch\/de\/suzuki-gsx-s1000\/#primaryimage","url":"https:\/\/www.gmc-moto.ch\/wp-content\/uploads\/2021\/05\/suzuki-gsx-s1000.png","contentUrl":"https:\/\/www.gmc-moto.ch\/wp-content\/uploads\/2021\/05\/suzuki-gsx-s1000.png","width":750,"height":500,"caption":"Suzuki GSX S1000"},{"@type":"BreadcrumbList","@id":"https:\/\/www.gmc-moto.ch\/de\/suzuki-gsx-s1000\/#breadcrumb","itemListElement":[{"@type":"ListItem","position":1,"name":"Home","item":"https:\/\/www.gmc-moto.ch\/de\/"},{"@type":"ListItem","position":2,"name":"Produkte","item":"https:\/\/www.gmc-moto.ch\/de\/shop\/"},{"@type":"ListItem","position":3,"name":"Suzuki GSX S1000"}]},{"@type":"WebSite","@id":"https:\/\/www.gmc-moto.ch\/de\/#website","url":"https:\/\/www.gmc-moto.ch\/de\/","name":"Gen\u00e8ve Moto Center","description":"Motos et Scooters neufs - Le plus grand showroom de suisse romande - Venez essayer nos mod\u00e8les - Atelier Motos Scooters - Centre Karcher","publisher":{"@id":"https:\/\/www.gmc-moto.ch\/de\/#organization"},"alternateName":"GMC-Moto","potentialAction":[{"@type":"SearchAction","target":{"@type":"EntryPoint","urlTemplate":"https:\/\/www.gmc-moto.ch\/de\/?s={search_term_string}"},"query-input":{"@type":"PropertyValueSpecification","valueRequired":true,"valueName":"search_term_string"}}],"inLanguage":"de-DE"},{"@type":"Organization","@id":"https:\/\/www.gmc-moto.ch\/de\/#organization","name":"Gen\u00e8ve Moto Center SA","alternateName":"GMC","url":"https:\/\/www.gmc-moto.ch\/de\/","logo":{"@type":"ImageObject","inLanguage":"de-DE","@id":"https:\/\/www.gmc-moto.ch\/de\/#\/schema\/logo\/image\/","url":"https:\/\/www.gmc-moto.ch\/wp-content\/uploads\/2020\/08\/logo-emboss-s.png","contentUrl":"https:\/\/www.gmc-moto.ch\/wp-content\/uploads\/2020\/08\/logo-emboss-s.png","width":80,"height":80,"caption":"Gen\u00e8ve Moto Center SA"},"image":{"@id":"https:\/\/www.gmc-moto.ch\/de\/#\/schema\/logo\/image\/"},"sameAs":["https:\/\/www.facebook.com\/suzukigeneve\/","https:\/\/www.instagram.com\/genevemotocenter\/"]}]}},"_links":{"self":[{"href":"https:\/\/www.gmc-moto.ch\/de\/wp-json\/wp\/v2\/product\/237536","targetHints":{"allow":["GET"]}}],"collection":[{"href":"https:\/\/www.gmc-moto.ch\/de\/wp-json\/wp\/v2\/product"}],"about":[{"href":"https:\/\/www.gmc-moto.ch\/de\/wp-json\/wp\/v2\/types\/product"}],"wp:featuredmedia":[{"embeddable":true,"href":"https:\/\/www.gmc-moto.ch\/de\/wp-json\/wp\/v2\/media\/237038"}],"wp:attachment":[{"href":"https:\/\/www.gmc-moto.ch\/de\/wp-json\/wp\/v2\/media?parent=237536"}],"wp:term":[{"taxonomy":"product_brand","embeddable":true,"href":"https:\/\/www.gmc-moto.ch\/de\/wp-json\/wp\/v2\/product_brand?post=237536"},{"taxonomy":"product_cat","embeddable":true,"href":"https:\/\/www.gmc-moto.ch\/de\/wp-json\/wp\/v2\/product_cat?post=237536"},{"taxonomy":"product_tag","embeddable":true,"href":"https:\/\/www.gmc-moto.ch\/de\/wp-json\/wp\/v2\/product_tag?post=237536"}],"curies":[{"name":"wp","href":"https:\/\/api.w.org\/{rel}","templated":true}]}}