{"id":244318,"date":"2025-04-16T19:06:25","date_gmt":"2025-04-16T17:06:25","guid":{"rendered":"https:\/\/www.gmc-moto.ch\/ktm-pieces-detachees\/"},"modified":"2025-05-13T13:07:44","modified_gmt":"2025-05-13T11:07:44","slug":"ktm-ersatzteile","status":"publish","type":"page","link":"https:\/\/www.gmc-moto.ch\/de\/ktm-ersatzteile\/","title":{"rendered":"KTM-Ersatzteile bestellen"},"content":{"rendered":"<div class=\"wpb-content-wrapper\"><p>[vc_row heading_color=&#8220;light&#8220; bg_type=&#8220;color&#8220; bg_color=&#8220;#FF6600&#8243; font_color=&#8220;#FFFFFF&#8220;][vc_column font_color=&#8220;#FFFFFF&#8220;]<div class=\"grve-empty-space grve-height-2x\" style=\"\"><\/div><h1 class=\"grve-element grve-title grve-align-center grve-h1 grve-increase-heading grve-heading-140\" style=\"\"><span>KTM &#8211; Original Ersatzteile<\/span><\/h1>[vc_column_text css=&#8220;&#8220;]<\/p>\n<p style=\"text-align: center; font-size: larger;\">Suchen und bestellen Sie Ihre Teile direkt!<\/p>\n<p>[\/vc_column_text]<div class=\"grve-empty-space\" style=\"height: 32px;\"><\/div>[\/vc_column][\/vc_row][vc_row padding_bottom_multiplier=&#8220;&#8220;][vc_column css=&#8220;.vc_custom_1746197473492{border-color: #DDDDDD !important;}&#8220;][vc_row_inner css=&#8220;.vc_custom_1746197622355{background-color: #FF6600 !important;border-radius: 10px !important;}&#8220;][vc_column_inner width=&#8220;1\/4&#8243; css=&#8220;.vc_custom_1746197595778{padding-top: 50% !important;}&#8220;]<div class=\"grve-element grve-title grve-align-center grve-h1 title-bolder grve-increase-heading grve-heading-160\" style=\"\"><span>KTM<\/span><\/div>[\/vc_column_inner][vc_column_inner width=&#8220;1\/2&#8243; css=&#8220;.vc_custom_1746197420658{padding: 4% !important;background-color: #FFFFFF !important;border-color: #00000000 !important;}&#8220;]<h2 class=\"grve-element grve-title grve-align-center grve-h2 grve-increase-heading grve-heading-120\" style=\"\"><span>TEILE SUCHEN UND BESTELLEN<\/span><\/h2><div class=\"grve-empty-space grve-height-1x\" style=\"\"><\/div>[vc_column_text css=&#8220;&#8220;]<\/p>\n<ol>\n<li style=\"list-style-type: none;\">\n<ol>\n<li>Suchen Sie nach Ihrem <strong>Modell<\/strong><\/li>\n<li>W\u00e4hlen Sie <strong>Motor<\/strong> oder <strong>Rahmen<\/strong><\/li>\n<li>Starten Sie die <strong>Suche<\/strong><\/li>\n<li>W\u00e4hlen Sie die <strong>Teilegruppe<\/strong> aus (klicken Sie auf den Pfeil)<\/li>\n<li>W\u00e4hlen Sie den <strong>Warenkorb<\/strong> f\u00fcr jedes St\u00fcck<\/li>\n<li>Wenn Ihr Warenkorb vollst\u00e4ndig ist, w\u00e4hlen Sie \u201e<strong>Ausgew\u00e4hlte Artikel<\/strong>\u201c, \u00fcberpr\u00fcfen Sie und drucken Sie im <strong>PDF<\/strong>-Format<\/li>\n<li><strong>Senden Sie Ihre Bestellung<\/strong> mit allen Teilen per E-Mail an atelier@gmc-moto.ch<br \/>\n<em>(bestes Suchergebnis mit gro\u00dfem Bildschirm)<\/em><\/li>\n<\/ol>\n<\/li>\n<\/ol>\n<p>[\/vc_column_text][\/vc_column_inner][vc_column_inner width=&#8220;1\/4&#8243; css=&#8220;.vc_custom_1746197671626{padding-top: 50% !important;}&#8220;]<div class=\"grve-element grve-title grve-align-center grve-h1 title-bolder grve-increase-heading grve-heading-160\" style=\"\"><span>ST\u00dcCKE<\/span><\/div>[\/vc_column_inner][\/vc_row_inner][\/vc_column][\/vc_row][vc_row padding_top_multiplier=&#8220;custom&#8220; padding_top=&#8220;10px&#8220;][vc_column css=&#8220;.vc_custom_1746197830058{border-top-width: 1px !important;border-right-width: 1px !important;border-bottom-width: 1px !important;border-left-width: 1px !important;border-left-style: solid !important;border-right-style: solid !important;border-top-style: solid !important;border-bottom-style: solid !important;border-radius: 10px !important;}&#8220;]<div class=\"grve-empty-space grve-height-1x\" style=\"\"><\/div>[vc_raw_html css=&#8220;&#8220;]JTNDaWZyYW1lJTIwaWQlM0QlMjJzcGFyZXBhcnNJZnJhbWUlMjIlMjB0aXRsZSUzRCUyMnNwYXJlcGFyc0lmcmFtZSUyMiUyMHdpZHRoJTNEJTIyMTAwJTI1JTIyJTIwaGVpZ2h0JTNEJTIyODAwcHglMjIlMjBmcmFtZWJvcmRlciUzRCUyMjAlMjIlMjBzcmMlM0QlMjJodHRwcyUzQSUyRiUyRnNwYXJlcGFydHNmaW5kZXIua3RtLmNvbSUyRiUzRmxhbmclM0RmciUyMiUzRSUwQSUzQyUyRmlmcmFtZSUzRQ==[\/vc_raw_html]<div class=\"grve-empty-space grve-height-1x\" style=\"\"><\/div>[\/vc_column][\/vc_row]<\/p>\n<\/div>","protected":false},"excerpt":{"rendered":"<p>Bestellen Sie alle Ihre KTM-Ersatzteile direkt und ohne Zeitverlust \u00fcber unser interaktives Formular! Es ist einfach und schnell!<\/p>\n","protected":false},"author":6,"featured_media":244281,"parent":0,"menu_order":0,"comment_status":"closed","ping_status":"closed","template":"","meta":{"_acf_changed":false,"footnotes":""},"class_list":["post-244318","page","type-page","status-publish","has-post-thumbnail","hentry"],"acf":[],"yoast_head":"<!-- This site is optimized with the Yoast SEO plugin v27.5 - https:\/\/yoast.com\/product\/yoast-seo-wordpress\/ -->\n<title>KTM-Ersatzteile bestellen - Gen\u00e8ve Moto Center<\/title>\n<meta name=\"description\" content=\"Bestellen Sie alle Ihre KTM-Ersatzteile direkt und ohne Zeitverlust \u00fcber unser interaktives Formular! Es ist einfach und schnell!\" \/>\n<meta name=\"robots\" content=\"index, follow, max-snippet:-1, max-image-preview:large, max-video-preview:-1\" \/>\n<link rel=\"canonical\" href=\"https:\/\/www.gmc-moto.ch\/de\/ktm-ersatzteile\/\" \/>\n<meta property=\"og:locale\" content=\"de_DE\" \/>\n<meta property=\"og:type\" content=\"article\" \/>\n<meta property=\"og:title\" content=\"KTM-Ersatzteile bestellen - Gen\u00e8ve Moto Center\" \/>\n<meta property=\"og:description\" content=\"Bestellen Sie alle Ihre KTM-Ersatzteile direkt und ohne Zeitverlust \u00fcber unser interaktives Formular! Es ist einfach und schnell!\" \/>\n<meta property=\"og:url\" content=\"https:\/\/www.gmc-moto.ch\/de\/ktm-ersatzteile\/\" \/>\n<meta property=\"og:site_name\" content=\"Gen\u00e8ve Moto Center\" \/>\n<meta property=\"article:publisher\" content=\"https:\/\/www.facebook.com\/suzukigeneve\/\" \/>\n<meta property=\"article:modified_time\" content=\"2025-05-13T11:07:44+00:00\" \/>\n<meta property=\"og:image\" content=\"https:\/\/www.gmc-moto.ch\/wp-content\/uploads\/2025\/05\/KTM_pieces_333X300.jpg\" \/>\n\t<meta property=\"og:image:width\" content=\"333\" \/>\n\t<meta property=\"og:image:height\" content=\"300\" \/>\n\t<meta property=\"og:image:type\" content=\"image\/jpeg\" \/>\n<meta name=\"twitter:card\" content=\"summary_large_image\" \/>\n<meta name=\"twitter:label1\" content=\"Gesch\u00e4tzte Lesezeit\" \/>\n\t<meta name=\"twitter:data1\" content=\"1 Minute\" \/>\n<script type=\"application\/ld+json\" class=\"yoast-schema-graph\">{\"@context\":\"https:\\\/\\\/schema.org\",\"@graph\":[{\"@type\":\"WebPage\",\"@id\":\"https:\\\/\\\/www.gmc-moto.ch\\\/de\\\/ktm-ersatzteile\\\/\",\"url\":\"https:\\\/\\\/www.gmc-moto.ch\\\/de\\\/ktm-ersatzteile\\\/\",\"name\":\"KTM-Ersatzteile bestellen - Gen\u00e8ve Moto Center\",\"isPartOf\":{\"@id\":\"https:\\\/\\\/www.gmc-moto.ch\\\/de\\\/#website\"},\"primaryImageOfPage\":{\"@id\":\"https:\\\/\\\/www.gmc-moto.ch\\\/de\\\/ktm-ersatzteile\\\/#primaryimage\"},\"image\":{\"@id\":\"https:\\\/\\\/www.gmc-moto.ch\\\/de\\\/ktm-ersatzteile\\\/#primaryimage\"},\"thumbnailUrl\":\"https:\\\/\\\/www.gmc-moto.ch\\\/wp-content\\\/uploads\\\/2025\\\/05\\\/KTM_pieces_333X300.jpg\",\"datePublished\":\"2025-04-16T17:06:25+00:00\",\"dateModified\":\"2025-05-13T11:07:44+00:00\",\"description\":\"Bestellen Sie alle Ihre KTM-Ersatzteile direkt und ohne Zeitverlust \u00fcber unser interaktives Formular! Es ist einfach und schnell!\",\"breadcrumb\":{\"@id\":\"https:\\\/\\\/www.gmc-moto.ch\\\/de\\\/ktm-ersatzteile\\\/#breadcrumb\"},\"inLanguage\":\"de-DE\",\"potentialAction\":[{\"@type\":\"ReadAction\",\"target\":[\"https:\\\/\\\/www.gmc-moto.ch\\\/de\\\/ktm-ersatzteile\\\/\"]}]},{\"@type\":\"ImageObject\",\"inLanguage\":\"de-DE\",\"@id\":\"https:\\\/\\\/www.gmc-moto.ch\\\/de\\\/ktm-ersatzteile\\\/#primaryimage\",\"url\":\"https:\\\/\\\/www.gmc-moto.ch\\\/wp-content\\\/uploads\\\/2025\\\/05\\\/KTM_pieces_333X300.jpg\",\"contentUrl\":\"https:\\\/\\\/www.gmc-moto.ch\\\/wp-content\\\/uploads\\\/2025\\\/05\\\/KTM_pieces_333X300.jpg\",\"width\":333,\"height\":300,\"caption\":\"Logo KTM pour commander les pi\u00e8ces d\u00e9tach\u00e9es\"},{\"@type\":\"BreadcrumbList\",\"@id\":\"https:\\\/\\\/www.gmc-moto.ch\\\/de\\\/ktm-ersatzteile\\\/#breadcrumb\",\"itemListElement\":[{\"@type\":\"ListItem\",\"position\":1,\"name\":\"Home\",\"item\":\"https:\\\/\\\/www.gmc-moto.ch\\\/de\\\/\"},{\"@type\":\"ListItem\",\"position\":2,\"name\":\"KTM-Ersatzteile bestellen\"}]},{\"@type\":\"WebSite\",\"@id\":\"https:\\\/\\\/www.gmc-moto.ch\\\/de\\\/#website\",\"url\":\"https:\\\/\\\/www.gmc-moto.ch\\\/de\\\/\",\"name\":\"Gen\u00e8ve Moto Center\",\"description\":\"Motos et Scooters neufs - Le plus grand showroom de suisse romande - Venez essayer nos mod\u00e8les - Atelier Motos Scooters - Centre Karcher\",\"publisher\":{\"@id\":\"https:\\\/\\\/www.gmc-moto.ch\\\/de\\\/#organization\"},\"alternateName\":\"GMC-Moto\",\"potentialAction\":[{\"@type\":\"SearchAction\",\"target\":{\"@type\":\"EntryPoint\",\"urlTemplate\":\"https:\\\/\\\/www.gmc-moto.ch\\\/de\\\/?s={search_term_string}\"},\"query-input\":{\"@type\":\"PropertyValueSpecification\",\"valueRequired\":true,\"valueName\":\"search_term_string\"}}],\"inLanguage\":\"de-DE\"},{\"@type\":\"Organization\",\"@id\":\"https:\\\/\\\/www.gmc-moto.ch\\\/de\\\/#organization\",\"name\":\"Gen\u00e8ve Moto Center SA\",\"alternateName\":\"GMC\",\"url\":\"https:\\\/\\\/www.gmc-moto.ch\\\/de\\\/\",\"logo\":{\"@type\":\"ImageObject\",\"inLanguage\":\"de-DE\",\"@id\":\"https:\\\/\\\/www.gmc-moto.ch\\\/de\\\/#\\\/schema\\\/logo\\\/image\\\/\",\"url\":\"https:\\\/\\\/www.gmc-moto.ch\\\/wp-content\\\/uploads\\\/2020\\\/08\\\/logo-emboss-s.png\",\"contentUrl\":\"https:\\\/\\\/www.gmc-moto.ch\\\/wp-content\\\/uploads\\\/2020\\\/08\\\/logo-emboss-s.png\",\"width\":80,\"height\":80,\"caption\":\"Gen\u00e8ve Moto Center SA\"},\"image\":{\"@id\":\"https:\\\/\\\/www.gmc-moto.ch\\\/de\\\/#\\\/schema\\\/logo\\\/image\\\/\"},\"sameAs\":[\"https:\\\/\\\/www.facebook.com\\\/suzukigeneve\\\/\",\"https:\\\/\\\/www.instagram.com\\\/genevemotocenter\\\/\"]}]}<\/script>\n<!-- \/ Yoast SEO plugin. -->","yoast_head_json":{"title":"KTM-Ersatzteile bestellen - Gen\u00e8ve Moto Center","description":"Bestellen Sie alle Ihre KTM-Ersatzteile direkt und ohne Zeitverlust \u00fcber unser interaktives Formular! Es ist einfach und schnell!","robots":{"index":"index","follow":"follow","max-snippet":"max-snippet:-1","max-image-preview":"max-image-preview:large","max-video-preview":"max-video-preview:-1"},"canonical":"https:\/\/www.gmc-moto.ch\/de\/ktm-ersatzteile\/","og_locale":"de_DE","og_type":"article","og_title":"KTM-Ersatzteile bestellen - Gen\u00e8ve Moto Center","og_description":"Bestellen Sie alle Ihre KTM-Ersatzteile direkt und ohne Zeitverlust \u00fcber unser interaktives Formular! Es ist einfach und schnell!","og_url":"https:\/\/www.gmc-moto.ch\/de\/ktm-ersatzteile\/","og_site_name":"Gen\u00e8ve Moto Center","article_publisher":"https:\/\/www.facebook.com\/suzukigeneve\/","article_modified_time":"2025-05-13T11:07:44+00:00","og_image":[{"width":333,"height":300,"url":"https:\/\/www.gmc-moto.ch\/wp-content\/uploads\/2025\/05\/KTM_pieces_333X300.jpg","type":"image\/jpeg"}],"twitter_card":"summary_large_image","twitter_misc":{"Gesch\u00e4tzte Lesezeit":"1 Minute"},"schema":{"@context":"https:\/\/schema.org","@graph":[{"@type":"WebPage","@id":"https:\/\/www.gmc-moto.ch\/de\/ktm-ersatzteile\/","url":"https:\/\/www.gmc-moto.ch\/de\/ktm-ersatzteile\/","name":"KTM-Ersatzteile bestellen - Gen\u00e8ve Moto Center","isPartOf":{"@id":"https:\/\/www.gmc-moto.ch\/de\/#website"},"primaryImageOfPage":{"@id":"https:\/\/www.gmc-moto.ch\/de\/ktm-ersatzteile\/#primaryimage"},"image":{"@id":"https:\/\/www.gmc-moto.ch\/de\/ktm-ersatzteile\/#primaryimage"},"thumbnailUrl":"https:\/\/www.gmc-moto.ch\/wp-content\/uploads\/2025\/05\/KTM_pieces_333X300.jpg","datePublished":"2025-04-16T17:06:25+00:00","dateModified":"2025-05-13T11:07:44+00:00","description":"Bestellen Sie alle Ihre KTM-Ersatzteile direkt und ohne Zeitverlust \u00fcber unser interaktives Formular! Es ist einfach und schnell!","breadcrumb":{"@id":"https:\/\/www.gmc-moto.ch\/de\/ktm-ersatzteile\/#breadcrumb"},"inLanguage":"de-DE","potentialAction":[{"@type":"ReadAction","target":["https:\/\/www.gmc-moto.ch\/de\/ktm-ersatzteile\/"]}]},{"@type":"ImageObject","inLanguage":"de-DE","@id":"https:\/\/www.gmc-moto.ch\/de\/ktm-ersatzteile\/#primaryimage","url":"https:\/\/www.gmc-moto.ch\/wp-content\/uploads\/2025\/05\/KTM_pieces_333X300.jpg","contentUrl":"https:\/\/www.gmc-moto.ch\/wp-content\/uploads\/2025\/05\/KTM_pieces_333X300.jpg","width":333,"height":300,"caption":"Logo KTM pour commander les pi\u00e8ces d\u00e9tach\u00e9es"},{"@type":"BreadcrumbList","@id":"https:\/\/www.gmc-moto.ch\/de\/ktm-ersatzteile\/#breadcrumb","itemListElement":[{"@type":"ListItem","position":1,"name":"Home","item":"https:\/\/www.gmc-moto.ch\/de\/"},{"@type":"ListItem","position":2,"name":"KTM-Ersatzteile bestellen"}]},{"@type":"WebSite","@id":"https:\/\/www.gmc-moto.ch\/de\/#website","url":"https:\/\/www.gmc-moto.ch\/de\/","name":"Gen\u00e8ve Moto Center","description":"Motos et Scooters neufs - Le plus grand showroom de suisse romande - Venez essayer nos mod\u00e8les - Atelier Motos Scooters - Centre Karcher","publisher":{"@id":"https:\/\/www.gmc-moto.ch\/de\/#organization"},"alternateName":"GMC-Moto","potentialAction":[{"@type":"SearchAction","target":{"@type":"EntryPoint","urlTemplate":"https:\/\/www.gmc-moto.ch\/de\/?s={search_term_string}"},"query-input":{"@type":"PropertyValueSpecification","valueRequired":true,"valueName":"search_term_string"}}],"inLanguage":"de-DE"},{"@type":"Organization","@id":"https:\/\/www.gmc-moto.ch\/de\/#organization","name":"Gen\u00e8ve Moto Center SA","alternateName":"GMC","url":"https:\/\/www.gmc-moto.ch\/de\/","logo":{"@type":"ImageObject","inLanguage":"de-DE","@id":"https:\/\/www.gmc-moto.ch\/de\/#\/schema\/logo\/image\/","url":"https:\/\/www.gmc-moto.ch\/wp-content\/uploads\/2020\/08\/logo-emboss-s.png","contentUrl":"https:\/\/www.gmc-moto.ch\/wp-content\/uploads\/2020\/08\/logo-emboss-s.png","width":80,"height":80,"caption":"Gen\u00e8ve Moto Center SA"},"image":{"@id":"https:\/\/www.gmc-moto.ch\/de\/#\/schema\/logo\/image\/"},"sameAs":["https:\/\/www.facebook.com\/suzukigeneve\/","https:\/\/www.instagram.com\/genevemotocenter\/"]}]}},"_links":{"self":[{"href":"https:\/\/www.gmc-moto.ch\/de\/wp-json\/wp\/v2\/pages\/244318","targetHints":{"allow":["GET"]}}],"collection":[{"href":"https:\/\/www.gmc-moto.ch\/de\/wp-json\/wp\/v2\/pages"}],"about":[{"href":"https:\/\/www.gmc-moto.ch\/de\/wp-json\/wp\/v2\/types\/page"}],"author":[{"embeddable":true,"href":"https:\/\/www.gmc-moto.ch\/de\/wp-json\/wp\/v2\/users\/6"}],"replies":[{"embeddable":true,"href":"https:\/\/www.gmc-moto.ch\/de\/wp-json\/wp\/v2\/comments?post=244318"}],"version-history":[{"count":0,"href":"https:\/\/www.gmc-moto.ch\/de\/wp-json\/wp\/v2\/pages\/244318\/revisions"}],"wp:featuredmedia":[{"embeddable":true,"href":"https:\/\/www.gmc-moto.ch\/de\/wp-json\/wp\/v2\/media\/244281"}],"wp:attachment":[{"href":"https:\/\/www.gmc-moto.ch\/de\/wp-json\/wp\/v2\/media?parent=244318"}],"curies":[{"name":"wp","href":"https:\/\/api.w.org\/{rel}","templated":true}]}}