{"id":239745,"date":"2020-08-17T18:09:51","date_gmt":"2020-08-17T16:09:51","guid":{"rendered":"https:\/\/www.gmc-moto.ch\/mentions-legales-pour-la-protection-des-donnees\/"},"modified":"2023-05-17T19:43:39","modified_gmt":"2023-05-17T17:43:39","slug":"impressum-zum-datenschutz","status":"publish","type":"page","link":"https:\/\/www.gmc-moto.ch\/de\/impressum-zum-datenschutz\/","title":{"rendered":"Impressum zum Datenschutz"},"content":{"rendered":"<p><span style=\"font-size: 14pt;\"><strong>GEN\u00c8VE MOTO CENTER SA<\/strong><\/span> verpflichtet sich, die Privatsph\u00e4re aller Besucher seiner Websites zu respektieren. Alle \u00fcber Sie gesammelten Informationen werden verwendet, um Ihnen neue Dienstleistungen anzubieten, Sie \u00fcber unsere neuen Produkte zu informieren und unsere Servicequalit\u00e4t zu verbessern. Diese Daten werden in \u00dcbereinstimmung mit den einschl\u00e4gigen Richtlinien und den geltenden gesetzlichen Bestimmungen der Schweiz verarbeitet. Die bereitgestellten Informationen sind ausschlie\u00dflich f\u00fcr den internen Gebrauch durch das Gen\u00e8ve Moto Center, seine Tochtergesellschaften, Partner und H\u00e4ndler bestimmt.<\/p>\n<p>Der Zweck dieser Datenschutzrichtlinie besteht darin, die Arten von Informationen zu beschreiben, die wir beim Besuch unserer Website sammeln, und zu erkl\u00e4ren, wie wir sie verwenden.<\/p>\n<div id=\"c2411\" class=\"section-text\">\n<h2 class=\"\">Datenschutz<\/h2>\n<\/div>\n<div class=\"\">\n<div class=\"row\">\n<div class=\"col-md-6 \">\n<div id=\"c2413\" class=\"section-text\">\n<p>Wir sch\u00fctzen Ihre Daten streng nach den Grunds\u00e4tzen der schweizerischen Datenschutzrichtlinien, insbesondere der Richtlinie des Bundesgesetzes \u00fcber den Datenschutz.<\/p>\n<p>Alle Informationen, die Sie uns \u00fcber sich mitteilen, werden auf einem gesch\u00fctzten Computerserver in Belgien gespeichert. Die Serversoftware (SSL) verschl\u00fcsselt alle Informationen, die Sie uns zur Verf\u00fcgung stellen.<\/p>\n<p>Dies erm\u00f6glicht unter anderem eine rechtm\u00e4\u00dfige und unparteiische Verarbeitung der Daten, die wir \u00fcber Sie haben. Wir stellen sicher, dass die gespeicherten Informationen korrekt, relevant und zusammenfassend sind. Diese Daten werden von uns aktualisiert.<\/p>\n<p>Wir werden sie nur so lange wie n\u00f6tig an einem sicheren Ort aufbewahren, um den Zugriff Unbefugter zu verhindern. Sie haben das Recht auf Auskunft und Berichtigung der Sie betreffenden Daten.<\/p>\n<p>Das Gen\u00e8ve Moto Center wird ohne Ihre Zustimmung keine Informationen \u00fcber Sie pers\u00f6nlich an Dritte weitergeben oder vermieten. Andererseits ist es wahrscheinlich, dass wir allgemeine Informationen \u00fcber das Profil der Besucher unserer Website an unsere Partner oder Dritte weitergeben, sodass keine M\u00f6glichkeit besteht, einen bestimmten Besucher zu identifizieren. Sie k\u00f6nnen unsere Seite besuchen, ohne Ihre Kontaktdaten anzugeben. Eine weitere Kommunikation unsererseits ist in diesem Fall jedoch ausgeschlossen.<\/p>\n<div id=\"c2415\" class=\"section-text\">\n<h2 class=\"\">Welche personenbezogenen Daten werden erfasst?<\/h2>\n<\/div>\n<div class=\"\">\n<div class=\"row\">\n<div class=\"col-md-6 \">\n<div id=\"c2417\" class=\"section-text\">\n<p>Die Erhebung Ihrer personenbezogenen Daten erfolgt \u00fcber ein Anmeldeformular.<\/p>\n<p>Zu diesen Informationen geh\u00f6ren Ihr Name, Ihre E-Mail-Adresse, Ihr Land und Ihre Sprache.<\/p>\n<p>Wir verwenden diese Informationen:<\/p>\n<ul>\n<li>um Ihren Besuch auf unserer Website angenehmer zu gestalten<\/li>\n<li>um Ihnen relevante Informationen \u00fcber unsere Produkte und Dienstleistungen zu senden<\/li>\n<li>um Sie per E-Mail \u00fcber Werbeaktionen oder Produkte zu informieren, die f\u00fcr Sie von Interesse sein k\u00f6nnten<\/li>\n<\/ul>\n<\/div>\n<\/div>\n<div class=\"col-md-6 \">\n<div id=\"c2416\" class=\"section-text\">\n<p>Wenn Sie Informationen oder andere Mitteilungen von uns oder unserem Kunden erhalten m\u00f6chten, kreuzen Sie das entsprechende K\u00e4stchen im Registrierungsformular an. Sie k\u00f6nnen uns auch jederzeit per E-Mail benachrichtigen, wenn Sie keine Mitteilungen mehr von uns erhalten m\u00f6chten.<\/p>\n<p>Wenn Sie uns gestatten, Ihre personenbezogenen Daten f\u00fcr die oben genannten Zwecke zu verwenden, k\u00f6nnen wir sie an jedes Unternehmen oder jede Organisation weitergeben, die wir mit der Bearbeitung von E-Mail-Marketing-Kommunikationen oder anderen Direktmarketing-Kommunikationen betrauen. In diesem Fall garantieren wir die Behandlung der Sie betreffenden Informationen durch alle Drittunternehmen gem\u00e4\u00df den geltenden Datenschutzgesetzen.<\/p>\n<div id=\"c2419\" class=\"section-text\">\n<h2 class=\"\">Weitere Informationen, die w\u00e4hrend Ihres Besuchs auf unserer Website erfasst werden<\/h2>\n<\/div>\n<div class=\"\">\n<div class=\"row\">\n<div class=\"col-md-6 \">\n<div id=\"c2421\" class=\"section-text\">\n<p>Wenn Sie die Website <a href=\"https:\/\/www.gmc-moto.ch\">www.gmc-moto.ch<\/a> besuchen, Seiten lesen oder Informationen herunterladen, erfassen unsere Computer automatisch Informationen \u00fcber Ihren Besuch der Computer, mit dem Sie unsere Website besuchen.<\/p>\n<p>Diese Informationen identifizieren Sie nicht pers\u00f6nlich. Sie informieren uns lediglich \u00fcber die Anzahl der Internetnutzer, die unsere Website besuchen, und \u00fcber die verwendeten Computertypen. Diese Informationen erm\u00f6glichen es uns, unsere Website zum Nutzen aller Besucher zu verbessern und sie f\u00fcr Sie n\u00fctzlicher zu machen.<\/p>\n<p>Die aufgezeichneten Informationen lauten wie folgt:\n<\/p><\/div>\n<\/div>\n<div class=\"col-md-6 \">\n<div id=\"c2420\" class=\"section-text\">\n<ul>\n<li>Datum und Uhrzeit des Zugriffs auf unsere Website.<\/li>\n<li>Anzahl und Art der w\u00e4hrend einer \u201eSitzung\u201c auf unserer Website besuchten Seiten und Dauer des Besuchs.<\/li>\n<li>Internetdom\u00e4nenname (dies kann Ihr Internetdienstanbieter wie aol.com oder Ihr Arbeitsplatz sein) und IP-Adresse (dies ist eine Nummer, die Ihrem Computer zugewiesen wird, wenn Sie im Internet surfen), die Ihnen den Zugriff auf unsere Website erm\u00f6glichen.< \/li>\n<li>Verwendeter Webbrowser (z. B. Microsoft Edge oder Chrome) und Betriebssystem Ihres Computers (z. B. Windows 10).<\/li>\n<li>Seite, die vor der Verbindung mit <a href=\"https:\/\/www.gmc-moto.ch\">www.gmc-moto.ch<\/a> besucht wurde (wie z.\u00a0B. Google, wenn Sie \u00fcber a gefunden haben). Suchmaschine).<\/li>\n<\/ul>\n<div id=\"c2423\" class=\"section-text\">\n<h2 class=\"\">Verwendung von Cookies<\/h2>\n<\/div>\n<div class=\"\">\n<div class=\"row\">\n<div class=\"col-md-6 \">\n<div id=\"c2425\" class=\"section-text\">\n<p>Wir k\u00f6nnen Cookies auf der Website <a href=\"https:\/\/www.gmc-moto.ch\">www.gmc-moto.ch<\/a> verwenden.<\/p>\n<p>Ein Cookie ist eine Reihe von Buchstaben und Zahlen, die von unserer Website generiert und auf Ihrem Computer gespeichert werden, wenn Sie unsere Website besuchen. Das Cookie sammelt oder enth\u00e4lt keine pers\u00f6nlichen Informationen \u00fcber Sie und setzt Ihren Computer keinem Risiko in Bezug auf Schutz oder Viren aus.<\/p>\n<\/div>\n<\/div>\n<div class=\"col-md-6 \">\n<div id=\"c2424\" class=\"section-text\">\n<p>Wenn Sie unsere Website erneut besuchen, verkn\u00fcpft das Cookie Ihren Computer mit den Informationen, die Sie bei Ihrem ersten Besuch oder Ihrer ersten Registrierung bereitgestellt haben. Dadurch k\u00f6nnen wir uns an Sie erinnern, was Ihnen Zeit sparen kann.<\/p>\n<p>Selbstverst\u00e4ndlich k\u00f6nnen Sie die Website auch dann weiterhin nutzen, wenn Sie sich entschieden haben, das Cookie in Ihrem Browser nicht zu akzeptieren.<\/p>\n<div id=\"c2427\" class=\"section-text\">\n<h2 class=\"\">Schutz von E-Mail-Adressen<\/h2>\n<\/div>\n<div class=\"\">\n<div class=\"row\">\n<div class=\"col-md-6 \">\n<div id=\"c2428\" class=\"section-text\">\n<p>Ihre E-Mail-Adresse wird ausschlie\u00dflich dazu verwendet, Ihnen zu antworten, sofern Sie nicht Ihre Einwilligung gem\u00e4\u00df den oben genannten Bedingungen erteilt haben.<\/p>\n<div id=\"c2430\" class=\"section-text\">\n<h2 class=\"\">Weitere Fragen zum Datenschutz?<\/h2>\n<\/div>\n<div class=\"\">\n<div class=\"row\">\n<div class=\"col-md-6 \">\n<div id=\"c2432\" class=\"section-text\">\n<p>Wir verwenden m\u00f6glicherweise \u201eWeb Beacons\u201c (auch bekannt als \u201eEinzelpixel-GIFs\u201c). Hierbei handelt es sich um kleine Grafikdateien, die es uns erm\u00f6glichen, die Nutzung unserer Websites zu verfolgen. Ein Web-Beacon kann Informationen wie die IP-Adresse (Internet Protocol) des Computers sammeln, der die Seite heruntergeladen hat, auf der sich der Beacon befindet, die URL (Uniform Resource Locator) der Seite, die den Beacon enth\u00e4lt, und die Zeit, zu der diese Seite angezeigt wurde , die Art des Browsers, der den Web-Beacon abgerufen hat, und die Identifikationsnummer aller Cookies, die zuvor von diesem Server auf dem Computer platziert wurden. Wenn wir Ihnen eine E-Mail im HTML-Format senden, verwenden wir m\u00f6glicherweise eine Technik der \u201eFormaterkennung\u201c, die es Web-Beacons erm\u00f6glicht, uns Informationen \u00fcber den Empfang und das \u00d6ffnen der Nachricht zu \u00fcbermitteln.\n<\/p><\/div>\n<\/div>\n<div class=\"col-md-6 \">\n<div id=\"c2431\" class=\"section-text\">\n<p>Als Privatperson haben Sie das Recht auf Auskunft und Berichtigung der Sie betreffenden Daten. Sie haben auch das Recht, uns zu bitten, diese Informationen nicht zu verwenden, indem Sie auf dem Registrierungsformular Ihre Ablehnung angeben.<\/p>\n<p>Bitte senden Sie alle spezifischen Fragen, die in diesem Abschnitt nicht behandelt werden, an die folgende Adresse:<\/p>\n<p>GENEVA MOTO CENTER SA<\/p>\n<p>Bay 63 Wood Road<br \/>\n1242 Satigny Schweiz<br \/>\nKontakt: <a href=\"https:\/\/www.gmc-moto.ch\/contact-gmc\/\">GMC<\/a><\/p>\n<\/div>\n<\/div>\n<\/div>\n<\/div>\n<\/div>\n<\/div>\n<\/div>\n<\/div>\n<\/div>\n<\/div>\n<\/div>\n<\/div>\n<\/div>\n<\/div>\n<\/div>\n<\/div>\n<\/div>\n<\/div>\n<\/div>\n<\/div>\n<\/div>\n<\/div>\n<\/div>\n<\/div>\n","protected":false},"excerpt":{"rendered":"<p>GEN\u00c8VE MOTO CENTER SA verpflichtet sich, die Privatsph\u00e4re aller Besucher seiner Websites zu respektieren. Sehen Sie sich unsere Datenschutzseite an<\/p>\n","protected":false},"author":1,"featured_media":0,"parent":0,"menu_order":0,"comment_status":"closed","ping_status":"closed","template":"","meta":{"_acf_changed":false,"footnotes":""},"class_list":["post-239745","page","type-page","status-publish","hentry"],"acf":[],"yoast_head":"<!-- This site is optimized with the Yoast SEO plugin v27.5 - https:\/\/yoast.com\/product\/yoast-seo-wordpress\/ -->\n<title>Impressum zum Datenschutz - Gen\u00e8ve Moto Center<\/title>\n<meta name=\"description\" content=\"GEN\u00c8VE MOTO CENTER SA verpflichtet sich, die Privatsph\u00e4re aller Besucher seiner Websites zu respektieren. Sehen Sie sich unsere Datenschutzseite an\" \/>\n<meta name=\"robots\" content=\"index, follow, max-snippet:-1, max-image-preview:large, max-video-preview:-1\" \/>\n<link rel=\"canonical\" href=\"https:\/\/www.gmc-moto.ch\/de\/impressum-zum-datenschutz\/\" \/>\n<meta property=\"og:locale\" content=\"de_DE\" \/>\n<meta property=\"og:type\" content=\"article\" \/>\n<meta property=\"og:title\" content=\"Impressum zum Datenschutz - Gen\u00e8ve Moto Center\" \/>\n<meta property=\"og:description\" content=\"GEN\u00c8VE MOTO CENTER SA verpflichtet sich, die Privatsph\u00e4re aller Besucher seiner Websites zu respektieren. Sehen Sie sich unsere Datenschutzseite an\" \/>\n<meta property=\"og:url\" content=\"https:\/\/www.gmc-moto.ch\/de\/impressum-zum-datenschutz\/\" \/>\n<meta property=\"og:site_name\" content=\"Gen\u00e8ve Moto Center\" \/>\n<meta property=\"article:publisher\" content=\"https:\/\/www.facebook.com\/suzukigeneve\/\" \/>\n<meta property=\"article:modified_time\" content=\"2023-05-17T17:43:39+00:00\" \/>\n<meta name=\"twitter:card\" content=\"summary_large_image\" \/>\n<meta name=\"twitter:label1\" content=\"Gesch\u00e4tzte Lesezeit\" \/>\n\t<meta name=\"twitter:data1\" content=\"5 Minuten\" \/>\n<script type=\"application\/ld+json\" class=\"yoast-schema-graph\">{\"@context\":\"https:\\\/\\\/schema.org\",\"@graph\":[{\"@type\":\"WebPage\",\"@id\":\"https:\\\/\\\/www.gmc-moto.ch\\\/de\\\/impressum-zum-datenschutz\\\/\",\"url\":\"https:\\\/\\\/www.gmc-moto.ch\\\/de\\\/impressum-zum-datenschutz\\\/\",\"name\":\"Impressum zum Datenschutz - Gen\u00e8ve Moto Center\",\"isPartOf\":{\"@id\":\"https:\\\/\\\/www.gmc-moto.ch\\\/de\\\/#website\"},\"datePublished\":\"2020-08-17T16:09:51+00:00\",\"dateModified\":\"2023-05-17T17:43:39+00:00\",\"description\":\"GEN\u00c8VE MOTO CENTER SA verpflichtet sich, die Privatsph\u00e4re aller Besucher seiner Websites zu respektieren. Sehen Sie sich unsere Datenschutzseite an\",\"breadcrumb\":{\"@id\":\"https:\\\/\\\/www.gmc-moto.ch\\\/de\\\/impressum-zum-datenschutz\\\/#breadcrumb\"},\"inLanguage\":\"de-DE\",\"potentialAction\":[{\"@type\":\"ReadAction\",\"target\":[\"https:\\\/\\\/www.gmc-moto.ch\\\/de\\\/impressum-zum-datenschutz\\\/\"]}]},{\"@type\":\"BreadcrumbList\",\"@id\":\"https:\\\/\\\/www.gmc-moto.ch\\\/de\\\/impressum-zum-datenschutz\\\/#breadcrumb\",\"itemListElement\":[{\"@type\":\"ListItem\",\"position\":1,\"name\":\"Home\",\"item\":\"https:\\\/\\\/www.gmc-moto.ch\\\/de\\\/\"},{\"@type\":\"ListItem\",\"position\":2,\"name\":\"Impressum zum Datenschutz\"}]},{\"@type\":\"WebSite\",\"@id\":\"https:\\\/\\\/www.gmc-moto.ch\\\/de\\\/#website\",\"url\":\"https:\\\/\\\/www.gmc-moto.ch\\\/de\\\/\",\"name\":\"Gen\u00e8ve Moto Center\",\"description\":\"Motos et Scooters neufs - Le plus grand showroom de suisse romande - Venez essayer nos mod\u00e8les - Atelier Motos Scooters - Centre Karcher\",\"publisher\":{\"@id\":\"https:\\\/\\\/www.gmc-moto.ch\\\/de\\\/#organization\"},\"alternateName\":\"GMC-Moto\",\"potentialAction\":[{\"@type\":\"SearchAction\",\"target\":{\"@type\":\"EntryPoint\",\"urlTemplate\":\"https:\\\/\\\/www.gmc-moto.ch\\\/de\\\/?s={search_term_string}\"},\"query-input\":{\"@type\":\"PropertyValueSpecification\",\"valueRequired\":true,\"valueName\":\"search_term_string\"}}],\"inLanguage\":\"de-DE\"},{\"@type\":\"Organization\",\"@id\":\"https:\\\/\\\/www.gmc-moto.ch\\\/de\\\/#organization\",\"name\":\"Gen\u00e8ve Moto Center SA\",\"alternateName\":\"GMC\",\"url\":\"https:\\\/\\\/www.gmc-moto.ch\\\/de\\\/\",\"logo\":{\"@type\":\"ImageObject\",\"inLanguage\":\"de-DE\",\"@id\":\"https:\\\/\\\/www.gmc-moto.ch\\\/de\\\/#\\\/schema\\\/logo\\\/image\\\/\",\"url\":\"https:\\\/\\\/www.gmc-moto.ch\\\/wp-content\\\/uploads\\\/2020\\\/08\\\/logo-emboss-s.png\",\"contentUrl\":\"https:\\\/\\\/www.gmc-moto.ch\\\/wp-content\\\/uploads\\\/2020\\\/08\\\/logo-emboss-s.png\",\"width\":80,\"height\":80,\"caption\":\"Gen\u00e8ve Moto Center SA\"},\"image\":{\"@id\":\"https:\\\/\\\/www.gmc-moto.ch\\\/de\\\/#\\\/schema\\\/logo\\\/image\\\/\"},\"sameAs\":[\"https:\\\/\\\/www.facebook.com\\\/suzukigeneve\\\/\",\"https:\\\/\\\/www.instagram.com\\\/genevemotocenter\\\/\"]}]}<\/script>\n<!-- \/ Yoast SEO plugin. -->","yoast_head_json":{"title":"Impressum zum Datenschutz - Gen\u00e8ve Moto Center","description":"GEN\u00c8VE MOTO CENTER SA verpflichtet sich, die Privatsph\u00e4re aller Besucher seiner Websites zu respektieren. Sehen Sie sich unsere Datenschutzseite an","robots":{"index":"index","follow":"follow","max-snippet":"max-snippet:-1","max-image-preview":"max-image-preview:large","max-video-preview":"max-video-preview:-1"},"canonical":"https:\/\/www.gmc-moto.ch\/de\/impressum-zum-datenschutz\/","og_locale":"de_DE","og_type":"article","og_title":"Impressum zum Datenschutz - Gen\u00e8ve Moto Center","og_description":"GEN\u00c8VE MOTO CENTER SA verpflichtet sich, die Privatsph\u00e4re aller Besucher seiner Websites zu respektieren. Sehen Sie sich unsere Datenschutzseite an","og_url":"https:\/\/www.gmc-moto.ch\/de\/impressum-zum-datenschutz\/","og_site_name":"Gen\u00e8ve Moto Center","article_publisher":"https:\/\/www.facebook.com\/suzukigeneve\/","article_modified_time":"2023-05-17T17:43:39+00:00","twitter_card":"summary_large_image","twitter_misc":{"Gesch\u00e4tzte Lesezeit":"5 Minuten"},"schema":{"@context":"https:\/\/schema.org","@graph":[{"@type":"WebPage","@id":"https:\/\/www.gmc-moto.ch\/de\/impressum-zum-datenschutz\/","url":"https:\/\/www.gmc-moto.ch\/de\/impressum-zum-datenschutz\/","name":"Impressum zum Datenschutz - Gen\u00e8ve Moto Center","isPartOf":{"@id":"https:\/\/www.gmc-moto.ch\/de\/#website"},"datePublished":"2020-08-17T16:09:51+00:00","dateModified":"2023-05-17T17:43:39+00:00","description":"GEN\u00c8VE MOTO CENTER SA verpflichtet sich, die Privatsph\u00e4re aller Besucher seiner Websites zu respektieren. Sehen Sie sich unsere Datenschutzseite an","breadcrumb":{"@id":"https:\/\/www.gmc-moto.ch\/de\/impressum-zum-datenschutz\/#breadcrumb"},"inLanguage":"de-DE","potentialAction":[{"@type":"ReadAction","target":["https:\/\/www.gmc-moto.ch\/de\/impressum-zum-datenschutz\/"]}]},{"@type":"BreadcrumbList","@id":"https:\/\/www.gmc-moto.ch\/de\/impressum-zum-datenschutz\/#breadcrumb","itemListElement":[{"@type":"ListItem","position":1,"name":"Home","item":"https:\/\/www.gmc-moto.ch\/de\/"},{"@type":"ListItem","position":2,"name":"Impressum zum Datenschutz"}]},{"@type":"WebSite","@id":"https:\/\/www.gmc-moto.ch\/de\/#website","url":"https:\/\/www.gmc-moto.ch\/de\/","name":"Gen\u00e8ve Moto Center","description":"Motos et Scooters neufs - Le plus grand showroom de suisse romande - Venez essayer nos mod\u00e8les - Atelier Motos Scooters - Centre Karcher","publisher":{"@id":"https:\/\/www.gmc-moto.ch\/de\/#organization"},"alternateName":"GMC-Moto","potentialAction":[{"@type":"SearchAction","target":{"@type":"EntryPoint","urlTemplate":"https:\/\/www.gmc-moto.ch\/de\/?s={search_term_string}"},"query-input":{"@type":"PropertyValueSpecification","valueRequired":true,"valueName":"search_term_string"}}],"inLanguage":"de-DE"},{"@type":"Organization","@id":"https:\/\/www.gmc-moto.ch\/de\/#organization","name":"Gen\u00e8ve Moto Center SA","alternateName":"GMC","url":"https:\/\/www.gmc-moto.ch\/de\/","logo":{"@type":"ImageObject","inLanguage":"de-DE","@id":"https:\/\/www.gmc-moto.ch\/de\/#\/schema\/logo\/image\/","url":"https:\/\/www.gmc-moto.ch\/wp-content\/uploads\/2020\/08\/logo-emboss-s.png","contentUrl":"https:\/\/www.gmc-moto.ch\/wp-content\/uploads\/2020\/08\/logo-emboss-s.png","width":80,"height":80,"caption":"Gen\u00e8ve Moto Center SA"},"image":{"@id":"https:\/\/www.gmc-moto.ch\/de\/#\/schema\/logo\/image\/"},"sameAs":["https:\/\/www.facebook.com\/suzukigeneve\/","https:\/\/www.instagram.com\/genevemotocenter\/"]}]}},"_links":{"self":[{"href":"https:\/\/www.gmc-moto.ch\/de\/wp-json\/wp\/v2\/pages\/239745","targetHints":{"allow":["GET"]}}],"collection":[{"href":"https:\/\/www.gmc-moto.ch\/de\/wp-json\/wp\/v2\/pages"}],"about":[{"href":"https:\/\/www.gmc-moto.ch\/de\/wp-json\/wp\/v2\/types\/page"}],"author":[{"embeddable":true,"href":"https:\/\/www.gmc-moto.ch\/de\/wp-json\/wp\/v2\/users\/1"}],"replies":[{"embeddable":true,"href":"https:\/\/www.gmc-moto.ch\/de\/wp-json\/wp\/v2\/comments?post=239745"}],"version-history":[{"count":0,"href":"https:\/\/www.gmc-moto.ch\/de\/wp-json\/wp\/v2\/pages\/239745\/revisions"}],"wp:attachment":[{"href":"https:\/\/www.gmc-moto.ch\/de\/wp-json\/wp\/v2\/media?parent=239745"}],"curies":[{"name":"wp","href":"https:\/\/api.w.org\/{rel}","templated":true}]}}