{"id":239687,"date":"2018-06-14T15:29:17","date_gmt":"2018-06-14T13:29:17","guid":{"rendered":"https:\/\/www.gmc-moto.ch\/motos-customs\/"},"modified":"2023-05-17T13:18:12","modified_gmt":"2023-05-17T11:18:12","slug":"brauch-modelle","status":"publish","type":"page","link":"https:\/\/www.gmc-moto.ch\/de\/brauch-modelle\/","title":{"rendered":"SONDEREDITIONEN"},"content":{"rendered":"<div class=\"wpb-content-wrapper\"><p>[vc_row heading_color=&#8220;dark&#8220; font_color=&#8220;#000000&#8243;][vc_column heading_color=&#8220;dark&#8220;]<h2 class=\"grve-element grve-title grve-align-left grve-h2 grve-increase-heading grve-heading-160\" style=\"\"><span>Sondereditionen Geneva Moto Center&#8230;<\/span><\/h2><div class=\"grve-empty-space grve-height-2x\" style=\"\"><\/div>[vc_column_text]<div class=\"woocommerce columns-3 \"><div class=\"clear\"><\/div>\n<div class=\"grve-element grve-with-gap grve-product grve-isotope\" data-gutter-size=\"30\" data-layout=\"fitRows\" data-spiner=\"no\" data-columns-large-screen=\"3\" data-columns=\"3\" data-columns-tablet-landscape=\"2\" data-columns-tablet-portrait=\"2\" data-columns-mobile=\"1\">\n\t<div class=\"grve-product-container grve-isotope-container pl-loops\" data=\"isotope\">\n<div class=\"grve-isotope-item grve-product-item product type-product post-238656 status-publish first instock product_cat-motorrader product_cat-suzuki-motorrad product_cat-kundenspezifische-motorrader has-post-thumbnail sold-individually shipping-taxable purchasable product-type-simple\">\n\n\t\n\t<div class=\"grve-isotope-item-inner grve-hover-item\">\n\t\t<div class=\"grve-product-added-icon grve-icon-shop grve-circle\"><\/div>\n\t\t<figure class=\"grve-image-hover grve-zoom-in\">\n\t\t\t<div class=\"grve-media\">\n\t\t\t\t<div class=\"grve-add-cart-wrapper\">\n\t\t\t\t\t<div class=\"grve-add-cart-button\">\n\t\t\t\t\t\t<a rel=\"nofollow\" href=\"\/de\/wp-json\/wp\/v2\/pages\/239687?add-to-cart=238656\" data-quantity=\"1\" data-product_id=\"238656\" data-product_sku=\"motosuz000101\" class=\"product_type_simple add_to_cart_button ajax_add_to_cart\">In den Warenkorb<\/a>\t\t\t\t\t<\/div>\n\t\t\t\t<\/div>\n\t\t\t\t<a class=\"grve-item-url\" href=\"https:\/\/www.gmc-moto.ch\/de\/suzuki-gsx-s950-gp\/\"><\/a>\n\t\t\t\t<div class=\"grve-bg-light grve-hover-overlay grve-opacity-90\"><\/div>\n\t\t\t\t<img loading=\"lazy\" decoding=\"async\" width=\"560\" height=\"420\" src=\"https:\/\/www.gmc-moto.ch\/wp-content\/uploads\/2023\/04\/suzuki-gsx-s950-gp-560x420.png\" class=\"attachment-movedo-grve-small-rect-horizontal size-movedo-grve-small-rect-horizontal\" alt=\"Suzuki GSX S950 GP\" \/>\t\t\t<\/div>\n\t\t\t<figcaption class=\"grve-content grve-align-center\">\n\t\t\t\t<a href=\"https:\/\/www.gmc-moto.ch\/de\/suzuki-gsx-s950-gp\/\">\n\t\t\t\t\t<h3 class=\"grve-title grve-h6\">Suzuki GSX S950 GP<\/h3>\n\t\t\t\t<\/a>\n\t\t\t\t\n\t<span class=\"price\"><span class=\"woocommerce-Price-amount amount\"><bdi><span class=\"woocommerce-Price-currencySymbol\">&#67;&#72;&#70;<\/span>&nbsp;13,995<\/bdi><\/span><\/span>\n\t\t\t<\/figcaption>\n\t\t<\/figure>\n\t<\/div>\n\n\t\n<\/div>\n<div class=\"grve-isotope-item grve-product-item product type-product post-238660 status-publish instock product_cat-motorrader product_cat-suzuki-motorrad product_cat-kundenspezifische-motorrader has-post-thumbnail sold-individually shipping-taxable purchasable product-type-simple\">\n\n\t\n\t<div class=\"grve-isotope-item-inner grve-hover-item\">\n\t\t<div class=\"grve-product-added-icon grve-icon-shop grve-circle\"><\/div>\n\t\t<figure class=\"grve-image-hover grve-zoom-in\">\n\t\t\t<div class=\"grve-media\">\n\t\t\t\t<div class=\"grve-add-cart-wrapper\">\n\t\t\t\t\t<div class=\"grve-add-cart-button\">\n\t\t\t\t\t\t<a rel=\"nofollow\" href=\"\/de\/wp-json\/wp\/v2\/pages\/239687?add-to-cart=238660\" data-quantity=\"1\" data-product_id=\"238660\" data-product_sku=\"motosuz00060-2\" class=\"product_type_simple add_to_cart_button ajax_add_to_cart\">In den Warenkorb<\/a>\t\t\t\t\t<\/div>\n\t\t\t\t<\/div>\n\t\t\t\t<a class=\"grve-item-url\" href=\"https:\/\/www.gmc-moto.ch\/de\/suzuki-gsx-s1000-sert-replica\/\"><\/a>\n\t\t\t\t<div class=\"grve-bg-light grve-hover-overlay grve-opacity-90\"><\/div>\n\t\t\t\t<img loading=\"lazy\" decoding=\"async\" width=\"560\" height=\"420\" src=\"https:\/\/www.gmc-moto.ch\/wp-content\/uploads\/2023\/04\/suzuki-gsx-s1000-sert-replica-560x420.png\" class=\"attachment-movedo-grve-small-rect-horizontal size-movedo-grve-small-rect-horizontal\" alt=\"Suzuki GSX S1000 SERT REPLIKA\" \/>\t\t\t<\/div>\n\t\t\t<figcaption class=\"grve-content grve-align-center\">\n\t\t\t\t<a href=\"https:\/\/www.gmc-moto.ch\/de\/suzuki-gsx-s1000-sert-replica\/\">\n\t\t\t\t\t<h3 class=\"grve-title grve-h6\">Suzuki GSX S1000 SERT REPLIKA<\/h3>\n\t\t\t\t<\/a>\n\t\t\t\t\n\t<span class=\"price\"><span class=\"woocommerce-Price-amount amount\"><bdi><span class=\"woocommerce-Price-currencySymbol\">&#67;&#72;&#70;<\/span>&nbsp;16,295<\/bdi><\/span><\/span>\n\t\t\t<\/figcaption>\n\t\t<\/figure>\n\t<\/div>\n\n\t\n<\/div>\n<div class=\"grve-isotope-item grve-product-item product type-product post-238666 status-publish last instock product_cat-motorrader product_cat-suzuki-motorrad product_cat-kundenspezifische-motorrader has-post-thumbnail sold-individually shipping-taxable purchasable product-type-simple\">\n\n\t\n\t<div class=\"grve-isotope-item-inner grve-hover-item\">\n\t\t<div class=\"grve-product-added-icon grve-icon-shop grve-circle\"><\/div>\n\t\t<figure class=\"grve-image-hover grve-zoom-in\">\n\t\t\t<div class=\"grve-media\">\n\t\t\t\t<div class=\"grve-add-cart-wrapper\">\n\t\t\t\t\t<div class=\"grve-add-cart-button\">\n\t\t\t\t\t\t<a rel=\"nofollow\" href=\"\/de\/wp-json\/wp\/v2\/pages\/239687?add-to-cart=238666\" data-quantity=\"1\" data-product_id=\"238666\" data-product_sku=\"motosuz00060-2-1\" class=\"product_type_simple add_to_cart_button ajax_add_to_cart\">In den Warenkorb<\/a>\t\t\t\t\t<\/div>\n\t\t\t\t<\/div>\n\t\t\t\t<a class=\"grve-item-url\" href=\"https:\/\/www.gmc-moto.ch\/de\/suzuki-gsxs-1000-nardo-sport-gray\/\"><\/a>\n\t\t\t\t<div class=\"grve-bg-light grve-hover-overlay grve-opacity-90\"><\/div>\n\t\t\t\t<img loading=\"lazy\" decoding=\"async\" width=\"560\" height=\"420\" src=\"https:\/\/www.gmc-moto.ch\/wp-content\/uploads\/2023\/04\/suzuki-gsxs-1000-nardo-sport-gray-560x420.png\" class=\"attachment-movedo-grve-small-rect-horizontal size-movedo-grve-small-rect-horizontal\" alt=\"Suzuki GSXS 1000 Nardo Sportgrau\" \/>\t\t\t<\/div>\n\t\t\t<figcaption class=\"grve-content grve-align-center\">\n\t\t\t\t<a href=\"https:\/\/www.gmc-moto.ch\/de\/suzuki-gsxs-1000-nardo-sport-gray\/\">\n\t\t\t\t\t<h3 class=\"grve-title grve-h6\">Suzuki GSXS 1000 Nardo Sportgrau<\/h3>\n\t\t\t\t<\/a>\n\t\t\t\t\n\t<span class=\"price\"><span class=\"woocommerce-Price-amount amount\"><bdi><span class=\"woocommerce-Price-currencySymbol\">&#67;&#72;&#70;<\/span>&nbsp;16,295<\/bdi><\/span><\/span>\n\t\t\t<\/figcaption>\n\t\t<\/figure>\n\t<\/div>\n\n\t\n<\/div>\n<div class=\"grve-isotope-item grve-product-item product type-product post-238669 status-publish first instock product_cat-motorrader product_cat-suzuki-motorrad product_cat-kundenspezifische-motorrader has-post-thumbnail sold-individually shipping-taxable purchasable product-type-simple\">\n\n\t\n\t<div class=\"grve-isotope-item-inner grve-hover-item\">\n\t\t<div class=\"grve-product-added-icon grve-icon-shop grve-circle\"><\/div>\n\t\t<figure class=\"grve-image-hover grve-zoom-in\">\n\t\t\t<div class=\"grve-media\">\n\t\t\t\t<div class=\"grve-add-cart-wrapper\">\n\t\t\t\t\t<div class=\"grve-add-cart-button\">\n\t\t\t\t\t\t<a rel=\"nofollow\" href=\"\/de\/wp-json\/wp\/v2\/pages\/239687?add-to-cart=238669\" data-quantity=\"1\" data-product_id=\"238669\" data-product_sku=\"motosuz00060-2-1-1\" class=\"product_type_simple add_to_cart_button ajax_add_to_cart\">In den Warenkorb<\/a>\t\t\t\t\t<\/div>\n\t\t\t\t<\/div>\n\t\t\t\t<a class=\"grve-item-url\" href=\"https:\/\/www.gmc-moto.ch\/de\/suzuki-gsxs-950\/\"><\/a>\n\t\t\t\t<div class=\"grve-bg-light grve-hover-overlay grve-opacity-90\"><\/div>\n\t\t\t\t<img loading=\"lazy\" decoding=\"async\" width=\"560\" height=\"420\" src=\"https:\/\/www.gmc-moto.ch\/wp-content\/uploads\/2023\/04\/suzuki-gsxs-950-560x420.png\" class=\"attachment-movedo-grve-small-rect-horizontal size-movedo-grve-small-rect-horizontal\" alt=\"SUZUKI GSXS 950\" \/>\t\t\t<\/div>\n\t\t\t<figcaption class=\"grve-content grve-align-center\">\n\t\t\t\t<a href=\"https:\/\/www.gmc-moto.ch\/de\/suzuki-gsxs-950\/\">\n\t\t\t\t\t<h3 class=\"grve-title grve-h6\">SUZUKI GSXS 950<\/h3>\n\t\t\t\t<\/a>\n\t\t\t\t\n\t<span class=\"price\"><span class=\"woocommerce-Price-amount amount\"><bdi><span class=\"woocommerce-Price-currencySymbol\">&#67;&#72;&#70;<\/span>&nbsp;12,590<\/bdi><\/span><\/span>\n\t\t\t<\/figcaption>\n\t\t<\/figure>\n\t<\/div>\n\n\t\n<\/div>\n<div class=\"grve-isotope-item grve-product-item product type-product post-238670 status-publish instock product_cat-motorrader product_cat-suzuki-motorrad product_cat-kundenspezifische-motorrader has-post-thumbnail sold-individually shipping-taxable purchasable product-type-simple\">\n\n\t\n\t<div class=\"grve-isotope-item-inner grve-hover-item\">\n\t\t<div class=\"grve-product-added-icon grve-icon-shop grve-circle\"><\/div>\n\t\t<figure class=\"grve-image-hover grve-zoom-in\">\n\t\t\t<div class=\"grve-media\">\n\t\t\t\t<div class=\"grve-add-cart-wrapper\">\n\t\t\t\t\t<div class=\"grve-add-cart-button\">\n\t\t\t\t\t\t<a rel=\"nofollow\" href=\"\/de\/wp-json\/wp\/v2\/pages\/239687?add-to-cart=238670\" data-quantity=\"1\" data-product_id=\"238670\" data-product_sku=\"motosuz000101-1\" class=\"product_type_simple add_to_cart_button ajax_add_to_cart\">In den Warenkorb<\/a>\t\t\t\t\t<\/div>\n\t\t\t\t<\/div>\n\t\t\t\t<a class=\"grve-item-url\" href=\"https:\/\/www.gmc-moto.ch\/de\/suzuki-gsxs-1000-gp\/\"><\/a>\n\t\t\t\t<div class=\"grve-bg-light grve-hover-overlay grve-opacity-90\"><\/div>\n\t\t\t\t<img loading=\"lazy\" decoding=\"async\" width=\"560\" height=\"420\" src=\"https:\/\/www.gmc-moto.ch\/wp-content\/uploads\/2023\/04\/suzuki-gsxs-1000-gp-560x420.png\" class=\"attachment-movedo-grve-small-rect-horizontal size-movedo-grve-small-rect-horizontal\" alt=\"Suzuki GSXS1000 GP\" \/>\t\t\t<\/div>\n\t\t\t<figcaption class=\"grve-content grve-align-center\">\n\t\t\t\t<a href=\"https:\/\/www.gmc-moto.ch\/de\/suzuki-gsxs-1000-gp\/\">\n\t\t\t\t\t<h3 class=\"grve-title grve-h6\">Suzuki GSXS1000 GP<\/h3>\n\t\t\t\t<\/a>\n\t\t\t\t\n\t<span class=\"price\"><span class=\"woocommerce-Price-amount amount\"><bdi><span class=\"woocommerce-Price-currencySymbol\">&#67;&#72;&#70;<\/span>&nbsp;16,990<\/bdi><\/span><\/span>\n\t\t\t<\/figcaption>\n\t\t<\/figure>\n\t<\/div>\n\n\t\n<\/div>\n<div class=\"grve-isotope-item grve-product-item product type-product post-238678 status-publish last instock product_cat-motorrader product_cat-suzuki-motorrad product_cat-kundenspezifische-motorrader has-post-thumbnail sold-individually shipping-taxable purchasable product-type-simple\">\n\n\t\n\t<div class=\"grve-isotope-item-inner grve-hover-item\">\n\t\t<div class=\"grve-product-added-icon grve-icon-shop grve-circle\"><\/div>\n\t\t<figure class=\"grve-image-hover grve-zoom-in\">\n\t\t\t<div class=\"grve-media\">\n\t\t\t\t<div class=\"grve-add-cart-wrapper\">\n\t\t\t\t\t<div class=\"grve-add-cart-button\">\n\t\t\t\t\t\t<a rel=\"nofollow\" href=\"\/de\/wp-json\/wp\/v2\/pages\/239687?add-to-cart=238678\" data-quantity=\"1\" data-product_id=\"238678\" data-product_sku=\"motosuz000102\" class=\"product_type_simple add_to_cart_button ajax_add_to_cart\">In den Warenkorb<\/a>\t\t\t\t\t<\/div>\n\t\t\t\t<\/div>\n\t\t\t\t<a class=\"grve-item-url\" href=\"https:\/\/www.gmc-moto.ch\/de\/suzuki-gsx-s-950\/\"><\/a>\n\t\t\t\t<div class=\"grve-bg-light grve-hover-overlay grve-opacity-90\"><\/div>\n\t\t\t\t<img loading=\"lazy\" decoding=\"async\" width=\"560\" height=\"420\" src=\"https:\/\/www.gmc-moto.ch\/wp-content\/uploads\/2023\/04\/suzuki-gsx-s-950-560x420.png\" class=\"attachment-movedo-grve-small-rect-horizontal size-movedo-grve-small-rect-horizontal\" alt=\"Suzuki GSX-S950\" \/>\t\t\t<\/div>\n\t\t\t<figcaption class=\"grve-content grve-align-center\">\n\t\t\t\t<a href=\"https:\/\/www.gmc-moto.ch\/de\/suzuki-gsx-s-950\/\">\n\t\t\t\t\t<h3 class=\"grve-title grve-h6\">Suzuki GSX-S950<\/h3>\n\t\t\t\t<\/a>\n\t\t\t\t\n\t<span class=\"price\"><span class=\"woocommerce-Price-amount amount\"><bdi><span class=\"woocommerce-Price-currencySymbol\">&#67;&#72;&#70;<\/span>&nbsp;12,590<\/bdi><\/span><\/span>\n\t\t\t<\/figcaption>\n\t\t<\/figure>\n\t<\/div>\n\n\t\n<\/div>\n<div class=\"grve-isotope-item grve-product-item product type-product post-238687 status-publish first instock product_cat-motorrader product_cat-suzuki-motorrad product_cat-kundenspezifische-motorrader has-post-thumbnail sold-individually shipping-taxable purchasable product-type-simple\">\n\n\t\n\t<div class=\"grve-isotope-item-inner grve-hover-item\">\n\t\t<div class=\"grve-product-added-icon grve-icon-shop grve-circle\"><\/div>\n\t\t<figure class=\"grve-image-hover grve-zoom-in\">\n\t\t\t<div class=\"grve-media\">\n\t\t\t\t<div class=\"grve-add-cart-wrapper\">\n\t\t\t\t\t<div class=\"grve-add-cart-button\">\n\t\t\t\t\t\t<a rel=\"nofollow\" href=\"\/de\/wp-json\/wp\/v2\/pages\/239687?add-to-cart=238687\" data-quantity=\"1\" data-product_id=\"238687\" data-product_sku=\"motosuz000102-1\" class=\"product_type_simple add_to_cart_button ajax_add_to_cart\">In den Warenkorb<\/a>\t\t\t\t\t<\/div>\n\t\t\t\t<\/div>\n\t\t\t\t<a class=\"grve-item-url\" href=\"https:\/\/www.gmc-moto.ch\/de\/suzuki-gsx-s-950-yoshimura\/\"><\/a>\n\t\t\t\t<div class=\"grve-bg-light grve-hover-overlay grve-opacity-90\"><\/div>\n\t\t\t\t<img loading=\"lazy\" decoding=\"async\" width=\"560\" height=\"420\" src=\"https:\/\/www.gmc-moto.ch\/wp-content\/uploads\/2023\/04\/suzuki-gsx-s-950-yoshimura-560x420.png\" class=\"attachment-movedo-grve-small-rect-horizontal size-movedo-grve-small-rect-horizontal\" alt=\"Suzuki GSX-S 950 YOSHIMURA\" \/>\t\t\t<\/div>\n\t\t\t<figcaption class=\"grve-content grve-align-center\">\n\t\t\t\t<a href=\"https:\/\/www.gmc-moto.ch\/de\/suzuki-gsx-s-950-yoshimura\/\">\n\t\t\t\t\t<h3 class=\"grve-title grve-h6\">Suzuki GSX-S 950 YOSHIMURA<\/h3>\n\t\t\t\t<\/a>\n\t\t\t\t\n\t<span class=\"price\"><span class=\"woocommerce-Price-amount amount\"><bdi><span class=\"woocommerce-Price-currencySymbol\">&#67;&#72;&#70;<\/span>&nbsp;12,595<\/bdi><\/span><\/span>\n\t\t\t<\/figcaption>\n\t\t<\/figure>\n\t<\/div>\n\n\t\n<\/div>\n\t<\/div>\n<\/div>\n<\/div>[\/vc_column_text][\/vc_column][\/vc_row]<\/p>\n<\/div>","protected":false},"excerpt":{"rendered":"<p>GMC pr\u00e4sentiert seine Erfolge! Dabei handelt es sich um Sonderserien und limitierte Editionen f\u00fcr mehrere Modelle des Sortiments. Kommen Sie vorbei und \u00fcberzeugen Sie sich selbst!<\/p>\n","protected":false},"author":1,"featured_media":0,"parent":0,"menu_order":0,"comment_status":"closed","ping_status":"closed","template":"","meta":{"_acf_changed":false,"footnotes":""},"class_list":["post-239687","page","type-page","status-publish","hentry"],"acf":[],"yoast_head":"<!-- This site is optimized with the Yoast SEO plugin v27.4 - https:\/\/yoast.com\/product\/yoast-seo-wordpress\/ -->\n<title>SONDEREDITIONEN - Gen\u00e8ve Moto Center<\/title>\n<meta name=\"description\" content=\"GMC pr\u00e4sentiert seine Erfolge! Dabei handelt es sich um Sonderserien und limitierte Editionen f\u00fcr mehrere Modelle des Sortiments.\" \/>\n<meta name=\"robots\" content=\"index, follow, max-snippet:-1, max-image-preview:large, max-video-preview:-1\" \/>\n<link rel=\"canonical\" href=\"https:\/\/www.gmc-moto.ch\/de\/brauch-modelle\/\" \/>\n<meta property=\"og:locale\" content=\"de_DE\" \/>\n<meta property=\"og:type\" content=\"article\" \/>\n<meta property=\"og:title\" content=\"SONDEREDITIONEN - Gen\u00e8ve Moto Center\" \/>\n<meta property=\"og:description\" content=\"GMC pr\u00e4sentiert seine Erfolge! Dabei handelt es sich um Sonderserien und limitierte Editionen f\u00fcr mehrere Modelle des Sortiments.\" \/>\n<meta property=\"og:url\" content=\"https:\/\/www.gmc-moto.ch\/de\/brauch-modelle\/\" \/>\n<meta property=\"og:site_name\" content=\"Gen\u00e8ve Moto Center\" \/>\n<meta property=\"article:publisher\" content=\"https:\/\/www.facebook.com\/suzukigeneve\/\" \/>\n<meta property=\"article:modified_time\" content=\"2023-05-17T11:18:12+00:00\" \/>\n<meta name=\"twitter:card\" content=\"summary_large_image\" \/>\n<meta name=\"twitter:label1\" content=\"Gesch\u00e4tzte Lesezeit\" \/>\n\t<meta name=\"twitter:data1\" content=\"1 Minute\" \/>\n<script type=\"application\/ld+json\" class=\"yoast-schema-graph\">{\"@context\":\"https:\\\/\\\/schema.org\",\"@graph\":[{\"@type\":\"WebPage\",\"@id\":\"https:\\\/\\\/www.gmc-moto.ch\\\/de\\\/brauch-modelle\\\/\",\"url\":\"https:\\\/\\\/www.gmc-moto.ch\\\/de\\\/brauch-modelle\\\/\",\"name\":\"SONDEREDITIONEN - Gen\u00e8ve Moto Center\",\"isPartOf\":{\"@id\":\"https:\\\/\\\/www.gmc-moto.ch\\\/de\\\/#website\"},\"datePublished\":\"2018-06-14T13:29:17+00:00\",\"dateModified\":\"2023-05-17T11:18:12+00:00\",\"description\":\"GMC pr\u00e4sentiert seine Erfolge! Dabei handelt es sich um Sonderserien und limitierte Editionen f\u00fcr mehrere Modelle des Sortiments.\",\"breadcrumb\":{\"@id\":\"https:\\\/\\\/www.gmc-moto.ch\\\/de\\\/brauch-modelle\\\/#breadcrumb\"},\"inLanguage\":\"de-DE\",\"potentialAction\":[{\"@type\":\"ReadAction\",\"target\":[\"https:\\\/\\\/www.gmc-moto.ch\\\/de\\\/brauch-modelle\\\/\"]}]},{\"@type\":\"BreadcrumbList\",\"@id\":\"https:\\\/\\\/www.gmc-moto.ch\\\/de\\\/brauch-modelle\\\/#breadcrumb\",\"itemListElement\":[{\"@type\":\"ListItem\",\"position\":1,\"name\":\"Home\",\"item\":\"https:\\\/\\\/www.gmc-moto.ch\\\/de\\\/\"},{\"@type\":\"ListItem\",\"position\":2,\"name\":\"SONDEREDITIONEN\"}]},{\"@type\":\"WebSite\",\"@id\":\"https:\\\/\\\/www.gmc-moto.ch\\\/de\\\/#website\",\"url\":\"https:\\\/\\\/www.gmc-moto.ch\\\/de\\\/\",\"name\":\"Gen\u00e8ve Moto Center\",\"description\":\"Motos et Scooters neufs - Le plus grand showroom de suisse romande - Venez essayer nos mod\u00e8les - Atelier Motos Scooters - Centre Karcher\",\"publisher\":{\"@id\":\"https:\\\/\\\/www.gmc-moto.ch\\\/de\\\/#organization\"},\"alternateName\":\"GMC-Moto\",\"potentialAction\":[{\"@type\":\"SearchAction\",\"target\":{\"@type\":\"EntryPoint\",\"urlTemplate\":\"https:\\\/\\\/www.gmc-moto.ch\\\/de\\\/?s={search_term_string}\"},\"query-input\":{\"@type\":\"PropertyValueSpecification\",\"valueRequired\":true,\"valueName\":\"search_term_string\"}}],\"inLanguage\":\"de-DE\"},{\"@type\":\"Organization\",\"@id\":\"https:\\\/\\\/www.gmc-moto.ch\\\/de\\\/#organization\",\"name\":\"Gen\u00e8ve Moto Center SA\",\"alternateName\":\"GMC\",\"url\":\"https:\\\/\\\/www.gmc-moto.ch\\\/de\\\/\",\"logo\":{\"@type\":\"ImageObject\",\"inLanguage\":\"de-DE\",\"@id\":\"https:\\\/\\\/www.gmc-moto.ch\\\/de\\\/#\\\/schema\\\/logo\\\/image\\\/\",\"url\":\"https:\\\/\\\/www.gmc-moto.ch\\\/wp-content\\\/uploads\\\/2020\\\/08\\\/logo-emboss-s.png\",\"contentUrl\":\"https:\\\/\\\/www.gmc-moto.ch\\\/wp-content\\\/uploads\\\/2020\\\/08\\\/logo-emboss-s.png\",\"width\":80,\"height\":80,\"caption\":\"Gen\u00e8ve Moto Center SA\"},\"image\":{\"@id\":\"https:\\\/\\\/www.gmc-moto.ch\\\/de\\\/#\\\/schema\\\/logo\\\/image\\\/\"},\"sameAs\":[\"https:\\\/\\\/www.facebook.com\\\/suzukigeneve\\\/\",\"https:\\\/\\\/www.instagram.com\\\/genevemotocenter\\\/\"]}]}<\/script>\n<!-- \/ Yoast SEO plugin. -->","yoast_head_json":{"title":"SONDEREDITIONEN - Gen\u00e8ve Moto Center","description":"GMC pr\u00e4sentiert seine Erfolge! Dabei handelt es sich um Sonderserien und limitierte Editionen f\u00fcr mehrere Modelle des Sortiments.","robots":{"index":"index","follow":"follow","max-snippet":"max-snippet:-1","max-image-preview":"max-image-preview:large","max-video-preview":"max-video-preview:-1"},"canonical":"https:\/\/www.gmc-moto.ch\/de\/brauch-modelle\/","og_locale":"de_DE","og_type":"article","og_title":"SONDEREDITIONEN - Gen\u00e8ve Moto Center","og_description":"GMC pr\u00e4sentiert seine Erfolge! Dabei handelt es sich um Sonderserien und limitierte Editionen f\u00fcr mehrere Modelle des Sortiments.","og_url":"https:\/\/www.gmc-moto.ch\/de\/brauch-modelle\/","og_site_name":"Gen\u00e8ve Moto Center","article_publisher":"https:\/\/www.facebook.com\/suzukigeneve\/","article_modified_time":"2023-05-17T11:18:12+00:00","twitter_card":"summary_large_image","twitter_misc":{"Gesch\u00e4tzte Lesezeit":"1 Minute"},"schema":{"@context":"https:\/\/schema.org","@graph":[{"@type":"WebPage","@id":"https:\/\/www.gmc-moto.ch\/de\/brauch-modelle\/","url":"https:\/\/www.gmc-moto.ch\/de\/brauch-modelle\/","name":"SONDEREDITIONEN - Gen\u00e8ve Moto Center","isPartOf":{"@id":"https:\/\/www.gmc-moto.ch\/de\/#website"},"datePublished":"2018-06-14T13:29:17+00:00","dateModified":"2023-05-17T11:18:12+00:00","description":"GMC pr\u00e4sentiert seine Erfolge! Dabei handelt es sich um Sonderserien und limitierte Editionen f\u00fcr mehrere Modelle des Sortiments.","breadcrumb":{"@id":"https:\/\/www.gmc-moto.ch\/de\/brauch-modelle\/#breadcrumb"},"inLanguage":"de-DE","potentialAction":[{"@type":"ReadAction","target":["https:\/\/www.gmc-moto.ch\/de\/brauch-modelle\/"]}]},{"@type":"BreadcrumbList","@id":"https:\/\/www.gmc-moto.ch\/de\/brauch-modelle\/#breadcrumb","itemListElement":[{"@type":"ListItem","position":1,"name":"Home","item":"https:\/\/www.gmc-moto.ch\/de\/"},{"@type":"ListItem","position":2,"name":"SONDEREDITIONEN"}]},{"@type":"WebSite","@id":"https:\/\/www.gmc-moto.ch\/de\/#website","url":"https:\/\/www.gmc-moto.ch\/de\/","name":"Gen\u00e8ve Moto Center","description":"Motos et Scooters neufs - Le plus grand showroom de suisse romande - Venez essayer nos mod\u00e8les - Atelier Motos Scooters - Centre Karcher","publisher":{"@id":"https:\/\/www.gmc-moto.ch\/de\/#organization"},"alternateName":"GMC-Moto","potentialAction":[{"@type":"SearchAction","target":{"@type":"EntryPoint","urlTemplate":"https:\/\/www.gmc-moto.ch\/de\/?s={search_term_string}"},"query-input":{"@type":"PropertyValueSpecification","valueRequired":true,"valueName":"search_term_string"}}],"inLanguage":"de-DE"},{"@type":"Organization","@id":"https:\/\/www.gmc-moto.ch\/de\/#organization","name":"Gen\u00e8ve Moto Center SA","alternateName":"GMC","url":"https:\/\/www.gmc-moto.ch\/de\/","logo":{"@type":"ImageObject","inLanguage":"de-DE","@id":"https:\/\/www.gmc-moto.ch\/de\/#\/schema\/logo\/image\/","url":"https:\/\/www.gmc-moto.ch\/wp-content\/uploads\/2020\/08\/logo-emboss-s.png","contentUrl":"https:\/\/www.gmc-moto.ch\/wp-content\/uploads\/2020\/08\/logo-emboss-s.png","width":80,"height":80,"caption":"Gen\u00e8ve Moto Center SA"},"image":{"@id":"https:\/\/www.gmc-moto.ch\/de\/#\/schema\/logo\/image\/"},"sameAs":["https:\/\/www.facebook.com\/suzukigeneve\/","https:\/\/www.instagram.com\/genevemotocenter\/"]}]}},"_links":{"self":[{"href":"https:\/\/www.gmc-moto.ch\/de\/wp-json\/wp\/v2\/pages\/239687","targetHints":{"allow":["GET"]}}],"collection":[{"href":"https:\/\/www.gmc-moto.ch\/de\/wp-json\/wp\/v2\/pages"}],"about":[{"href":"https:\/\/www.gmc-moto.ch\/de\/wp-json\/wp\/v2\/types\/page"}],"author":[{"embeddable":true,"href":"https:\/\/www.gmc-moto.ch\/de\/wp-json\/wp\/v2\/users\/1"}],"replies":[{"embeddable":true,"href":"https:\/\/www.gmc-moto.ch\/de\/wp-json\/wp\/v2\/comments?post=239687"}],"version-history":[{"count":0,"href":"https:\/\/www.gmc-moto.ch\/de\/wp-json\/wp\/v2\/pages\/239687\/revisions"}],"wp:attachment":[{"href":"https:\/\/www.gmc-moto.ch\/de\/wp-json\/wp\/v2\/media?parent=239687"}],"curies":[{"name":"wp","href":"https:\/\/api.w.org\/{rel}","templated":true}]}}